{"id":1170,"date":"2021-04-04T06:12:36","date_gmt":"2021-04-04T06:12:36","guid":{"rendered":"https:\/\/sfashionaccessories.com\/?page_id=1170"},"modified":"2022-08-14T15:07:25","modified_gmt":"2022-08-14T06:07:25","slug":"termos-de-uso","status":"publish","type":"page","link":"https:\/\/sfashionaccessories.com\/?page_id=1170","title":{"rendered":"TERMOS DE USO"},"content":{"rendered":"\t\t<div data-elementor-type=\"wp-page\" data-elementor-id=\"1170\" class=\"elementor elementor-1170\" data-elementor-post-type=\"page\">\n\t\t\t\t<section class=\"elementor-section elementor-top-section elementor-element elementor-element-8b2289b elementor-section-boxed elementor-section-height-default elementor-section-height-default\" data-id=\"8b2289b\" data-element_type=\"section\" data-e-type=\"section\">\n\t\t\t\t\t\t<div class=\"elementor-container elementor-column-gap-default\">\n\t\t\t\t\t<div class=\"elementor-column elementor-col-100 elementor-top-column elementor-element elementor-element-2fece817\" data-id=\"2fece817\" data-element_type=\"column\" data-e-type=\"column\">\n\t\t\t<div class=\"elementor-widget-wrap elementor-element-populated\">\n\t\t\t\t\t\t<div class=\"elementor-element elementor-element-3dab3d30 elementor-widget elementor-widget-text-editor\" data-id=\"3dab3d30\" data-element_type=\"widget\" data-e-type=\"widget\" data-widget_type=\"text-editor.default\">\n\t\t\t\t<div class=\"elementor-widget-container\">\n\t\t\t\t\t\t\t\t\t<p><\/p>\n<p>Ao usar, acessar ou registrar-se como membro neste site, voc\u00ea concorda em ficar vinculado e, por meio deste, se tornar parte de todos os termos registrados aqui. Leia atentamente estes Termos de Uso.<\/p>\n<p><\/p>\n<p><\/p>\n<p>[1] SOBRE O PEDIDO<br \/>Os pedidos devem ser conduzidos pelo site, por meio da internet. A internet est\u00e1 dispon\u00edvel em vers\u00e3o PC e tamb\u00e9m em celulares.<\/p>\n<p><\/p>\n<p><\/p>\n<p>[2] SOBRE O PEDIDO E E-MAIL DE CONFIRMA\u00c7\u00c3O<br \/>Ap\u00f3s o pedido ser efetuado pelo site, um e-mail \u00e9 enviado automaticamente pelo sistema, informando o cliente. O (s) produto (s), dia e hora de entrega, dever\u00e3o ser confirmados pelos nossos operadores, dependendo das circunst\u00e2ncias o conte\u00fado poder\u00e1 ser alterado. O pedido alterado deve ser confirmado pelo cliente antes de enviar os produtos. A confirma\u00e7\u00e3o oficial da encomenda ser\u00e1 enviada pelos nossos operadores, em hor\u00e1rio comercial.<\/p>\n<p><\/p>\n<p><\/p>\n<p>[3] CONCLUS\u00c3O DA VENDA<br \/>A venda \u00e9 conclu\u00edda quando o cliente recebe os produtos.<\/p>\n<p><\/p>\n<p><\/p>\n<p>[4] CANCELAMENTO DO PEDIDO<br \/>Antes de confirmar o pedido, ele pode ser cancelado. Depois de receber a confirma\u00e7\u00e3o, n\u00e3o podemos cancelar. Pedidos estranhos, incompletos ou suspeitos podem ser cancelados sem aviso pr\u00e9vio.<\/p>\n<p><\/p>\n<p><\/p>\n<p>[5] CANCELAMENTO DE PRODUTOS<br \/>Depois de receber a encomenda, verificamos o estoque antes de confirmar a encomenda. Mesmo que o produto esteja no site para compra, existe a possibilidade de cancelamento, falta de estoque, erro de publica\u00e7\u00e3o ou defeitos.<\/p>\n<p><\/p>\n<p><\/p>\n<p>[6] SOBRE OS PRE\u00c7OS<br \/>Os pre\u00e7os s\u00e3o registrados na p\u00e1gina dos produtos, em ienes japoneses. O imposto est\u00e1 inclu\u00eddo.As promo\u00e7\u00f5es e pre\u00e7os promocionais s\u00e3o aplicadas somente as compras efetuadas no site,n\u00e3o se extendendo \u00e0s outras plataformas de vendas da S-fashion Accessories.<\/p>\n<p><\/p>\n<p><\/p>\n<p>[7] SOBRE O PAGAMENTO<br \/>O pagamento dever\u00e1 ser feito no momento da compra por cart\u00e3o de cr\u00e9dito, ou paypal\u00a0.<\/p>\n<p><\/p>\n<p><\/p>\n<p>[8] SOBRE A ENTREGA<br \/>A entrega \u00e9 poss\u00edvel para todo o territ\u00f3rio do Jap\u00e3o, por meio do japanpost(correios), ou sagawa express. N\u00e3o somos respons\u00e1veis por atrasos de entregadores. Em caso de danos na embalagem ou no produto ou devido ao transporte, a transportadora \u00e9 respons\u00e1vel, mas o aviso deve ser fornecido \u00e0 S-Fashion Clothes &amp; Accessories.<\/p>\n<p><\/p>\n<p><\/p>\n<p>[9] SOBRE O DIA E HORA DE ENTREGA<br \/>Os dias e hor\u00e1rios de entrega ficam expostos \u00e0 escolha do cliente no carrinho de compras. Os pedidos s\u00e3o enviados logo ap\u00f3s a confirma\u00e7\u00e3o. Ap\u00f3s o envio, os produtos s\u00e3o reservados pelo servi\u00e7o de entregas, aguardando o dia e a hora indicados. Ap\u00f3s o envio dos produtos n\u00e3o cancelamos, alteramos ou adicionamos itens.<\/p>\n<p><\/p>\n<p><\/p>\n<p>[10] RESERVAS<br \/>Podemos reservar os produtos at\u00e9 7 dias, ap\u00f3s confirma\u00e7\u00e3o do dia e hora de entrega. Para produtos reservados, escreva no formul\u00e1rio Mensagem. Ou contacte-nos por telefone, email ap\u00f3s a conclus\u00e3o da encomenda. Sem mensagem de reserva a encomenda ser\u00e1 enviada normalmente.<\/p>\n<p><\/p>\n<p><\/p>\n<p>[11] CANCELANDO PEDIDOS NO MOMENTO DE ENTREGA<br \/>No caso de cancelamento da encomenda no momento da entrega, as futuras encomendas s\u00f3 ser\u00e3o aceitas com o pagamento pr\u00e9vio do total, inclu\u00eddo o portes de envio da \u00faltima encomenda cancelada.<\/p>\n<p><\/p>\n<p><\/p>\n<p>[12] SOBRE MUDAN\u00c7AS E DEVOLU\u00c7\u00d5ES<br \/>Consulte as mudan\u00e7as e devolu\u00e7\u00f5es no menu principal.<\/p>\n<p><\/p>\n<p><\/p>\n<p>[13] CUPON DE DESCONTO<br \/>Voc\u00ea s\u00f3 pode usar um cupom de desconto por compra.<\/p>\n<p><\/p>\n<p><\/p>\n<p>[14] GARANTIAS, RESPONSABILIDADES E DANOS<br \/>S-Fashion Clothes &amp; Accessories n\u00e3o garante a descri\u00e7\u00e3o, produtos e materiais utilizados e oferecidos neste site, mesmo atualizados ou incompletos. A empresa n\u00e3o se responsabiliza por danos causados por eventuais erros ou erros do sistema.<\/p>\n<p><\/p>\n<p><\/p>\n<p>[15] LEGISLA\u00c7\u00c3O E F\u00d3RUM<br \/>Os itens deste Termo de Servi\u00e7o s\u00e3o regidos pelas leis japonesas em vigor.<\/p>\n<p><\/p>\t\t\t\t\t\t\t\t<\/div>\n\t\t\t\t<\/div>\n\t\t\t\t\t<\/div>\n\t\t<\/div>\n\t\t\t\t\t<\/div>\n\t\t<\/section>\t\t<\/div>\n\t\t","protected":false},"excerpt":{"rendered":"<p>Ao usar, acessar ou registrar-se como membro neste site, voc\u00ea concorda em ficar vinculado e, por meio deste, se tornar parte de todos os termos registrados aqui. Leia atentamente estes Termos de Uso. [1] SOBRE O PEDIDOOs pedidos devem ser conduzidos pelo site, por meio da internet. A internet est\u00e1 dispon\u00edvel em vers\u00e3o PC e [&hellip;]<\/p>\n","protected":false},"author":1,"featured_media":0,"parent":0,"menu_order":0,"comment_status":"closed","ping_status":"closed","template":"","meta":{"_kadence_starter_templates_imported_post":false,"footnotes":""},"class_list":["post-1170","page","type-page","status-publish","hentry"],"_links":{"self":[{"href":"https:\/\/sfashionaccessories.com\/index.php?rest_route=\/wp\/v2\/pages\/1170","targetHints":{"allow":["GET"]}}],"collection":[{"href":"https:\/\/sfashionaccessories.com\/index.php?rest_route=\/wp\/v2\/pages"}],"about":[{"href":"https:\/\/sfashionaccessories.com\/index.php?rest_route=\/wp\/v2\/types\/page"}],"author":[{"embeddable":true,"href":"https:\/\/sfashionaccessories.com\/index.php?rest_route=\/wp\/v2\/users\/1"}],"replies":[{"embeddable":true,"href":"https:\/\/sfashionaccessories.com\/index.php?rest_route=%2Fwp%2Fv2%2Fcomments&post=1170"}],"version-history":[{"count":17,"href":"https:\/\/sfashionaccessories.com\/index.php?rest_route=\/wp\/v2\/pages\/1170\/revisions"}],"predecessor-version":[{"id":5166,"href":"https:\/\/sfashionaccessories.com\/index.php?rest_route=\/wp\/v2\/pages\/1170\/revisions\/5166"}],"wp:attachment":[{"href":"https:\/\/sfashionaccessories.com\/index.php?rest_route=%2Fwp%2Fv2%2Fmedia&parent=1170"}],"curies":[{"name":"wp","href":"https:\/\/api.w.org\/{rel}","templated":true}]}}