{"id":2521,"date":"2022-05-06T19:02:36","date_gmt":"2022-05-06T10:02:36","guid":{"rendered":"https:\/\/sfashionaccessories.com\/?page_id=2521"},"modified":"2022-05-06T19:10:57","modified_gmt":"2022-05-06T10:10:57","slug":"reembolso_devolucoes","status":"publish","type":"page","link":"https:\/\/sfashionaccessories.com\/?page_id=2521","title":{"rendered":"Pol\u00edtica de reembolso e devolu\u00e7\u00f5es"},"content":{"rendered":"\t\t<div data-elementor-type=\"wp-page\" data-elementor-id=\"2521\" class=\"elementor elementor-2521\" data-elementor-post-type=\"page\">\n\t\t\t\t<section class=\"elementor-section elementor-top-section elementor-element elementor-element-60470b1b elementor-section-boxed elementor-section-height-default elementor-section-height-default\" data-id=\"60470b1b\" data-element_type=\"section\" data-e-type=\"section\">\n\t\t\t\t\t\t<div class=\"elementor-container elementor-column-gap-default\">\n\t\t\t\t\t<div class=\"elementor-column elementor-col-100 elementor-top-column elementor-element elementor-element-6d6ec61b\" data-id=\"6d6ec61b\" data-element_type=\"column\" data-e-type=\"column\">\n\t\t\t<div class=\"elementor-widget-wrap elementor-element-populated\">\n\t\t\t\t\t\t<div class=\"elementor-element elementor-element-35294841 elementor-widget elementor-widget-text-editor\" data-id=\"35294841\" data-element_type=\"widget\" data-e-type=\"widget\" data-widget_type=\"text-editor.default\">\n\t\t\t\t<div class=\"elementor-widget-container\"><p>Nossa pol\u00edtica de reembolso e devolu\u00e7\u00f5es dura 7 dias. Se 7 dias se passarem desde a sua compra, n\u00e3o podemos oferecer um reembolso total ou troca.<\/p>\n<p>Para ser eleg\u00edvel para uma devolu\u00e7\u00e3o, seu item deve estar sem uso e nas mesmas condi\u00e7\u00f5es em que voc\u00ea o recebeu. Tamb\u00e9m deve estar na embalagem original.<\/p>\n<p>Para concluir sua devolu\u00e7\u00e3o, exigimos um recibo ou comprovante de compra.<\/p>\n<p>Por favor, n\u00e3o envie sua compra de volta ao fabricante.<\/p>\n<p>Existem algumas situa\u00e7\u00f5es em que apenas s\u00e3o concedidos reembolsos parciais:<\/p>\n<p>Qualquer item que n\u00e3o esteja em sua condi\u00e7\u00e3o original, est\u00e1 danificado ou faltando pe\u00e7as por motivos que n\u00e3o sejam devidos a nosso erro.<\/p>\n<p>Qualquer item devolvido mais de 30 dias ap\u00f3s a entrega.<\/p>\n<p><span>Assim que sua devolu\u00e7\u00e3o for recebida e inspecionada, entraremos em contato para notific\u00e1-lo de que recebemos seu item devolvido. <\/span><span>Tamb\u00e9m o notificaremos da aprova\u00e7\u00e3o ou rejei\u00e7\u00e3o do seu reembolso.<\/span><\/p>\n<p>Se voc\u00ea for aprovado, seu reembolso ser\u00e1 processado e um cr\u00e9dito ser\u00e1 aplicado automaticamente ao seu cart\u00e3o de cr\u00e9dito ou m\u00e9todo de pagamento original, dentro de um determinado per\u00edodo de dias.<\/p>\n<p><b><span>Reembolsos atrasados \u200b\u200bou ausentes<\/span><\/b><\/p>\n<p>Se voc\u00ea ainda n\u00e3o recebeu um reembolso, primeiro verifique sua conta banc\u00e1ria novamente.<\/p>\n<p>Em seguida, entre em contato com sua empresa de cart\u00e3o de cr\u00e9dito, pode levar algum tempo at\u00e9 que seu reembolso seja oficialmente lan\u00e7ado.<\/p>\n<p><span>Em seguida, entre em contato com seu banco. <\/span><span>Muitas vezes, h\u00e1 algum tempo de processamento antes que um reembolso seja publicado.<\/span><\/p>\n<p>Se voc\u00ea fez tudo isso e ainda n\u00e3o recebeu seu reembolso, entre em contato conosco.<\/p>\n<p><b><span>Itens com desconto<\/span><\/b><\/p>\n<p><span>Apenas itens com pre\u00e7o normal podem ser reembolsados. <\/span><span>Os itens com desconto n\u00e3o podem ser reembolsados.<\/span><\/p>\n<p><span>S\u00f3 substitu\u00edmos itens se estiverem com defeito ou danificados. <\/span><span>Se voc\u00ea precisar troc\u00e1-lo pelo mesmo item, envie-nos um e-mail ou entre em contato por qualquer outro meio de comunica\u00e7\u00e3o e envie seu item para o nosso endere\u00e7o.<\/span><\/p>\n<p>Para devolver seu produto, voc\u00ea deve enviar seu produto para o nosso endere\u00e7o.<\/p>\n<p><span>Voc\u00ea ser\u00e1 respons\u00e1vel por pagar seus pr\u00f3prios custos de envio para devolver seu item. <\/span><span>Os custos de envio n\u00e3o s\u00e3o reembols\u00e1veis. <\/span><span>Se voc\u00ea receber um reembolso, o custo do frete de devolu\u00e7\u00e3o ser\u00e1 deduzido do seu reembolso.<\/span><\/p>\n<p>Dependendo de onde voc\u00ea mora, o tempo que pode levar para o produto trocado chegar at\u00e9 voc\u00ea pode variar.<\/p>\n<p><span>Se voc\u00ea estiver devolvendo itens mais caros, considere usar um servi\u00e7o de remessa rastre\u00e1vel ou adquirir um seguro de remessa. <\/span><span>N\u00e3o garantimos que receberemos seu item devolvido.<\/span><\/p>\n<p>Contacte-nos para quest\u00f5es relacionadas com reembolsos e devolu\u00e7\u00f5es.<\/p><\/div>\n\t\t\t\t<\/div>\n\t\t\t\t\t<\/div>\n\t\t<\/div>\n\t\t\t\t\t<\/div>\n\t\t<\/section>\t\t<\/div>\n\t\t","protected":false},"excerpt":{"rendered":"<p>Nossa pol\u00edtica de reembolso e devolu\u00e7\u00f5es dura 7 dias. Se 7 dias se passarem desde a sua compra, n\u00e3o podemos oferecer um reembolso total ou troca. Para ser eleg\u00edvel para uma devolu\u00e7\u00e3o, seu item deve estar sem uso e nas mesmas condi\u00e7\u00f5es em que voc\u00ea o recebeu. Tamb\u00e9m deve estar na embalagem original. Para concluir [&hellip;]<\/p>\n","protected":false},"author":1,"featured_media":0,"parent":0,"menu_order":0,"comment_status":"closed","ping_status":"closed","template":"","meta":{"_kadence_starter_templates_imported_post":false,"footnotes":""},"class_list":["post-2521","page","type-page","status-publish","hentry"],"_links":{"self":[{"href":"https:\/\/sfashionaccessories.com\/index.php?rest_route=\/wp\/v2\/pages\/2521","targetHints":{"allow":["GET"]}}],"collection":[{"href":"https:\/\/sfashionaccessories.com\/index.php?rest_route=\/wp\/v2\/pages"}],"about":[{"href":"https:\/\/sfashionaccessories.com\/index.php?rest_route=\/wp\/v2\/types\/page"}],"author":[{"embeddable":true,"href":"https:\/\/sfashionaccessories.com\/index.php?rest_route=\/wp\/v2\/users\/1"}],"replies":[{"embeddable":true,"href":"https:\/\/sfashionaccessories.com\/index.php?rest_route=%2Fwp%2Fv2%2Fcomments&post=2521"}],"version-history":[{"count":3,"href":"https:\/\/sfashionaccessories.com\/index.php?rest_route=\/wp\/v2\/pages\/2521\/revisions"}],"predecessor-version":[{"id":3782,"href":"https:\/\/sfashionaccessories.com\/index.php?rest_route=\/wp\/v2\/pages\/2521\/revisions\/3782"}],"wp:attachment":[{"href":"https:\/\/sfashionaccessories.com\/index.php?rest_route=%2Fwp%2Fv2%2Fmedia&parent=2521"}],"curies":[{"name":"wp","href":"https:\/\/api.w.org\/{rel}","templated":true}]}}