{"id":5,"date":"2021-04-04T03:09:52","date_gmt":"2021-04-04T03:09:52","guid":{"rendered":"https:\/\/sfashionaccessories.com\/?page_id=3"},"modified":"2022-04-22T23:27:06","modified_gmt":"2022-04-22T14:27:06","slug":"politica-privacidade","status":"publish","type":"page","link":"https:\/\/sfashionaccessories.com\/?page_id=5","title":{"rendered":"Pol\u00edtica de Privacidade"},"content":{"rendered":"<p>Este site pertence e \u00e9 operado pela <strong>S-Fashion Clothes &amp; Accessories<\/strong>. A <strong>S-Fashion Clothes &amp; Accessories<\/strong> est\u00e1 empenhada em proteger sua privacidade, enquanto permite que voc\u00ea use suas instala\u00e7\u00f5es interativas.<\/p><p>O acesso a este site est\u00e1 condicionado \u00e0 aceita\u00e7\u00e3o dos termos desta Pol\u00edtica de Privacidade. Ao usar este site, voc\u00ea est\u00e1 dando seu consentimento e concordando com a coleta de suas informa\u00e7\u00f5es pessoais de acordo com esta Pol\u00edtica de Privacidade.<\/p><p>A <strong>S-Fashion Clothes &amp; Accessories<\/strong>deseja que voc\u00ea tenha muita satisfa\u00e7\u00e3o em visitar nosso site e saber que sua confian\u00e7a nas informa\u00e7\u00f5es fornecidas est\u00e1 segura.<\/p><p>Poder\u00e3o ser solicitadas informa\u00e7\u00f5es pessoais em qualquer ponto deste site para comprovar a sua identidade e garantir a sua participa\u00e7\u00e3o nas vendas e na nossa newsletter.<\/p><p>Todas as informa\u00e7\u00f5es fornecidas ser\u00e3o seguras e ser\u00e3o utilizadas exclusivamente para a sua identifica\u00e7\u00e3o, entrega dos seus produtos, envio da newsletter e confirma\u00e7\u00e3o da recep\u00e7\u00e3o das encomendas.<\/p><p>[1] COLETA E USO DE SUAS INFORMA\u00c7\u00d5ES PESSOAIS<br>Suas informa\u00e7\u00f5es pessoais s\u00e3o coletadas pela <strong>S-Fashion Clothes &amp; Accessories<\/strong> somente quando voc\u00ea fornece tais informa\u00e7\u00f5es. Essas informa\u00e7\u00f5es pessoais podem incluir seu nome, endere\u00e7o, n\u00famero de telefone, endere\u00e7o de e-mail, idade, emprego e sexo.<br>AMORA coleta essas informa\u00e7\u00f5es pessoais para os seguintes fins:<br>(a) para fornecer a voc\u00ea uma variedade de servi\u00e7os personalizados que n\u00e3o est\u00e3o dispon\u00edveis para usu\u00e1rios an\u00f4nimos, e (b) para fornecer informa\u00e7\u00f5es do Boletim informativo <strong>S-Fashion Clothes &amp; Accessories<\/strong>.<br>Voc\u00ea n\u00e3o \u00e9 obrigado a fornecer suas informa\u00e7\u00f5es pessoais \u00e0 <strong>S-Fashion Clothes &amp; Accessories<\/strong>. No entanto, se voc\u00ea optar por n\u00e3o fornecer suas informa\u00e7\u00f5es pessoais ao <strong>S-Fashion Clothes &amp; Accessories<\/strong>, voc\u00ea n\u00e3o poder\u00e1 acessar as instala\u00e7\u00f5es interativas no site do <strong>S-Fashion Clothes &amp; Accessories<\/strong>. Al\u00e9m disso, \u00e9 obrigat\u00f3rio fazer o pedido, sem a sua entrega de dados pessoais n\u00e3o \u00e9 poss\u00edvel.<\/p><p>[2] DIVULGA\u00c7\u00c3O DE SUAS INFORMA\u00c7\u00d5ES PESSOAIS<br><strong>S-Fashion Clothes &amp; Accessories<\/strong> n\u00e3o divulgar\u00e1 suas informa\u00e7\u00f5es pessoais para fins diferentes dos descritos na Cl\u00e1usula 1 desta Pol\u00edtica de Privacidade, exceto nas seguintes circunst\u00e2ncias:<br>(a) Onde a divulga\u00e7\u00e3o de suas informa\u00e7\u00f5es pessoais for exigida por lei; e<br>(b) Se a <strong>S-Fashion Clothes &amp; Accessories<\/strong> suspeitar que seu uso do Site viola esta Pol\u00edtica de Privacidade.<\/p><p>[3] SEGURAN\u00c7A DE SUAS INFORMA\u00c7\u00d5ES PESSOAIS<br><strong>S-Fashion Clothes &amp; Accessories<\/strong> tomar\u00e1 medidas razo\u00e1veis \u200b\u200bpara manter seguras as informa\u00e7\u00f5es que mant\u00e9m sobre voc\u00ea. No entanto, devido ao risco inerente \u00e0 transmiss\u00e3o de informa\u00e7\u00f5es pela internet, a <strong>S-Fashion Clothes &amp; Accessories<\/strong> n\u00e3o pode garantir que suas informa\u00e7\u00f5es pessoais estar\u00e3o sempre seguras.<br>A <strong>S-Fashion Clothes &amp; Accessories<\/strong> e seus colaboradores s\u00e3o obrigados a respeitar a confidencialidade de suas informa\u00e7\u00f5es.<br>Todas as p\u00e1ginas que coletam informa\u00e7\u00f5es como contato, pedido, mudan\u00e7a e devolu\u00e7\u00e3o, bbs, s\u00e3o p\u00e1ginas criptogr\u00e1ficas, certifique-se de que essas p\u00e1ginas come\u00e7am com https: \/\/, e o bloqueio de identifica\u00e7\u00e3o SSL \u00e9 mostrado no canto do seu navegador.<br>Se estiver a utilizar um computador p\u00fablico, como um cibercaf\u00e9, ou a partilhar algum equipamento com outras pessoas, recomendamos que desligue e feche a janela do seu navegador quando terminar o trabalho, para garantir a privacidade dos seus dados pessoais.<\/p><p>[4] ENVIANDO E-MAILS<br>A <strong>S-Fashion Clothes &amp; Accessories<\/strong> envia newsletters com novidades e informa\u00e7\u00f5es de vendas somente a pedido de clientes cadastrados atrav\u00e9s do site. A newsletter pode ser cancelada pelos clientes cadastrados a qualquer momento atrav\u00e9s da mesma p\u00e1gina web.<\/p><p>[5] COOKIES E ENDERE\u00c7O \u200b\u200bIP<br>Cookies s\u00e3o um arquivo com um texto especial de site que pode ser enviado para o seu software navegador e s\u00f3 pode ser lido pelo site do remetente. Os cookies permitem que o site personalize as informa\u00e7\u00f5es para voc\u00ea, com base nas prefer\u00eancias do navegador.<br><strong>S-Fashion Clothes &amp; Accessories<\/strong> utiliza cookies para implementar os recursos necess\u00e1rios ao carrinho de compras. Se voc\u00ea cancelar os cookies em seu navegador, poder\u00e1 acessar nosso site normalmente, caso contr\u00e1rio, ser\u00e1 necess\u00e1rio preencher seus dados pessoais ao comprar nossos produtos.<br><strong>S-Fashion Clothes &amp; Accessories<\/strong> tamb\u00e9m pode utilizar cookies para rastrear suas visitas em nosso site, sabendo onde est\u00e3o os lugares que precisam ser melhores, desejando um melhor atendimento para nossos clientes.<br>Embora nossos servidores possam registrar automaticamente o seu endere\u00e7o IP, essas informa\u00e7\u00f5es podem n\u00e3o identific\u00e1-lo pessoalmente e voc\u00ea continua a ser an\u00f4nimo, exceto quando voc\u00ea est\u00e1 comprando ou enviando uma mensagem por BBS ou Contato, nestes casos, seu endere\u00e7o IP \u00e9 registrado como uma garantia, mas logo \u00e9 apagado assim que o processo \u00e9 conclu\u00eddo.<\/p><p>[6] PROCEDIMENTO PARA RECLAMA\u00c7\u00d5ES<br>Se voc\u00ea tiver alguma d\u00favida quanto ao uso de seus dados pessoais pela <strong>S-Fashion Clothes &amp; Accessories<\/strong> , entre em contato com a <strong>S-Fashion Clothes &amp; Accessories<\/strong>.<\/p><p>[7] ISEN\u00c7\u00c3O DE RESPONSABILIDADE EM RELA\u00c7\u00c3O A SITES VINCULADOS<br>Esta Pol\u00edtica de Privacidade se aplica apenas ao site da <strong>S-Fashion Clothes &amp; Accessories<\/strong> e n\u00e3o a quaisquer sites vinculados ao site da <strong>S-Fashion Clothes &amp; Accessories<\/strong>. Voc\u00ea reconhece que <strong>S-Fashion Clothes &amp; Accessories<\/strong> n\u00e3o tem controle sobre os sites vinculados e <strong>S-Fashion Clothes &amp; Accessories<\/strong> n\u00e3o aceita responsabilidade pela conduta das empresas vinculadas a seu site. <strong>S-Fashion Clothes &amp; Accessories<\/strong> recomenda que voc\u00ea consulte a Pol\u00edtica de Privacidade contida em cada um dos sites vinculados.<\/p><p>[8] REVIS\u00c3O CONT\u00cdNUA<br><strong>S-Fashion Clothes &amp; Accessories<\/strong> revisar\u00e1 continuamente nossa Pol\u00edtica de Privacidade para garantir que sua privacidade seja protegida. AMORA sugere que voc\u00ea reveja sua Pol\u00edtica de Privacidade de tempos em tempos para ver se foram feitas altera\u00e7\u00f5es na Pol\u00edtica de Privacidade. Se voc\u00ea continuar a usar o site <strong>S-Fashion Clothes &amp; Accessories<\/strong> ap\u00f3s as altera\u00e7\u00f5es terem sido feitas \u00e0 Pol\u00edtica de Privacidade, suas a\u00e7\u00f5es ser\u00e3o tomadas para constituir a sua aceita\u00e7\u00e3o das altera\u00e7\u00f5es.<\/p><p>[9] OUTRAS INFORMA\u00c7\u00d5ES<br>Se voc\u00ea tiver alguma d\u00favida sobre esta Pol\u00edtica de Privacidade, entre em contato conosco atrav\u00e9s do Centro de Atendimento ao Cliente <strong>S-Fashion Clothes &amp; Accessories<\/strong>.<\/p>","protected":false},"excerpt":{"rendered":"<p>Este site pertence e \u00e9 operado pela S-Fashion Clothes &amp; Accessories. A S-Fashion Clothes &amp; Accessories est\u00e1 empenhada em proteger sua privacidade, enquanto permite que voc\u00ea use suas instala\u00e7\u00f5es interativas. O acesso a este site est\u00e1 condicionado \u00e0 aceita\u00e7\u00e3o dos termos desta Pol\u00edtica de Privacidade. Ao usar este site, voc\u00ea est\u00e1 dando seu consentimento e [&hellip;]<\/p>\n","protected":false},"author":1,"featured_media":0,"parent":0,"menu_order":0,"comment_status":"closed","ping_status":"open","template":"","meta":{"_kadence_starter_templates_imported_post":false,"footnotes":""},"class_list":["post-5","page","type-page","status-publish","hentry"],"_links":{"self":[{"href":"https:\/\/sfashionaccessories.com\/index.php?rest_route=\/wp\/v2\/pages\/5","targetHints":{"allow":["GET"]}}],"collection":[{"href":"https:\/\/sfashionaccessories.com\/index.php?rest_route=\/wp\/v2\/pages"}],"about":[{"href":"https:\/\/sfashionaccessories.com\/index.php?rest_route=\/wp\/v2\/types\/page"}],"author":[{"embeddable":true,"href":"https:\/\/sfashionaccessories.com\/index.php?rest_route=\/wp\/v2\/users\/1"}],"replies":[{"embeddable":true,"href":"https:\/\/sfashionaccessories.com\/index.php?rest_route=%2Fwp%2Fv2%2Fcomments&post=5"}],"version-history":[{"count":2,"href":"https:\/\/sfashionaccessories.com\/index.php?rest_route=\/wp\/v2\/pages\/5\/revisions"}],"predecessor-version":[{"id":3391,"href":"https:\/\/sfashionaccessories.com\/index.php?rest_route=\/wp\/v2\/pages\/5\/revisions\/3391"}],"wp:attachment":[{"href":"https:\/\/sfashionaccessories.com\/index.php?rest_route=%2Fwp%2Fv2%2Fmedia&parent=5"}],"curies":[{"name":"wp","href":"https:\/\/api.w.org\/{rel}","templated":true}]}}