{"id":10473,"date":"2026-02-04T11:30:04","date_gmt":"2026-02-04T02:30:04","guid":{"rendered":"https:\/\/sfashionaccessories.com\/?post_type=product&#038;p=10473"},"modified":"2026-02-08T18:05:43","modified_gmt":"2026-02-08T09:05:43","slug":"calca-jogging-sawary","status":"publish","type":"product","link":"https:\/\/sfashionaccessories.com\/?product=calca-jogging-sawary","title":{"rendered":"Cal\u00e7a Jogging Sawary"},"content":{"rendered":"<p>Cal\u00e7a confeccionada em sarja, modelagem jogger com el\u00e1stico na barra da perna, a cal\u00e7a jogger \u00e9 mais larguinha e super confort\u00e1vel.<\/p>\n<ul>\n<li>Cintura alta<\/li>\n<li>Fechamento com bot\u00e3o e z\u00edper<\/li>\n<li>Bolsos frontais e bolsos cargo funcionais<\/li>\n<li>Modelagem: Jogger<\/li>\n<li>Tecido: Sarja<\/li>\n<li>Tipo de lavagem: Color<\/li>\n<\/ul>\n","protected":false},"excerpt":{"rendered":"<p>Cal\u00e7a confeccionada em sarja, modelagem jogger com el\u00e1stico na barra da perna, a cal\u00e7a jogger \u00e9 mais larguinha e super confort\u00e1vel. Cintura alta Fechamento com bot\u00e3o e z\u00edper Bolsos frontais e bolsos cargo funcionais Modelagem: Jogger Tecido: Sarja Tipo de lavagem: Color<\/p>\n","protected":false},"featured_media":10474,"comment_status":"open","ping_status":"closed","template":"","meta":{"_kadence_starter_templates_imported_post":false},"product_brand":[],"product_cat":[504,508,293,527,499,254,259],"product_tag":[242,470,395,134,256],"class_list":{"0":"post-10473","1":"product","2":"type-product","3":"status-publish","4":"has-post-thumbnail","6":"product_cat-calca-jeans-feminina","7":"product_cat-calcas-femininas","8":"product_cat-feminino","9":"product_cat-jeans","10":"product_cat-medidas-calcas-e-shorts-feminino-sawary","11":"product_cat-promocoes-descontos","12":"product_cat-sawary","13":"product_tag-calcas-femininas","14":"product_tag-calcas-jeans","15":"product_tag-feminino","16":"product_tag-jeans","17":"product_tag-sawary","19":"first","20":"instock","21":"sale","22":"shipping-taxable","23":"purchasable","24":"product-type-variable"},"_links":{"self":[{"href":"https:\/\/sfashionaccessories.com\/index.php?rest_route=\/wp\/v2\/product\/10473","targetHints":{"allow":["GET"]}}],"collection":[{"href":"https:\/\/sfashionaccessories.com\/index.php?rest_route=\/wp\/v2\/product"}],"about":[{"href":"https:\/\/sfashionaccessories.com\/index.php?rest_route=\/wp\/v2\/types\/product"}],"replies":[{"embeddable":true,"href":"https:\/\/sfashionaccessories.com\/index.php?rest_route=%2Fwp%2Fv2%2Fcomments&post=10473"}],"wp:featuredmedia":[{"embeddable":true,"href":"https:\/\/sfashionaccessories.com\/index.php?rest_route=\/wp\/v2\/media\/10474"}],"wp:attachment":[{"href":"https:\/\/sfashionaccessories.com\/index.php?rest_route=%2Fwp%2Fv2%2Fmedia&parent=10473"}],"wp:term":[{"taxonomy":"product_brand","embeddable":true,"href":"https:\/\/sfashionaccessories.com\/index.php?rest_route=%2Fwp%2Fv2%2Fproduct_brand&post=10473"},{"taxonomy":"product_cat","embeddable":true,"href":"https:\/\/sfashionaccessories.com\/index.php?rest_route=%2Fwp%2Fv2%2Fproduct_cat&post=10473"},{"taxonomy":"product_tag","embeddable":true,"href":"https:\/\/sfashionaccessories.com\/index.php?rest_route=%2Fwp%2Fv2%2Fproduct_tag&post=10473"}],"curies":[{"name":"wp","href":"https:\/\/api.w.org\/{rel}","templated":true}]}}