{"id":10667,"date":"2023-05-03T13:38:40","date_gmt":"2023-05-03T04:38:40","guid":{"rendered":"https:\/\/sfashionaccessories.com\/?post_type=product&#038;p=10667"},"modified":"2026-04-17T17:03:44","modified_gmt":"2026-04-17T08:03:44","slug":"desodorante-antitranspirante-roll-on-aclarar-70-ml","status":"publish","type":"product","link":"https:\/\/sfashionaccessories.com\/?product=desodorante-antitranspirante-roll-on-aclarar-70-ml","title":{"rendered":"Natura Desodorante Antitranspirante Roll-on Tododia Pele Uniforme"},"content":{"rendered":"<div class=\"relative flex\">\n<div class=\"flex gap-2 items-center\">\n<p><strong>Natura desodorante antitranspirante rollon pele uniforme protege, hidrata e acolhe todos os tons de pele.<\/strong><\/p>\n<\/div>\n<\/div>\n<div class=\"relative flex\">\n<div class=\"flex gap-2 items-center\">\n<p><strong>\u2022<\/strong>\u00a0alta prote\u00e7\u00e3o por at\u00e9\u00a0<strong>72 horas<\/strong><\/p>\n<p><strong>\u2022<\/strong>\u00a0pele mais uniforme*<\/p>\n<p><strong>\u2022<\/strong>\u00a0complexo hidratante com\u00a0<strong>vitamina E e extrato de cal\u00eandula<\/strong>\u00a0que ajudam na recupera\u00e7\u00e3o da pele<\/p>\n<p><strong>\u2022<\/strong>\u00a0at\u00e9 3 vezes mais prote\u00e7\u00e3o contra o ressecamento<\/p>\n<p><strong>\u2022<\/strong>\u00a0at\u00e9 5 vezes mais prote\u00e7\u00e3o contra irrita\u00e7\u00e3o ap\u00f3s a depila\u00e7\u00e3o<\/p>\n<p><strong>\u2022 a\u00e7\u00e3o prebi\u00f3tica<\/strong>\u00a0que fortalece a microbiota e controla as bact\u00e9rias causadoras do mau odor<\/p>\n<p><strong>\u2022<\/strong>\u00a0tecnologia invis\u00edvel que\u00a0<strong>n\u00e3o mancha roupas<\/strong>\u00a0claras e escuras<\/p>\n<p><strong>\u2022<\/strong>\u00a0fragr\u00e2ncia de sucesso que voc\u00ea j\u00e1 conhece: delicada e harmoniosa com\u00a0<strong>notas florais<\/strong>.<\/p>\n<p>&nbsp;<\/p>\n<p>*100% dos participantes apresentaram melhora na homogeneiza\u00e7\u00e3o das axilas. resultados clinicamente comprovados.<\/p>\n<\/div>\n<\/div>\n","protected":false},"excerpt":{"rendered":"<p>Natura desodorante antitranspirante rollon pele uniforme protege, hidrata e acolhe todos os tons de pele. \u2022\u00a0alta prote\u00e7\u00e3o por at\u00e9\u00a072 horas \u2022\u00a0pele mais uniforme* \u2022\u00a0complexo hidratante com\u00a0vitamina E e extrato de cal\u00eandula\u00a0que ajudam na recupera\u00e7\u00e3o da pele \u2022\u00a0at\u00e9 3 vezes mais prote\u00e7\u00e3o contra o ressecamento \u2022\u00a0at\u00e9 5 vezes mais prote\u00e7\u00e3o contra irrita\u00e7\u00e3o ap\u00f3s a depila\u00e7\u00e3o \u2022 [&hellip;]<\/p>\n","protected":false},"featured_media":24970,"comment_status":"open","ping_status":"closed","template":"","meta":{"_kadence_starter_templates_imported_post":false},"product_brand":[],"product_cat":[206,276,278,203],"product_tag":[272,239,502,234],"class_list":{"0":"post-10667","1":"product","2":"type-product","3":"status-publish","4":"has-post-thumbnail","6":"product_cat-cosmeticos-cremes-hidradantesperfumes","7":"product_cat-desodorante","8":"product_cat-desodorante-feminino","9":"product_cat-natura-creme-oleo-sabonete-perfume","10":"product_tag-cosmeticos","11":"product_tag-desodorante","12":"product_tag-desodorante-feminino","13":"product_tag-natura","15":"first","16":"instock","17":"shipping-taxable","18":"purchasable","19":"product-type-simple"},"_links":{"self":[{"href":"https:\/\/sfashionaccessories.com\/index.php?rest_route=\/wp\/v2\/product\/10667","targetHints":{"allow":["GET"]}}],"collection":[{"href":"https:\/\/sfashionaccessories.com\/index.php?rest_route=\/wp\/v2\/product"}],"about":[{"href":"https:\/\/sfashionaccessories.com\/index.php?rest_route=\/wp\/v2\/types\/product"}],"replies":[{"embeddable":true,"href":"https:\/\/sfashionaccessories.com\/index.php?rest_route=%2Fwp%2Fv2%2Fcomments&post=10667"}],"wp:featuredmedia":[{"embeddable":true,"href":"https:\/\/sfashionaccessories.com\/index.php?rest_route=\/wp\/v2\/media\/24970"}],"wp:attachment":[{"href":"https:\/\/sfashionaccessories.com\/index.php?rest_route=%2Fwp%2Fv2%2Fmedia&parent=10667"}],"wp:term":[{"taxonomy":"product_brand","embeddable":true,"href":"https:\/\/sfashionaccessories.com\/index.php?rest_route=%2Fwp%2Fv2%2Fproduct_brand&post=10667"},{"taxonomy":"product_cat","embeddable":true,"href":"https:\/\/sfashionaccessories.com\/index.php?rest_route=%2Fwp%2Fv2%2Fproduct_cat&post=10667"},{"taxonomy":"product_tag","embeddable":true,"href":"https:\/\/sfashionaccessories.com\/index.php?rest_route=%2Fwp%2Fv2%2Fproduct_tag&post=10667"}],"curies":[{"name":"wp","href":"https:\/\/api.w.org\/{rel}","templated":true}]}}