{"id":10712,"date":"2025-08-09T14:57:26","date_gmt":"2025-08-09T05:57:26","guid":{"rendered":"https:\/\/sfashionaccessories.com\/?post_type=product&#038;p=10712"},"modified":"2026-01-25T11:14:43","modified_gmt":"2026-01-25T02:14:43","slug":"desodorante-body-spray-egeo-blue","status":"publish","type":"product","link":"https:\/\/sfashionaccessories.com\/?product=desodorante-body-spray-egeo-blue","title":{"rendered":"Desodorante Body Spray Egeo Blue"},"content":{"rendered":"<div class=\"product-description-name\">Desodorante Body Spray Egeo Blue, 100 ml<\/div>\n<div class=\"product-description-content reset-allow-bold\">Para curtir a noite inteira com voc\u00ea, Egeo Desodorante Body Spray Blue traz uma fragr\u00e2ncia oriental amadeirada, deliciosa e viciante, que instiga a sensualidade, irrever\u00eancia e muita sofistica\u00e7\u00e3o. Com ela, \u00e9 inevit\u00e1vel a vontade de chegar mais perto. O body spray \u00e9 formulado com uma mistura instigante de ingredientes para desfrutar de um aroma \u00fanico durante o dia todo. As notas de sa\u00edda trazem o c\u00edtrico da bergamota e do lim\u00e3o com o picante da pimenta preta, a\u00e7afr\u00e3o e gengibre, que logo d\u00e3o espa\u00e7o \u00e0s notas de corpo com cardamomo, ger\u00e2nio e malte e finalizam com um fundo rico em cashmeran, patchouli, vetiver e baunilha.<\/div>\n","protected":false},"excerpt":{"rendered":"<p>Desodorante Body Spray Egeo Blue, 100 ml Para curtir a noite inteira com voc\u00ea, Egeo Desodorante Body Spray Blue traz uma fragr\u00e2ncia oriental amadeirada, deliciosa e viciante, que instiga a sensualidade, irrever\u00eancia e muita sofistica\u00e7\u00e3o. Com ela, \u00e9 inevit\u00e1vel a vontade de chegar mais perto. O body spray \u00e9 formulado com uma mistura instigante de [&hellip;]<\/p>\n","protected":false},"featured_media":10709,"comment_status":"open","ping_status":"closed","template":"","meta":{"_kadence_starter_templates_imported_post":false},"product_brand":[],"product_cat":[206,276,282],"product_tag":[272,239,284],"class_list":{"0":"post-10712","1":"product","2":"type-product","3":"status-publish","4":"has-post-thumbnail","6":"product_cat-cosmeticos-cremes-hidradantesperfumes","7":"product_cat-desodorante","8":"product_cat-o-boticario","9":"product_tag-cosmeticos","10":"product_tag-desodorante","11":"product_tag-o-boticario","13":"first","14":"instock","15":"sale","16":"shipping-taxable","17":"purchasable","18":"product-type-simple"},"_links":{"self":[{"href":"https:\/\/sfashionaccessories.com\/index.php?rest_route=\/wp\/v2\/product\/10712","targetHints":{"allow":["GET"]}}],"collection":[{"href":"https:\/\/sfashionaccessories.com\/index.php?rest_route=\/wp\/v2\/product"}],"about":[{"href":"https:\/\/sfashionaccessories.com\/index.php?rest_route=\/wp\/v2\/types\/product"}],"replies":[{"embeddable":true,"href":"https:\/\/sfashionaccessories.com\/index.php?rest_route=%2Fwp%2Fv2%2Fcomments&post=10712"}],"wp:featuredmedia":[{"embeddable":true,"href":"https:\/\/sfashionaccessories.com\/index.php?rest_route=\/wp\/v2\/media\/10709"}],"wp:attachment":[{"href":"https:\/\/sfashionaccessories.com\/index.php?rest_route=%2Fwp%2Fv2%2Fmedia&parent=10712"}],"wp:term":[{"taxonomy":"product_brand","embeddable":true,"href":"https:\/\/sfashionaccessories.com\/index.php?rest_route=%2Fwp%2Fv2%2Fproduct_brand&post=10712"},{"taxonomy":"product_cat","embeddable":true,"href":"https:\/\/sfashionaccessories.com\/index.php?rest_route=%2Fwp%2Fv2%2Fproduct_cat&post=10712"},{"taxonomy":"product_tag","embeddable":true,"href":"https:\/\/sfashionaccessories.com\/index.php?rest_route=%2Fwp%2Fv2%2Fproduct_tag&post=10712"}],"curies":[{"name":"wp","href":"https:\/\/api.w.org\/{rel}","templated":true}]}}