{"id":11404,"date":"2024-10-01T17:33:41","date_gmt":"2024-10-01T08:33:41","guid":{"rendered":"https:\/\/sfashionaccessories.com\/?post_type=product&#038;p=11404"},"modified":"2024-10-02T17:12:02","modified_gmt":"2024-10-02T08:12:02","slug":"blusa-feminina-listrada-amarracao-manga-3-4","status":"publish","type":"product","link":"https:\/\/sfashionaccessories.com\/?product=blusa-feminina-listrada-amarracao-manga-3-4","title":{"rendered":"Blusa Feminina Listrada Amarra\u00e7\u00e3o Manga 3\/4\u00a0"},"content":{"rendered":"<div>Blusa Feminina Listrada Amarra\u00e7\u00e3o Manga 3\/4<\/div>\n<div><\/div>\n<div>Blusa feminina confeccionada em tecido plano algod\u00e3o, viscose e linho. Possui decote v, manga 3\/4, barra com tiras para amarra\u00e7\u00e3o, estampa listrada, acabamento e costura no tom.<\/div>\n<div><\/div>\n<div>Informa\u00e7\u00f5es Adicionais:<\/div>\n<div>Tamanho: P ao G<\/div>\n<div>Cor: verde<\/div>\n<div>Modelo: Blusa Feminina Listrada Amarra\u00e7\u00e3o Manga 3\/4<\/div>\n<div>Material: algod\u00e3o, viscose, linho (tecido plano)<\/div>\n<div>Composi\u00e7\u00e3o: 56% algod\u00e3o, 34% viscose, 10% linho<\/div>\n<div>Detalhes adicionais: decote v, amarra\u00e7\u00e3o, listras, manga 3\/4, casual<\/div>\n","protected":false},"excerpt":{"rendered":"<p>Blusa Feminina Listrada Amarra\u00e7\u00e3o Manga 3\/4 Blusa feminina confeccionada em tecido plano algod\u00e3o, viscose e linho. Possui decote v, manga 3\/4, barra com tiras para amarra\u00e7\u00e3o, estampa listrada, acabamento e costura no tom. Informa\u00e7\u00f5es Adicionais: Tamanho: P ao G Cor: verde Modelo: Blusa Feminina Listrada Amarra\u00e7\u00e3o Manga 3\/4 Material: algod\u00e3o, viscose, linho (tecido plano) Composi\u00e7\u00e3o: [&hellip;]<\/p>\n","protected":false},"featured_media":11405,"comment_status":"open","ping_status":"closed","template":"","meta":{"_kadence_starter_templates_imported_post":false},"product_brand":[],"product_cat":[172,43,293,254],"product_tag":[135,395],"class_list":{"0":"post-11404","1":"product","2":"type-product","3":"status-publish","4":"has-post-thumbnail","6":"product_cat-blusas-tops-e-camisetas","7":"product_cat-blusas-camisetas-femininas","8":"product_cat-feminino","9":"product_cat-promocoes-descontos","10":"product_tag-blusa","11":"product_tag-feminino","13":"first","14":"instock","15":"sale","16":"shipping-taxable","17":"purchasable","18":"product-type-variable"},"_links":{"self":[{"href":"https:\/\/sfashionaccessories.com\/index.php?rest_route=\/wp\/v2\/product\/11404","targetHints":{"allow":["GET"]}}],"collection":[{"href":"https:\/\/sfashionaccessories.com\/index.php?rest_route=\/wp\/v2\/product"}],"about":[{"href":"https:\/\/sfashionaccessories.com\/index.php?rest_route=\/wp\/v2\/types\/product"}],"replies":[{"embeddable":true,"href":"https:\/\/sfashionaccessories.com\/index.php?rest_route=%2Fwp%2Fv2%2Fcomments&post=11404"}],"wp:featuredmedia":[{"embeddable":true,"href":"https:\/\/sfashionaccessories.com\/index.php?rest_route=\/wp\/v2\/media\/11405"}],"wp:attachment":[{"href":"https:\/\/sfashionaccessories.com\/index.php?rest_route=%2Fwp%2Fv2%2Fmedia&parent=11404"}],"wp:term":[{"taxonomy":"product_brand","embeddable":true,"href":"https:\/\/sfashionaccessories.com\/index.php?rest_route=%2Fwp%2Fv2%2Fproduct_brand&post=11404"},{"taxonomy":"product_cat","embeddable":true,"href":"https:\/\/sfashionaccessories.com\/index.php?rest_route=%2Fwp%2Fv2%2Fproduct_cat&post=11404"},{"taxonomy":"product_tag","embeddable":true,"href":"https:\/\/sfashionaccessories.com\/index.php?rest_route=%2Fwp%2Fv2%2Fproduct_tag&post=11404"}],"curies":[{"name":"wp","href":"https:\/\/api.w.org\/{rel}","templated":true}]}}