{"id":11412,"date":"2023-05-21T18:02:16","date_gmt":"2023-05-21T09:02:16","guid":{"rendered":"https:\/\/sfashionaccessories.com\/?post_type=product&#038;p=11412"},"modified":"2025-07-06T19:08:44","modified_gmt":"2025-07-06T10:08:44","slug":"blusa-regata-cropped-feminina-canelada-estampa-frontal","status":"publish","type":"product","link":"https:\/\/sfashionaccessories.com\/?product=blusa-regata-cropped-feminina-canelada-estampa-frontal","title":{"rendered":"Blusa Lecimar Regata Cropped Feminina Canelada Estampa Frontal"},"content":{"rendered":"<div>Blusa Regata Cropped Feminina Canelada Estampa Frontal<\/div>\n<div><\/div>\n<div>Blusa feminina modelo cropped regata, confeccionada em malha canelada. Possui decote redondo, estampa frontal de frase, al\u00e7as largas, acabamento e costura no tom.<\/div>\n<div><\/div>\n<div>O que \u00e9 Malha Canelada?<\/div>\n<div>Malha canelada \u00e9 um nome dado a materiais com listras em relevo verticais ou horizontais.<\/div>\n<div><\/div>\n<div>&#8211; Tradu\u00e7\u00e3o da frase: Todo lugar. Feche seus olhos e deixe seus sonhos fluirem, boas vibra\u00e7\u00f5es.<\/div>\n","protected":false},"excerpt":{"rendered":"<p>Blusa Regata Cropped Feminina Canelada Estampa Frontal Blusa feminina modelo cropped regata, confeccionada em malha canelada. Possui decote redondo, estampa frontal de frase, al\u00e7as largas, acabamento e costura no tom. O que \u00e9 Malha Canelada? Malha canelada \u00e9 um nome dado a materiais com listras em relevo verticais ou horizontais. &#8211; Tradu\u00e7\u00e3o da frase: Todo [&hellip;]<\/p>\n","protected":false},"featured_media":11413,"comment_status":"open","ping_status":"closed","template":"","meta":{"_kadence_starter_templates_imported_post":false},"product_brand":[],"product_cat":[172,43,580,293,254],"product_tag":[107,189,395],"class_list":{"0":"post-11412","1":"product","2":"type-product","3":"status-publish","4":"has-post-thumbnail","6":"product_cat-blusas-tops-e-camisetas","7":"product_cat-blusas-camisetas-femininas","8":"product_cat-destaques","9":"product_cat-feminino","10":"product_cat-promocoes-descontos","11":"product_tag-blusa-top","12":"product_tag-blusas","13":"product_tag-feminino","15":"first","16":"instock","17":"sale","18":"featured","19":"shipping-taxable","20":"purchasable","21":"product-type-variable"},"_links":{"self":[{"href":"https:\/\/sfashionaccessories.com\/index.php?rest_route=\/wp\/v2\/product\/11412","targetHints":{"allow":["GET"]}}],"collection":[{"href":"https:\/\/sfashionaccessories.com\/index.php?rest_route=\/wp\/v2\/product"}],"about":[{"href":"https:\/\/sfashionaccessories.com\/index.php?rest_route=\/wp\/v2\/types\/product"}],"replies":[{"embeddable":true,"href":"https:\/\/sfashionaccessories.com\/index.php?rest_route=%2Fwp%2Fv2%2Fcomments&post=11412"}],"wp:featuredmedia":[{"embeddable":true,"href":"https:\/\/sfashionaccessories.com\/index.php?rest_route=\/wp\/v2\/media\/11413"}],"wp:attachment":[{"href":"https:\/\/sfashionaccessories.com\/index.php?rest_route=%2Fwp%2Fv2%2Fmedia&parent=11412"}],"wp:term":[{"taxonomy":"product_brand","embeddable":true,"href":"https:\/\/sfashionaccessories.com\/index.php?rest_route=%2Fwp%2Fv2%2Fproduct_brand&post=11412"},{"taxonomy":"product_cat","embeddable":true,"href":"https:\/\/sfashionaccessories.com\/index.php?rest_route=%2Fwp%2Fv2%2Fproduct_cat&post=11412"},{"taxonomy":"product_tag","embeddable":true,"href":"https:\/\/sfashionaccessories.com\/index.php?rest_route=%2Fwp%2Fv2%2Fproduct_tag&post=11412"}],"curies":[{"name":"wp","href":"https:\/\/api.w.org\/{rel}","templated":true}]}}