{"id":11429,"date":"2024-10-05T12:23:20","date_gmt":"2024-10-05T03:23:20","guid":{"rendered":"https:\/\/sfashionaccessories.com\/?post_type=product&#038;p=11429"},"modified":"2024-10-05T14:23:52","modified_gmt":"2024-10-05T05:23:52","slug":"tamanco-tanara-rives-zebra","status":"publish","type":"product","link":"https:\/\/sfashionaccessories.com\/?product=tamanco-tanara-rives-zebra","title":{"rendered":"Tamanco Tanara Rives Zebra"},"content":{"rendered":"<p>O Tamanco Tanara Salto Fino \u00e9 perfeito para mulheres que buscam praticidade e sofistica\u00e7\u00e3o para os dias quentes. Feito em material sint\u00e9tico de alta qualidade, possui tiras cruzadas na parte frontal com toque macio. Seu salto fino de 9,5 cm possui textura fachetada e deixar\u00e1 seus looks formais ainda mais elegantes.<\/p>\n","protected":false},"excerpt":{"rendered":"<p>O Tamanco Tanara Salto Fino \u00e9 perfeito para mulheres que buscam praticidade e sofistica\u00e7\u00e3o para os dias quentes. Feito em material sint\u00e9tico de alta qualidade, possui tiras cruzadas na parte frontal com toque macio. Seu salto fino de 9,5 cm possui textura fachetada e deixar\u00e1 seus looks formais ainda mais elegantes.<\/p>\n","protected":false},"featured_media":18994,"comment_status":"open","ping_status":"closed","template":"","meta":{"_kadence_starter_templates_imported_post":false},"product_brand":[],"product_cat":[46,293],"product_tag":[311,395],"class_list":{"0":"post-11429","1":"product","2":"type-product","3":"status-publish","4":"has-post-thumbnail","6":"product_cat-calcados","7":"product_cat-feminino","8":"product_tag-calcados","9":"product_tag-feminino","11":"first","12":"instock","13":"sale","14":"shipping-taxable","15":"purchasable","16":"product-type-variable"},"_links":{"self":[{"href":"https:\/\/sfashionaccessories.com\/index.php?rest_route=\/wp\/v2\/product\/11429","targetHints":{"allow":["GET"]}}],"collection":[{"href":"https:\/\/sfashionaccessories.com\/index.php?rest_route=\/wp\/v2\/product"}],"about":[{"href":"https:\/\/sfashionaccessories.com\/index.php?rest_route=\/wp\/v2\/types\/product"}],"replies":[{"embeddable":true,"href":"https:\/\/sfashionaccessories.com\/index.php?rest_route=%2Fwp%2Fv2%2Fcomments&post=11429"}],"wp:featuredmedia":[{"embeddable":true,"href":"https:\/\/sfashionaccessories.com\/index.php?rest_route=\/wp\/v2\/media\/18994"}],"wp:attachment":[{"href":"https:\/\/sfashionaccessories.com\/index.php?rest_route=%2Fwp%2Fv2%2Fmedia&parent=11429"}],"wp:term":[{"taxonomy":"product_brand","embeddable":true,"href":"https:\/\/sfashionaccessories.com\/index.php?rest_route=%2Fwp%2Fv2%2Fproduct_brand&post=11429"},{"taxonomy":"product_cat","embeddable":true,"href":"https:\/\/sfashionaccessories.com\/index.php?rest_route=%2Fwp%2Fv2%2Fproduct_cat&post=11429"},{"taxonomy":"product_tag","embeddable":true,"href":"https:\/\/sfashionaccessories.com\/index.php?rest_route=%2Fwp%2Fv2%2Fproduct_tag&post=11429"}],"curies":[{"name":"wp","href":"https:\/\/api.w.org\/{rel}","templated":true}]}}