{"id":11575,"date":"2023-06-04T16:32:48","date_gmt":"2023-06-04T07:32:48","guid":{"rendered":"https:\/\/sfashionaccessories.com\/?post_type=product&#038;p=11575"},"modified":"2025-11-12T12:47:35","modified_gmt":"2025-11-12T03:47:35","slug":"sabonete-liquido-mamae-bebe-natura-200-ml","status":"publish","type":"product","link":"https:\/\/sfashionaccessories.com\/?product=sabonete-liquido-mamae-bebe-natura-200-ml","title":{"rendered":"Sabonete L\u00edquido Mam\u00e3e Beb\u00ea Natura &#8211; 200 ml"},"content":{"rendered":"<p><span class=\"sc-kDvujY kknhWA\" data-testid=\"product-detail-title\">Sabonete L\u00edquido Mam\u00e3e Beb\u00ea Natura &#8211; 200 ml<\/span><\/p>\n<div class=\"sc-hLBbgP eodrha sc-hsZwpi cIBBIV\" data-testid=\"product-detail-description\">\n<div class=\"sc-hLBbgP gcxrmT sc-gqgnwQ KsMwQ\" data-testid=\"rich-content-container\">\n<p>Limpeza suave e delicada desde o primeiro banho<\/p>\n<p>A f\u00f3rmula vegana do Sabonete L\u00edquido Mam\u00e3e e Beb\u00ea<br \/>\ncont\u00e9m somente o essencial para limpar de forma suave<br \/>\ne delicada, mantendo a hidrata\u00e7\u00e3o natural da pele do beb\u00ea.<br \/>\nN\u00e3o irrita os olhinhos e pode ser usado desde o primeiro banho.<\/p>\n<p>Ingredientes<br \/>\nAQUA, GLYCERIN, DECYL GLUCOSIDE, SODIUM METHYL COCOYL TAURATE, HYDROXYPROPYL GUAR, CAPRYLYL GLYCOL, PARFUM, CITRIC ACID, CAPRYLHYDROXAMIC ACID, SODIUM GLUCONATE, POLYQUATERNIUM-10, SODIUM HYDROXIDE, SODIUM CARBONATE, SODIUM CHLORIDE.<\/p>\n<\/div>\n<\/div>\n","protected":false},"excerpt":{"rendered":"<p>Sabonete L\u00edquido Mam\u00e3e Beb\u00ea Natura &#8211; 200 ml Limpeza suave e delicada desde o primeiro banho A f\u00f3rmula vegana do Sabonete L\u00edquido Mam\u00e3e e Beb\u00ea cont\u00e9m somente o essencial para limpar de forma suave e delicada, mantendo a hidrata\u00e7\u00e3o natural da pele do beb\u00ea. N\u00e3o irrita os olhinhos e pode ser usado desde o primeiro [&hellip;]<\/p>\n","protected":false},"featured_media":11578,"comment_status":"open","ping_status":"closed","template":"","meta":{"_kadence_starter_templates_imported_post":false},"product_brand":[],"product_cat":[206,203,228],"product_tag":[272,234,190],"class_list":{"0":"post-11575","1":"product","2":"type-product","3":"status-publish","4":"has-post-thumbnail","6":"product_cat-cosmeticos-cremes-hidradantesperfumes","7":"product_cat-natura-creme-oleo-sabonete-perfume","8":"product_cat-sabonete-sabonete-liquido-natura","9":"product_tag-cosmeticos","10":"product_tag-natura","11":"product_tag-sabonete-liquido","13":"first","14":"outofstock","15":"shipping-taxable","16":"purchasable","17":"product-type-simple"},"_links":{"self":[{"href":"https:\/\/sfashionaccessories.com\/index.php?rest_route=\/wp\/v2\/product\/11575","targetHints":{"allow":["GET"]}}],"collection":[{"href":"https:\/\/sfashionaccessories.com\/index.php?rest_route=\/wp\/v2\/product"}],"about":[{"href":"https:\/\/sfashionaccessories.com\/index.php?rest_route=\/wp\/v2\/types\/product"}],"replies":[{"embeddable":true,"href":"https:\/\/sfashionaccessories.com\/index.php?rest_route=%2Fwp%2Fv2%2Fcomments&post=11575"}],"wp:featuredmedia":[{"embeddable":true,"href":"https:\/\/sfashionaccessories.com\/index.php?rest_route=\/wp\/v2\/media\/11578"}],"wp:attachment":[{"href":"https:\/\/sfashionaccessories.com\/index.php?rest_route=%2Fwp%2Fv2%2Fmedia&parent=11575"}],"wp:term":[{"taxonomy":"product_brand","embeddable":true,"href":"https:\/\/sfashionaccessories.com\/index.php?rest_route=%2Fwp%2Fv2%2Fproduct_brand&post=11575"},{"taxonomy":"product_cat","embeddable":true,"href":"https:\/\/sfashionaccessories.com\/index.php?rest_route=%2Fwp%2Fv2%2Fproduct_cat&post=11575"},{"taxonomy":"product_tag","embeddable":true,"href":"https:\/\/sfashionaccessories.com\/index.php?rest_route=%2Fwp%2Fv2%2Fproduct_tag&post=11575"}],"curies":[{"name":"wp","href":"https:\/\/api.w.org\/{rel}","templated":true}]}}