{"id":11658,"date":"2025-04-08T09:09:24","date_gmt":"2025-04-08T00:09:24","guid":{"rendered":"https:\/\/sfashionaccessories.com\/?post_type=product&#038;p=11658"},"modified":"2025-07-23T20:04:46","modified_gmt":"2025-07-23T11:04:46","slug":"bermuda-ciclista-premium-collection","status":"publish","type":"product","link":"https:\/\/sfashionaccessories.com\/?product=bermuda-ciclista-premium-collection","title":{"rendered":"Bermuda Ciclista Premium Collection &#8211; Models &#8211;"},"content":{"rendered":"<p>Bermuda jeans ciclista feminina, com cintura m\u00e9dia, modelagem justa ao corpo, bolsos na parte frontal e traseira. Entrepernas com comprimento alongado, que permite usar a barra dobrada ou n\u00e3o. Fechamento com Bot\u00f5es .\u00a0Tecido com muita\u00a0elasticidade.<\/p>\n<p>A bermuda ciclista, tamb\u00e9m conhecida como biker shorts, \u00e9 uma pe\u00e7a que v\u00eam se adaptando em v\u00e1rios tipos de tecidos nas ultimas tend\u00eancias. Seu estilo consiste em ser muito semelhante ao modelo em tecidos para a pr\u00e1tica de esportes que normalmente possuem comprimento pr\u00f3ximo ao joelho e s\u00e3o ajustados ao corpo.<\/p>\n<p>Composi\u00e7\u00e3o<\/p>\n<p>96% Algodao\/ 4% Lycra<\/p>\n","protected":false},"excerpt":{"rendered":"<p>Bermuda jeans ciclista feminina, com cintura m\u00e9dia, modelagem justa ao corpo, bolsos na parte frontal e traseira. Entrepernas com comprimento alongado, que permite usar a barra dobrada ou n\u00e3o. Fechamento com Bot\u00f5es .\u00a0Tecido com muita\u00a0elasticidade. A bermuda ciclista, tamb\u00e9m conhecida como biker shorts, \u00e9 uma pe\u00e7a que v\u00eam se adaptando em v\u00e1rios tipos de tecidos [&hellip;]<\/p>\n","protected":false},"featured_media":11636,"comment_status":"open","ping_status":"closed","template":"","meta":{"_kadence_starter_templates_imported_post":false},"product_brand":[],"product_cat":[528,293,527,525],"product_tag":[529,395,134,526],"class_list":{"0":"post-11658","1":"product","2":"type-product","3":"status-publish","4":"has-post-thumbnail","6":"product_cat-bermuda","7":"product_cat-feminino","8":"product_cat-jeans","9":"product_cat-models-jeans","10":"product_tag-bermuda","11":"product_tag-feminino","12":"product_tag-jeans","13":"product_tag-models","15":"first","16":"instock","17":"sale","18":"shipping-taxable","19":"purchasable","20":"product-type-variable"},"_links":{"self":[{"href":"https:\/\/sfashionaccessories.com\/index.php?rest_route=\/wp\/v2\/product\/11658","targetHints":{"allow":["GET"]}}],"collection":[{"href":"https:\/\/sfashionaccessories.com\/index.php?rest_route=\/wp\/v2\/product"}],"about":[{"href":"https:\/\/sfashionaccessories.com\/index.php?rest_route=\/wp\/v2\/types\/product"}],"replies":[{"embeddable":true,"href":"https:\/\/sfashionaccessories.com\/index.php?rest_route=%2Fwp%2Fv2%2Fcomments&post=11658"}],"wp:featuredmedia":[{"embeddable":true,"href":"https:\/\/sfashionaccessories.com\/index.php?rest_route=\/wp\/v2\/media\/11636"}],"wp:attachment":[{"href":"https:\/\/sfashionaccessories.com\/index.php?rest_route=%2Fwp%2Fv2%2Fmedia&parent=11658"}],"wp:term":[{"taxonomy":"product_brand","embeddable":true,"href":"https:\/\/sfashionaccessories.com\/index.php?rest_route=%2Fwp%2Fv2%2Fproduct_brand&post=11658"},{"taxonomy":"product_cat","embeddable":true,"href":"https:\/\/sfashionaccessories.com\/index.php?rest_route=%2Fwp%2Fv2%2Fproduct_cat&post=11658"},{"taxonomy":"product_tag","embeddable":true,"href":"https:\/\/sfashionaccessories.com\/index.php?rest_route=%2Fwp%2Fv2%2Fproduct_tag&post=11658"}],"curies":[{"name":"wp","href":"https:\/\/api.w.org\/{rel}","templated":true}]}}