{"id":11663,"date":"2025-04-08T09:15:04","date_gmt":"2025-04-08T00:15:04","guid":{"rendered":"https:\/\/sfashionaccessories.com\/?post_type=product&#038;p=11663"},"modified":"2025-04-09T13:54:18","modified_gmt":"2025-04-09T04:54:18","slug":"short-jeans-feminino-new-collection-2","status":"publish","type":"product","link":"https:\/\/sfashionaccessories.com\/?product=short-jeans-feminino-new-collection-2","title":{"rendered":"Short Jeans Feminino New Collection &#8211; Models &#8211; SH278-01"},"content":{"rendered":"<p>Este incr\u00edvel Short Jeans Feminino \u00e9 confeccionado com materiais de excelente qualidade que garante ao produto alta durabilidade e um incr\u00edvel caimento no seu corpo. A bermuda short \u00e9 uma das tend\u00eancias que vieram para ficar, o corte \u00e9 perfeito para proporcionar muito estilo e autenticidade.<\/p>\n<p>O detalhe frontal presente nos bolsos \u00e9 um dos grandes diferenciais da pe\u00e7a, que proporciona muita sofistica\u00e7\u00e3o e torna o produto ideal para os momentos casuais.<\/p>\n<p>Essa pe\u00e7a foi desenvolvida com materiais de excelente qualidade, garantindo autenticidade e conforto no vestir.<\/p>\n<p>VEJA AS ESPECIFICA\u00c7\u00d5ES ABAIXO<br \/>\n&#8211; Com Lycra<\/p>\n<p>ITENS INCLUSOS<br \/>\n-1 Cinto<\/p>\n<p>COMPOSI\u00c7\u00c3O<\/p>\n<p>96%Algod\u00e3o \/ 4%Elastano<\/p>\n","protected":false},"excerpt":{"rendered":"<p>Este incr\u00edvel Short Jeans Feminino \u00e9 confeccionado com materiais de excelente qualidade que garante ao produto alta durabilidade e um incr\u00edvel caimento no seu corpo. A bermuda short \u00e9 uma das tend\u00eancias que vieram para ficar, o corte \u00e9 perfeito para proporcionar muito estilo e autenticidade. O detalhe frontal presente nos bolsos \u00e9 um dos [&hellip;]<\/p>\n","protected":false},"featured_media":11646,"comment_status":"open","ping_status":"closed","template":"","meta":{"_kadence_starter_templates_imported_post":false},"product_brand":[],"product_cat":[293,525,45],"product_tag":[395,526,305],"class_list":{"0":"post-11663","1":"product","2":"type-product","3":"status-publish","4":"has-post-thumbnail","6":"product_cat-feminino","7":"product_cat-models-jeans","8":"product_cat-shorts-femininos","9":"product_tag-feminino","10":"product_tag-models","11":"product_tag-shorts","13":"first","14":"instock","15":"shipping-taxable","16":"purchasable","17":"product-type-variable"},"_links":{"self":[{"href":"https:\/\/sfashionaccessories.com\/index.php?rest_route=\/wp\/v2\/product\/11663","targetHints":{"allow":["GET"]}}],"collection":[{"href":"https:\/\/sfashionaccessories.com\/index.php?rest_route=\/wp\/v2\/product"}],"about":[{"href":"https:\/\/sfashionaccessories.com\/index.php?rest_route=\/wp\/v2\/types\/product"}],"replies":[{"embeddable":true,"href":"https:\/\/sfashionaccessories.com\/index.php?rest_route=%2Fwp%2Fv2%2Fcomments&post=11663"}],"wp:featuredmedia":[{"embeddable":true,"href":"https:\/\/sfashionaccessories.com\/index.php?rest_route=\/wp\/v2\/media\/11646"}],"wp:attachment":[{"href":"https:\/\/sfashionaccessories.com\/index.php?rest_route=%2Fwp%2Fv2%2Fmedia&parent=11663"}],"wp:term":[{"taxonomy":"product_brand","embeddable":true,"href":"https:\/\/sfashionaccessories.com\/index.php?rest_route=%2Fwp%2Fv2%2Fproduct_brand&post=11663"},{"taxonomy":"product_cat","embeddable":true,"href":"https:\/\/sfashionaccessories.com\/index.php?rest_route=%2Fwp%2Fv2%2Fproduct_cat&post=11663"},{"taxonomy":"product_tag","embeddable":true,"href":"https:\/\/sfashionaccessories.com\/index.php?rest_route=%2Fwp%2Fv2%2Fproduct_tag&post=11663"}],"curies":[{"name":"wp","href":"https:\/\/api.w.org\/{rel}","templated":true}]}}