{"id":12085,"date":"2023-07-01T19:33:14","date_gmt":"2023-07-01T10:33:14","guid":{"rendered":"https:\/\/sfashionaccessories.com\/?post_type=product&#038;p=12085"},"modified":"2026-03-31T12:40:12","modified_gmt":"2026-03-31T03:40:12","slug":"agua-de-colonia-sem-alcool-mamae-e-bebe-100ml","status":"publish","type":"product","link":"https:\/\/sfashionaccessories.com\/?product=agua-de-colonia-sem-alcool-mamae-e-bebe-100ml","title":{"rendered":"\u00c1gua de Col\u00f4nia Sem \u00c1lcool Mam\u00e3e e Beb\u00ea &#8211; 100ml"},"content":{"rendered":"<p>Com uma fragr\u00e2ncia delicada que combina lavanda e notas c\u00edtricas, essa col\u00f4nia torna o momento passeio da mam\u00e3e e do beb\u00ea muito mais especial, com muito amor.<\/p>\n<p>\u00e9 no momento passeio que o seu beb\u00ea conhece um mundo novo, e n\u00e3o h\u00e1 nada mais emocionante do que estar presente nas primeiras experi\u00eancias de vida dele. O brilho naqueles olhinhos curiosos de quem j\u00e1 \u00e9 muito amado, aquele sorrisinho de surpresa imposs\u00edvel de n\u00e3o se apaixonar, os primeiros passinhos de quem j\u00e1 quer explorar tudo ao redor, e aquele cheirinho suave, delicado e inesquec\u00edvel que n\u00e3o tem como sair da mem\u00f3ria.<\/p>\n<p>A \u00c1gua de Col\u00f4nia Mam\u00e3e e Beb\u00ea possui Uma sa\u00edda delicada e fresca composta por flor de lavanda e notas c\u00edtricas com um corpo floral suave, transmitindo uma sensa\u00e7\u00e3o de aconchego e inoc\u00eancia a esta fragr\u00e2ncia que se completa com o fundo composto por uma combina\u00e7\u00e3o quente e levemente doce de s\u00e2ndalo, cumarina, vanila e musc. \u00e9 a pura ess\u00eancia do amor.<\/p>\n<p>Caminho Olfativo:<\/p>\n<p>Topo: Mandarina, Lavanda, Rosa Ch\u00e1.<\/p>\n<p>Corpo: Violeta, Jasmim, Lil\u00e1s.<\/p>\n<p>Fundo: S\u00e2ndalo, Vanila, Cumaru.<\/p>\n<p>Conte\u00fado: 100ml.<\/p>\n","protected":false},"excerpt":{"rendered":"<p>Com uma fragr\u00e2ncia delicada que combina lavanda e notas c\u00edtricas, essa col\u00f4nia torna o momento passeio da mam\u00e3e e do beb\u00ea muito mais especial, com muito amor. \u00e9 no momento passeio que o seu beb\u00ea conhece um mundo novo, e n\u00e3o h\u00e1 nada mais emocionante do que estar presente nas primeiras experi\u00eancias de vida dele. [&hellip;]<\/p>\n","protected":false},"featured_media":12087,"comment_status":"open","ping_status":"closed","template":"","meta":{"_kadence_starter_templates_imported_post":false},"product_brand":[],"product_cat":[206,203,231],"product_tag":[343,272,234],"class_list":{"0":"post-12085","1":"product","2":"type-product","3":"status-publish","4":"has-post-thumbnail","6":"product_cat-cosmeticos-cremes-hidradantesperfumes","7":"product_cat-natura-creme-oleo-sabonete-perfume","8":"product_cat-perfumes-natura","9":"product_tag-agua-de-colonia","10":"product_tag-cosmeticos","11":"product_tag-natura","13":"first","14":"instock","15":"shipping-taxable","16":"purchasable","17":"product-type-simple"},"_links":{"self":[{"href":"https:\/\/sfashionaccessories.com\/index.php?rest_route=\/wp\/v2\/product\/12085","targetHints":{"allow":["GET"]}}],"collection":[{"href":"https:\/\/sfashionaccessories.com\/index.php?rest_route=\/wp\/v2\/product"}],"about":[{"href":"https:\/\/sfashionaccessories.com\/index.php?rest_route=\/wp\/v2\/types\/product"}],"replies":[{"embeddable":true,"href":"https:\/\/sfashionaccessories.com\/index.php?rest_route=%2Fwp%2Fv2%2Fcomments&post=12085"}],"wp:featuredmedia":[{"embeddable":true,"href":"https:\/\/sfashionaccessories.com\/index.php?rest_route=\/wp\/v2\/media\/12087"}],"wp:attachment":[{"href":"https:\/\/sfashionaccessories.com\/index.php?rest_route=%2Fwp%2Fv2%2Fmedia&parent=12085"}],"wp:term":[{"taxonomy":"product_brand","embeddable":true,"href":"https:\/\/sfashionaccessories.com\/index.php?rest_route=%2Fwp%2Fv2%2Fproduct_brand&post=12085"},{"taxonomy":"product_cat","embeddable":true,"href":"https:\/\/sfashionaccessories.com\/index.php?rest_route=%2Fwp%2Fv2%2Fproduct_cat&post=12085"},{"taxonomy":"product_tag","embeddable":true,"href":"https:\/\/sfashionaccessories.com\/index.php?rest_route=%2Fwp%2Fv2%2Fproduct_tag&post=12085"}],"curies":[{"name":"wp","href":"https:\/\/api.w.org\/{rel}","templated":true}]}}