{"id":12086,"date":"2025-10-12T19:56:44","date_gmt":"2025-10-12T10:56:44","guid":{"rendered":"https:\/\/sfashionaccessories.com\/?post_type=product&#038;p=12086"},"modified":"2026-01-03T11:55:13","modified_gmt":"2026-01-03T02:55:13","slug":"agua-de-colonia-sem-alcool-fragrancia-relaxante-mamae-e-bebe-100-ml","status":"publish","type":"product","link":"https:\/\/sfashionaccessories.com\/?product=agua-de-colonia-sem-alcool-fragrancia-relaxante-mamae-e-bebe-100-ml","title":{"rendered":"\u00c1gua De Col\u00f4nia Sem \u00c1lcool Fragr\u00e2ncia Relaxante Mam\u00e3e E Beb\u00ea 100 ml"},"content":{"rendered":"<p>A Col\u00f4nia Mam\u00e3e E Beb\u00ea Relaxante tem cheirinho de carinho, amor e cuidado, al\u00e9m de trazer a camomila e lavanda que comprovadamente prepara o beb\u00ea para uma noite de sono mais tranquila. A f\u00f3rmula vegana da col\u00f4nia cont\u00e9m somente o essencial para uma perfuma\u00e7\u00e3o suave e segura. N\u00e3o cont\u00e9m \u00e1lcool, por isso n\u00e3o agride a pele sens\u00edvel do beb\u00ea. Benef\u00edcios: Dermatologicamente testado. Fragr\u00e2ncia de lavanda e camomila. Melhora a qualidade do sono do beb\u00ea, fazendo com que ele desperte menos durante a noite. Embalagem inquebr\u00e1vel. Conte\u00fado: 100 ml.<\/p>\n","protected":false},"excerpt":{"rendered":"<p>A Col\u00f4nia Mam\u00e3e E Beb\u00ea Relaxante tem cheirinho de carinho, amor e cuidado, al\u00e9m de trazer a camomila e lavanda que comprovadamente prepara o beb\u00ea para uma noite de sono mais tranquila. A f\u00f3rmula vegana da col\u00f4nia cont\u00e9m somente o essencial para uma perfuma\u00e7\u00e3o suave e segura. N\u00e3o cont\u00e9m \u00e1lcool, por isso n\u00e3o agride a [&hellip;]<\/p>\n","protected":false},"featured_media":12088,"comment_status":"open","ping_status":"closed","template":"","meta":{"_kadence_starter_templates_imported_post":false},"product_brand":[],"product_cat":[206,203,231],"product_tag":[272,234,233],"class_list":{"0":"post-12086","1":"product","2":"type-product","3":"status-publish","4":"has-post-thumbnail","6":"product_cat-cosmeticos-cremes-hidradantesperfumes","7":"product_cat-natura-creme-oleo-sabonete-perfume","8":"product_cat-perfumes-natura","9":"product_tag-cosmeticos","10":"product_tag-natura","11":"product_tag-perfume","13":"first","14":"instock","15":"shipping-taxable","16":"purchasable","17":"product-type-simple"},"_links":{"self":[{"href":"https:\/\/sfashionaccessories.com\/index.php?rest_route=\/wp\/v2\/product\/12086","targetHints":{"allow":["GET"]}}],"collection":[{"href":"https:\/\/sfashionaccessories.com\/index.php?rest_route=\/wp\/v2\/product"}],"about":[{"href":"https:\/\/sfashionaccessories.com\/index.php?rest_route=\/wp\/v2\/types\/product"}],"replies":[{"embeddable":true,"href":"https:\/\/sfashionaccessories.com\/index.php?rest_route=%2Fwp%2Fv2%2Fcomments&post=12086"}],"wp:featuredmedia":[{"embeddable":true,"href":"https:\/\/sfashionaccessories.com\/index.php?rest_route=\/wp\/v2\/media\/12088"}],"wp:attachment":[{"href":"https:\/\/sfashionaccessories.com\/index.php?rest_route=%2Fwp%2Fv2%2Fmedia&parent=12086"}],"wp:term":[{"taxonomy":"product_brand","embeddable":true,"href":"https:\/\/sfashionaccessories.com\/index.php?rest_route=%2Fwp%2Fv2%2Fproduct_brand&post=12086"},{"taxonomy":"product_cat","embeddable":true,"href":"https:\/\/sfashionaccessories.com\/index.php?rest_route=%2Fwp%2Fv2%2Fproduct_cat&post=12086"},{"taxonomy":"product_tag","embeddable":true,"href":"https:\/\/sfashionaccessories.com\/index.php?rest_route=%2Fwp%2Fv2%2Fproduct_tag&post=12086"}],"curies":[{"name":"wp","href":"https:\/\/api.w.org\/{rel}","templated":true}]}}