{"id":12268,"date":"2025-04-18T13:03:09","date_gmt":"2025-04-18T04:03:09","guid":{"rendered":"https:\/\/sfashionaccessories.com\/?post_type=product&#038;p=12268"},"modified":"2026-02-11T10:48:31","modified_gmt":"2026-02-11T01:48:31","slug":"shampoo-ekos-pataua-300ml-natura","status":"publish","type":"product","link":"https:\/\/sfashionaccessories.com\/?product=shampoo-ekos-pataua-300ml-natura","title":{"rendered":"Shampoo Ekos Patau\u00e1 300ml &#8211; Natura"},"content":{"rendered":"<div class=\"relative flex\">\n<div class=\"flex gap-2 items-center\"><span class=\"text-sm font-bold\">Limpeza suave para um cabelo mais forte, resistente e encorpado.<\/span><\/div>\n<\/div>\n<div class=\"relative flex\">\n<div class=\"flex gap-2 items-center\"><span class=\"text-sm\">Feito com \u00f3leo bruto de patau\u00e1, o Shampoo Ekos Patau\u00e1 refor\u00e7a os fios desde a raiz e combate o enfraquecimento capilar. Sua f\u00f3rmula potente e radicalmente natural promove uma limpeza suave, sem agredir os fios, enquanto prepara o cabelo para o ritual de tratamento biocosm\u00e9tico antiqueda.<\/span><\/div>\n<\/div>\n","protected":false},"excerpt":{"rendered":"<p>Limpeza suave para um cabelo mais forte, resistente e encorpado. Feito com \u00f3leo bruto de patau\u00e1, o Shampoo Ekos Patau\u00e1 refor\u00e7a os fios desde a raiz e combate o enfraquecimento capilar. Sua f\u00f3rmula potente e radicalmente natural promove uma limpeza suave, sem agredir os fios, enquanto prepara o cabelo para o ritual de tratamento biocosm\u00e9tico [&hellip;]<\/p>\n","protected":false},"featured_media":21579,"comment_status":"open","ping_status":"closed","template":"","meta":{"_kadence_starter_templates_imported_post":false},"product_brand":[],"product_cat":[206,203,303],"product_tag":[272,234,126],"class_list":{"0":"post-12268","1":"product","2":"type-product","3":"status-publish","4":"has-post-thumbnail","6":"product_cat-cosmeticos-cremes-hidradantesperfumes","7":"product_cat-natura-creme-oleo-sabonete-perfume","8":"product_cat-shampoo-e-condicionador-natura","9":"product_tag-cosmeticos","10":"product_tag-natura","11":"product_tag-shampoo","13":"first","14":"outofstock","15":"shipping-taxable","16":"purchasable","17":"product-type-simple"},"_links":{"self":[{"href":"https:\/\/sfashionaccessories.com\/index.php?rest_route=\/wp\/v2\/product\/12268","targetHints":{"allow":["GET"]}}],"collection":[{"href":"https:\/\/sfashionaccessories.com\/index.php?rest_route=\/wp\/v2\/product"}],"about":[{"href":"https:\/\/sfashionaccessories.com\/index.php?rest_route=\/wp\/v2\/types\/product"}],"replies":[{"embeddable":true,"href":"https:\/\/sfashionaccessories.com\/index.php?rest_route=%2Fwp%2Fv2%2Fcomments&post=12268"}],"wp:featuredmedia":[{"embeddable":true,"href":"https:\/\/sfashionaccessories.com\/index.php?rest_route=\/wp\/v2\/media\/21579"}],"wp:attachment":[{"href":"https:\/\/sfashionaccessories.com\/index.php?rest_route=%2Fwp%2Fv2%2Fmedia&parent=12268"}],"wp:term":[{"taxonomy":"product_brand","embeddable":true,"href":"https:\/\/sfashionaccessories.com\/index.php?rest_route=%2Fwp%2Fv2%2Fproduct_brand&post=12268"},{"taxonomy":"product_cat","embeddable":true,"href":"https:\/\/sfashionaccessories.com\/index.php?rest_route=%2Fwp%2Fv2%2Fproduct_cat&post=12268"},{"taxonomy":"product_tag","embeddable":true,"href":"https:\/\/sfashionaccessories.com\/index.php?rest_route=%2Fwp%2Fv2%2Fproduct_tag&post=12268"}],"curies":[{"name":"wp","href":"https:\/\/api.w.org\/{rel}","templated":true}]}}