{"id":12300,"date":"2025-12-01T10:20:50","date_gmt":"2025-12-01T01:20:50","guid":{"rendered":"https:\/\/sfashionaccessories.com\/?post_type=product&#038;p=12300"},"modified":"2026-01-29T13:48:31","modified_gmt":"2026-01-29T04:48:31","slug":"oleo-perfumado-corporal-lily-150ml","status":"publish","type":"product","link":"https:\/\/sfashionaccessories.com\/?product=oleo-perfumado-corporal-lily-150ml","title":{"rendered":"\u00d3LEO PERFUMADO CORPORAL LILY 150ML- oBoticario"},"content":{"rendered":"<p>A marca Lily revela <strong>fragr\u00e2ncias que valorizam a riqueza e a tradi\u00e7\u00e3o cl\u00e1ssica da perfumaria,<\/strong>\u00a0extraindo a\u00a0<strong>fragr\u00e2ncia da Flor de L\u00edrio<\/strong>\u00a0por meio da antiga t\u00e9cnica enfleurage, um\u00a0processo artesanal que traduz com fidelidade as melhores notas dos l\u00edrios rec\u00e9m colhidos,<strong>\u00a0criando a fragr\u00e2ncia \u00fanica de Lily.<\/strong><\/p>\n<p>O\u00a0<strong>\u00d3leo Perfumado Corporal de Lily<\/strong>, para senhora, proporciona um\u00a0<strong>toque sedoso<\/strong>\u00a0e\u00a0<strong>aveludado<\/strong>\u00a0sem deixar a pele com aquela sensa\u00e7\u00e3o pegajosa.\u00a0<strong>Devolve a apar\u00eancia de pele saud\u00e1vel, deixando-a macia.<\/strong><\/p>\n<p><strong>F\u00e1cil de espalhar e de enxaguar<\/strong>, o \u00f3leo perfumado permite\u00a0<strong>hidrata\u00e7\u00e3o de 70 horas sem lavar<\/strong>\u00a0e\u00a0<strong>48 horas mesmo ap\u00f3s o banho<\/strong>, deixando uma\u00a0<strong>explos\u00e3o de perfume<\/strong>\u00a0dentro e fora do banho.<\/p>\n","protected":false},"excerpt":{"rendered":"<p>A marca Lily revela fragr\u00e2ncias que valorizam a riqueza e a tradi\u00e7\u00e3o cl\u00e1ssica da perfumaria,\u00a0extraindo a\u00a0fragr\u00e2ncia da Flor de L\u00edrio\u00a0por meio da antiga t\u00e9cnica enfleurage, um\u00a0processo artesanal que traduz com fidelidade as melhores notas dos l\u00edrios rec\u00e9m colhidos,\u00a0criando a fragr\u00e2ncia \u00fanica de Lily. O\u00a0\u00d3leo Perfumado Corporal de Lily, para senhora, proporciona um\u00a0toque sedoso\u00a0e\u00a0aveludado\u00a0sem deixar a [&hellip;]<\/p>\n","protected":false},"featured_media":12301,"comment_status":"open","ping_status":"closed","template":"","meta":{"_kadence_starter_templates_imported_post":false},"product_brand":[],"product_cat":[465,206,282,542],"product_tag":[272,284,539],"class_list":{"0":"post-12300","1":"product","2":"type-product","3":"status-publish","4":"has-post-thumbnail","6":"product_cat-anuncios","7":"product_cat-cosmeticos-cremes-hidradantesperfumes","8":"product_cat-o-boticario","9":"product_cat-oleo-corporal","10":"product_tag-cosmeticos","11":"product_tag-o-boticario","12":"product_tag-oleo-corporal","14":"first","15":"instock","16":"sale","17":"shipping-taxable","18":"purchasable","19":"product-type-simple"},"_links":{"self":[{"href":"https:\/\/sfashionaccessories.com\/index.php?rest_route=\/wp\/v2\/product\/12300","targetHints":{"allow":["GET"]}}],"collection":[{"href":"https:\/\/sfashionaccessories.com\/index.php?rest_route=\/wp\/v2\/product"}],"about":[{"href":"https:\/\/sfashionaccessories.com\/index.php?rest_route=\/wp\/v2\/types\/product"}],"replies":[{"embeddable":true,"href":"https:\/\/sfashionaccessories.com\/index.php?rest_route=%2Fwp%2Fv2%2Fcomments&post=12300"}],"wp:featuredmedia":[{"embeddable":true,"href":"https:\/\/sfashionaccessories.com\/index.php?rest_route=\/wp\/v2\/media\/12301"}],"wp:attachment":[{"href":"https:\/\/sfashionaccessories.com\/index.php?rest_route=%2Fwp%2Fv2%2Fmedia&parent=12300"}],"wp:term":[{"taxonomy":"product_brand","embeddable":true,"href":"https:\/\/sfashionaccessories.com\/index.php?rest_route=%2Fwp%2Fv2%2Fproduct_brand&post=12300"},{"taxonomy":"product_cat","embeddable":true,"href":"https:\/\/sfashionaccessories.com\/index.php?rest_route=%2Fwp%2Fv2%2Fproduct_cat&post=12300"},{"taxonomy":"product_tag","embeddable":true,"href":"https:\/\/sfashionaccessories.com\/index.php?rest_route=%2Fwp%2Fv2%2Fproduct_tag&post=12300"}],"curies":[{"name":"wp","href":"https:\/\/api.w.org\/{rel}","templated":true}]}}