{"id":12308,"date":"2024-12-10T10:28:47","date_gmt":"2024-12-10T01:28:47","guid":{"rendered":"https:\/\/sfashionaccessories.com\/?post_type=product&#038;p=12308"},"modified":"2026-03-15T17:24:19","modified_gmt":"2026-03-15T08:24:19","slug":"creme-acetinado-hidratante-corporal-lily-lumiere-250g","status":"publish","type":"product","link":"https:\/\/sfashionaccessories.com\/?product=creme-acetinado-hidratante-corporal-lily-lumiere-250g","title":{"rendered":"Creme Acetinado Hidratante Corporal &#8211; Lily Lumi\u00e9re 250g"},"content":{"rendered":"<p><span data-sheets-value=\"{&quot;1&quot;:2,&quot;2&quot;:&quot;A Geleia Iluminadora Corporal Lily vai conquistar-te com o seu efeito glow sofisticado, embelezando a tua pele com hidrata\u00e7\u00e3o profunda e a mesma fragr\u00e2ncia intensa, prolongada e inesquec\u00edvel do creme acetinado Lily. \\n\\n- Efeito Glow: com part\u00edculas de brilho para um efeito iluminado e radiante; \\n\\n- Toque acetinado: forma um filme hidratante sobre a pele que a deixa macia e aveludada;\\n\\n- R\u00e1pida absor\u00e7\u00e3o: secagem r\u00e1pida, n\u00e3o deixa a pele pegajosa logo ap\u00f3s a aplica\u00e7\u00e3o ou ao longo do dia;\\n\\n- Fragr\u00e2ncia intensa e prolongada tal como a Creme Acetinado de Lily;\\n\\n\\nTudo isto acompanhado em uma embalagem luxuosa, um verdadeiro pote de ouro, que promete ser a estrela do teu n\u00e9cessaire no ver\u00e3o e o ano inteiro.\\n\\nO resultado \u00e9 uma pele iluminada, hidratada e perfumada, com a sofisticada fragr\u00e2ncia de Lily.\\n\\n\\nFam\u00edlia Olfativa: Floral Bouquet\\n\\nCompleta a tua rotina com o novo Lily Le Parfum.\\n\\nComo usar: Aplicar no corpo todo ap\u00f3s o banho ou sempre que se desejar.&quot;}\" data-sheets-userformat=\"{&quot;2&quot;:13249,&quot;3&quot;:{&quot;1&quot;:0},&quot;9&quot;:0,&quot;10&quot;:0,&quot;11&quot;:4,&quot;12&quot;:0,&quot;15&quot;:&quot;Arial&quot;,&quot;16&quot;:10}\"><strong>Gel Iluminador Corporal de Lily<\/strong>\u00a0vai conquistar-te com o seu\u00a0<strong>efeito glow sofisticado<\/strong>,\u00a0<strong>embelezando a tua pele<\/strong>\u00a0com\u00a0<strong>hidrata\u00e7\u00e3o profunda<\/strong>\u00a0e a mesma<strong>\u00a0fragr\u00e2ncia intensa, prolongada e inesquec\u00edvel<\/strong>\u00a0do creme acetinado Lily.<br \/>\n<\/span><\/p>\n<ul>\n<li><span data-sheets-value=\"{&quot;1&quot;:2,&quot;2&quot;:&quot;A Geleia Iluminadora Corporal Lily vai conquistar-te com o seu efeito glow sofisticado, embelezando a tua pele com hidrata\u00e7\u00e3o profunda e a mesma fragr\u00e2ncia intensa, prolongada e inesquec\u00edvel do creme acetinado Lily. \\n\\n- Efeito Glow: com part\u00edculas de brilho para um efeito iluminado e radiante; \\n\\n- Toque acetinado: forma um filme hidratante sobre a pele que a deixa macia e aveludada;\\n\\n- R\u00e1pida absor\u00e7\u00e3o: secagem r\u00e1pida, n\u00e3o deixa a pele pegajosa logo ap\u00f3s a aplica\u00e7\u00e3o ou ao longo do dia;\\n\\n- Fragr\u00e2ncia intensa e prolongada tal como a Creme Acetinado de Lily;\\n\\n\\nTudo isto acompanhado em uma embalagem luxuosa, um verdadeiro pote de ouro, que promete ser a estrela do teu n\u00e9cessaire no ver\u00e3o e o ano inteiro.\\n\\nO resultado \u00e9 uma pele iluminada, hidratada e perfumada, com a sofisticada fragr\u00e2ncia de Lily.\\n\\n\\nFam\u00edlia Olfativa: Floral Bouquet\\n\\nCompleta a tua rotina com o novo Lily Le Parfum.\\n\\nComo usar: Aplicar no corpo todo ap\u00f3s o banho ou sempre que se desejar.&quot;}\" data-sheets-userformat=\"{&quot;2&quot;:13249,&quot;3&quot;:{&quot;1&quot;:0},&quot;9&quot;:0,&quot;10&quot;:0,&quot;11&quot;:4,&quot;12&quot;:0,&quot;15&quot;:&quot;Arial&quot;,&quot;16&quot;:10}\"><strong>Efeito Glow<\/strong>: com part\u00edculas de brilho para um efeito iluminado e radiante;<\/span><\/li>\n<li><span data-sheets-value=\"{&quot;1&quot;:2,&quot;2&quot;:&quot;A Geleia Iluminadora Corporal Lily vai conquistar-te com o seu efeito glow sofisticado, embelezando a tua pele com hidrata\u00e7\u00e3o profunda e a mesma fragr\u00e2ncia intensa, prolongada e inesquec\u00edvel do creme acetinado Lily. \\n\\n- Efeito Glow: com part\u00edculas de brilho para um efeito iluminado e radiante; \\n\\n- Toque acetinado: forma um filme hidratante sobre a pele que a deixa macia e aveludada;\\n\\n- R\u00e1pida absor\u00e7\u00e3o: secagem r\u00e1pida, n\u00e3o deixa a pele pegajosa logo ap\u00f3s a aplica\u00e7\u00e3o ou ao longo do dia;\\n\\n- Fragr\u00e2ncia intensa e prolongada tal como a Creme Acetinado de Lily;\\n\\n\\nTudo isto acompanhado em uma embalagem luxuosa, um verdadeiro pote de ouro, que promete ser a estrela do teu n\u00e9cessaire no ver\u00e3o e o ano inteiro.\\n\\nO resultado \u00e9 uma pele iluminada, hidratada e perfumada, com a sofisticada fragr\u00e2ncia de Lily.\\n\\n\\nFam\u00edlia Olfativa: Floral Bouquet\\n\\nCompleta a tua rotina com o novo Lily Le Parfum.\\n\\nComo usar: Aplicar no corpo todo ap\u00f3s o banho ou sempre que se desejar.&quot;}\" data-sheets-userformat=\"{&quot;2&quot;:13249,&quot;3&quot;:{&quot;1&quot;:0},&quot;9&quot;:0,&quot;10&quot;:0,&quot;11&quot;:4,&quot;12&quot;:0,&quot;15&quot;:&quot;Arial&quot;,&quot;16&quot;:10}\"><strong>Toque acetinado<\/strong>: forma um filme hidratante sobre a pele que a deixa macia e aveludada;<\/span><\/li>\n<li><span data-sheets-value=\"{&quot;1&quot;:2,&quot;2&quot;:&quot;A Geleia Iluminadora Corporal Lily vai conquistar-te com o seu efeito glow sofisticado, embelezando a tua pele com hidrata\u00e7\u00e3o profunda e a mesma fragr\u00e2ncia intensa, prolongada e inesquec\u00edvel do creme acetinado Lily. \\n\\n- Efeito Glow: com part\u00edculas de brilho para um efeito iluminado e radiante; \\n\\n- Toque acetinado: forma um filme hidratante sobre a pele que a deixa macia e aveludada;\\n\\n- R\u00e1pida absor\u00e7\u00e3o: secagem r\u00e1pida, n\u00e3o deixa a pele pegajosa logo ap\u00f3s a aplica\u00e7\u00e3o ou ao longo do dia;\\n\\n- Fragr\u00e2ncia intensa e prolongada tal como a Creme Acetinado de Lily;\\n\\n\\nTudo isto acompanhado em uma embalagem luxuosa, um verdadeiro pote de ouro, que promete ser a estrela do teu n\u00e9cessaire no ver\u00e3o e o ano inteiro.\\n\\nO resultado \u00e9 uma pele iluminada, hidratada e perfumada, com a sofisticada fragr\u00e2ncia de Lily.\\n\\n\\nFam\u00edlia Olfativa: Floral Bouquet\\n\\nCompleta a tua rotina com o novo Lily Le Parfum.\\n\\nComo usar: Aplicar no corpo todo ap\u00f3s o banho ou sempre que se desejar.&quot;}\" data-sheets-userformat=\"{&quot;2&quot;:13249,&quot;3&quot;:{&quot;1&quot;:0},&quot;9&quot;:0,&quot;10&quot;:0,&quot;11&quot;:4,&quot;12&quot;:0,&quot;15&quot;:&quot;Arial&quot;,&quot;16&quot;:10}\"><strong>R\u00e1pida absor\u00e7\u00e3o:<\/strong>\u00a0secagem r\u00e1pida, n\u00e3o deixa a pele pegajosa logo ap\u00f3s a aplica\u00e7\u00e3o ou ao longo do dia;<\/span><\/li>\n<li><span data-sheets-value=\"{&quot;1&quot;:2,&quot;2&quot;:&quot;A Geleia Iluminadora Corporal Lily vai conquistar-te com o seu efeito glow sofisticado, embelezando a tua pele com hidrata\u00e7\u00e3o profunda e a mesma fragr\u00e2ncia intensa, prolongada e inesquec\u00edvel do creme acetinado Lily. \\n\\n- Efeito Glow: com part\u00edculas de brilho para um efeito iluminado e radiante; \\n\\n- Toque acetinado: forma um filme hidratante sobre a pele que a deixa macia e aveludada;\\n\\n- R\u00e1pida absor\u00e7\u00e3o: secagem r\u00e1pida, n\u00e3o deixa a pele pegajosa logo ap\u00f3s a aplica\u00e7\u00e3o ou ao longo do dia;\\n\\n- Fragr\u00e2ncia intensa e prolongada tal como a Creme Acetinado de Lily;\\n\\n\\nTudo isto acompanhado em uma embalagem luxuosa, um verdadeiro pote de ouro, que promete ser a estrela do teu n\u00e9cessaire no ver\u00e3o e o ano inteiro.\\n\\nO resultado \u00e9 uma pele iluminada, hidratada e perfumada, com a sofisticada fragr\u00e2ncia de Lily.\\n\\n\\nFam\u00edlia Olfativa: Floral Bouquet\\n\\nCompleta a tua rotina com o novo Lily Le Parfum.\\n\\nComo usar: Aplicar no corpo todo ap\u00f3s o banho ou sempre que se desejar.&quot;}\" data-sheets-userformat=\"{&quot;2&quot;:13249,&quot;3&quot;:{&quot;1&quot;:0},&quot;9&quot;:0,&quot;10&quot;:0,&quot;11&quot;:4,&quot;12&quot;:0,&quot;15&quot;:&quot;Arial&quot;,&quot;16&quot;:10}\"><strong>Fragr\u00e2ncia intensa e prolongada<\/strong>\u00a0tal como a Creme Acetinado de Lily;<\/span><\/li>\n<\/ul>\n<p><span data-sheets-value=\"{&quot;1&quot;:2,&quot;2&quot;:&quot;A Geleia Iluminadora Corporal Lily vai conquistar-te com o seu efeito glow sofisticado, embelezando a tua pele com hidrata\u00e7\u00e3o profunda e a mesma fragr\u00e2ncia intensa, prolongada e inesquec\u00edvel do creme acetinado Lily. \\n\\n- Efeito Glow: com part\u00edculas de brilho para um efeito iluminado e radiante; \\n\\n- Toque acetinado: forma um filme hidratante sobre a pele que a deixa macia e aveludada;\\n\\n- R\u00e1pida absor\u00e7\u00e3o: secagem r\u00e1pida, n\u00e3o deixa a pele pegajosa logo ap\u00f3s a aplica\u00e7\u00e3o ou ao longo do dia;\\n\\n- Fragr\u00e2ncia intensa e prolongada tal como a Creme Acetinado de Lily;\\n\\n\\nTudo isto acompanhado em uma embalagem luxuosa, um verdadeiro pote de ouro, que promete ser a estrela do teu n\u00e9cessaire no ver\u00e3o e o ano inteiro.\\n\\nO resultado \u00e9 uma pele iluminada, hidratada e perfumada, com a sofisticada fragr\u00e2ncia de Lily.\\n\\n\\nFam\u00edlia Olfativa: Floral Bouquet\\n\\nCompleta a tua rotina com o novo Lily Le Parfum.\\n\\nComo usar: Aplicar no corpo todo ap\u00f3s o banho ou sempre que se desejar.&quot;}\" data-sheets-userformat=\"{&quot;2&quot;:13249,&quot;3&quot;:{&quot;1&quot;:0},&quot;9&quot;:0,&quot;10&quot;:0,&quot;11&quot;:4,&quot;12&quot;:0,&quot;15&quot;:&quot;Arial&quot;,&quot;16&quot;:10}\"><br \/>\nTudo isto acompanhado numa\u00a0<strong>embalagem luxuosa<\/strong>, um verdadeiro\u00a0<strong>pote de ouro<\/strong>, que promete ser a\u00a0<strong>estrela do teu n\u00e9cessaire no ver\u00e3o e o ano inteiro.<\/strong><\/span><\/p>\n<p>O resultado \u00e9 uma\u00a0<strong>pele iluminada, hidratada e perfumada<\/strong>, com a\u00a0<strong>sofisticada fragr\u00e2ncia de Lily.<\/strong><\/p>\n<p><span data-sheets-value=\"{&quot;1&quot;:2,&quot;2&quot;:&quot;A Geleia Iluminadora Corporal Lily vai conquistar-te com o seu efeito glow sofisticado, embelezando a tua pele com hidrata\u00e7\u00e3o profunda e a mesma fragr\u00e2ncia intensa, prolongada e inesquec\u00edvel do creme acetinado Lily. \\n\\n- Efeito Glow: com part\u00edculas de brilho para um efeito iluminado e radiante; \\n\\n- Toque acetinado: forma um filme hidratante sobre a pele que a deixa macia e aveludada;\\n\\n- R\u00e1pida absor\u00e7\u00e3o: secagem r\u00e1pida, n\u00e3o deixa a pele pegajosa logo ap\u00f3s a aplica\u00e7\u00e3o ou ao longo do dia;\\n\\n- Fragr\u00e2ncia intensa e prolongada tal como a Creme Acetinado de Lily;\\n\\n\\nTudo isto acompanhado em uma embalagem luxuosa, um verdadeiro pote de ouro, que promete ser a estrela do teu n\u00e9cessaire no ver\u00e3o e o ano inteiro.\\n\\nO resultado \u00e9 uma pele iluminada, hidratada e perfumada, com a sofisticada fragr\u00e2ncia de Lily.\\n\\n\\nFam\u00edlia Olfativa: Floral Bouquet\\n\\nCompleta a tua rotina com o novo Lily Le Parfum.\\n\\nComo usar: Aplicar no corpo todo ap\u00f3s o banho ou sempre que se desejar.&quot;}\" data-sheets-userformat=\"{&quot;2&quot;:13249,&quot;3&quot;:{&quot;1&quot;:0},&quot;9&quot;:0,&quot;10&quot;:0,&quot;11&quot;:4,&quot;12&quot;:0,&quot;15&quot;:&quot;Arial&quot;,&quot;16&quot;:10}\">Completa a tua rotina com o novo<a href=\"https:\/\/www.oboticario.pt\/products\/lily-le-parfum-30ml\" target=\"_blank\" rel=\"noopener noreferrer\">\u00a0<strong>Lily Le Parfum.<\/strong><\/a><\/span><\/p>\n<p><strong>Fam\u00edlia Olfativa:<\/strong>\u00a0Floral Bouquet<\/p>\n","protected":false},"excerpt":{"rendered":"<p>Gel Iluminador Corporal de Lily\u00a0vai conquistar-te com o seu\u00a0efeito glow sofisticado,\u00a0embelezando a tua pele\u00a0com\u00a0hidrata\u00e7\u00e3o profunda\u00a0e a mesma\u00a0fragr\u00e2ncia intensa, prolongada e inesquec\u00edvel\u00a0do creme acetinado Lily. Efeito Glow: com part\u00edculas de brilho para um efeito iluminado e radiante; Toque acetinado: forma um filme hidratante sobre a pele que a deixa macia e aveludada; R\u00e1pida absor\u00e7\u00e3o:\u00a0secagem r\u00e1pida, n\u00e3o [&hellip;]<\/p>\n","protected":false},"featured_media":12322,"comment_status":"open","ping_status":"closed","template":"","meta":{"_kadence_starter_templates_imported_post":false},"product_brand":[],"product_cat":[206,296,282],"product_tag":[272,195,284],"class_list":{"0":"post-12308","1":"product","2":"type-product","3":"status-publish","4":"has-post-thumbnail","6":"product_cat-cosmeticos-cremes-hidradantesperfumes","7":"product_cat-hidratantes-cremes","8":"product_cat-o-boticario","9":"product_tag-cosmeticos","10":"product_tag-creme-hidratante","11":"product_tag-o-boticario","13":"first","14":"instock","15":"sale","16":"shipping-taxable","17":"purchasable","18":"product-type-simple"},"_links":{"self":[{"href":"https:\/\/sfashionaccessories.com\/index.php?rest_route=\/wp\/v2\/product\/12308","targetHints":{"allow":["GET"]}}],"collection":[{"href":"https:\/\/sfashionaccessories.com\/index.php?rest_route=\/wp\/v2\/product"}],"about":[{"href":"https:\/\/sfashionaccessories.com\/index.php?rest_route=\/wp\/v2\/types\/product"}],"replies":[{"embeddable":true,"href":"https:\/\/sfashionaccessories.com\/index.php?rest_route=%2Fwp%2Fv2%2Fcomments&post=12308"}],"wp:featuredmedia":[{"embeddable":true,"href":"https:\/\/sfashionaccessories.com\/index.php?rest_route=\/wp\/v2\/media\/12322"}],"wp:attachment":[{"href":"https:\/\/sfashionaccessories.com\/index.php?rest_route=%2Fwp%2Fv2%2Fmedia&parent=12308"}],"wp:term":[{"taxonomy":"product_brand","embeddable":true,"href":"https:\/\/sfashionaccessories.com\/index.php?rest_route=%2Fwp%2Fv2%2Fproduct_brand&post=12308"},{"taxonomy":"product_cat","embeddable":true,"href":"https:\/\/sfashionaccessories.com\/index.php?rest_route=%2Fwp%2Fv2%2Fproduct_cat&post=12308"},{"taxonomy":"product_tag","embeddable":true,"href":"https:\/\/sfashionaccessories.com\/index.php?rest_route=%2Fwp%2Fv2%2Fproduct_tag&post=12308"}],"curies":[{"name":"wp","href":"https:\/\/api.w.org\/{rel}","templated":true}]}}