{"id":12331,"date":"2025-09-08T17:13:37","date_gmt":"2025-09-08T08:13:37","guid":{"rendered":"https:\/\/sfashionaccessories.com\/?post_type=product&#038;p=12331"},"modified":"2026-03-18T12:45:37","modified_gmt":"2026-03-18T03:45:37","slug":"uma-tarde-na-toscana-feminino-100-ml-mahogany","status":"publish","type":"product","link":"https:\/\/sfashionaccessories.com\/?product=uma-tarde-na-toscana-feminino-100-ml-mahogany","title":{"rendered":"Uma Tarde na Toscana Feminino 100 ml &#8211; Mahogany"},"content":{"rendered":"<p>Conhecida por inspirar nomes da arte e da cultura, a regi\u00e3o da Toscana encanta todos que a visitam. Inspirada nas buc\u00f3licas paisagens da regi\u00e3o e seu caminho olfativo Floral Amadeirado, uma Tarde na Toscana traz o frescor da brisa, as nuances olfativas dos campos olivados e o calor aconchegante do sol em um perfume rom\u00e2ntico e apaixonante.<\/p>\n<p>&nbsp;<\/p>\n<p>Pir\u00e2mide Olfativa:<\/p>\n<p>&#8211; Notas de Sa\u00edda: Bergamota, Pera.<br \/>\n&#8211; Notas de Corpo: Muguet, Rosa Damascena, Patchouli.<br \/>\n&#8211; Notas de Fundo: \u00c2mbar, Musk, S\u00e2ndalo.<\/p>\n","protected":false},"excerpt":{"rendered":"<p>Conhecida por inspirar nomes da arte e da cultura, a regi\u00e3o da Toscana encanta todos que a visitam. Inspirada nas buc\u00f3licas paisagens da regi\u00e3o e seu caminho olfativo Floral Amadeirado, uma Tarde na Toscana traz o frescor da brisa, as nuances olfativas dos campos olivados e o calor aconchegante do sol em um perfume rom\u00e2ntico [&hellip;]<\/p>\n","protected":false},"featured_media":12334,"comment_status":"open","ping_status":"closed","template":"","meta":{"_kadence_starter_templates_imported_post":false},"product_brand":[],"product_cat":[206,167,251,224],"product_tag":[272,192,233],"class_list":{"0":"post-12331","1":"product","2":"type-product","3":"status-publish","4":"has-post-thumbnail","6":"product_cat-cosmeticos-cremes-hidradantesperfumes","7":"product_cat-mahogany","8":"product_cat-perfume-perfumes","9":"product_cat-perfumes-2","10":"product_tag-cosmeticos","11":"product_tag-mahogany","12":"product_tag-perfume","14":"first","15":"instock","16":"sale","17":"shipping-taxable","18":"purchasable","19":"product-type-simple"},"_links":{"self":[{"href":"https:\/\/sfashionaccessories.com\/index.php?rest_route=\/wp\/v2\/product\/12331","targetHints":{"allow":["GET"]}}],"collection":[{"href":"https:\/\/sfashionaccessories.com\/index.php?rest_route=\/wp\/v2\/product"}],"about":[{"href":"https:\/\/sfashionaccessories.com\/index.php?rest_route=\/wp\/v2\/types\/product"}],"replies":[{"embeddable":true,"href":"https:\/\/sfashionaccessories.com\/index.php?rest_route=%2Fwp%2Fv2%2Fcomments&post=12331"}],"wp:featuredmedia":[{"embeddable":true,"href":"https:\/\/sfashionaccessories.com\/index.php?rest_route=\/wp\/v2\/media\/12334"}],"wp:attachment":[{"href":"https:\/\/sfashionaccessories.com\/index.php?rest_route=%2Fwp%2Fv2%2Fmedia&parent=12331"}],"wp:term":[{"taxonomy":"product_brand","embeddable":true,"href":"https:\/\/sfashionaccessories.com\/index.php?rest_route=%2Fwp%2Fv2%2Fproduct_brand&post=12331"},{"taxonomy":"product_cat","embeddable":true,"href":"https:\/\/sfashionaccessories.com\/index.php?rest_route=%2Fwp%2Fv2%2Fproduct_cat&post=12331"},{"taxonomy":"product_tag","embeddable":true,"href":"https:\/\/sfashionaccessories.com\/index.php?rest_route=%2Fwp%2Fv2%2Fproduct_tag&post=12331"}],"curies":[{"name":"wp","href":"https:\/\/api.w.org\/{rel}","templated":true}]}}