{"id":12354,"date":"2026-02-26T18:00:28","date_gmt":"2026-02-26T09:00:28","guid":{"rendered":"https:\/\/sfashionaccessories.com\/?post_type=product&#038;p=12354"},"modified":"2026-02-26T19:04:09","modified_gmt":"2026-02-26T10:04:09","slug":"cueca-boxer-microfibra-lup","status":"publish","type":"product","link":"https:\/\/sfashionaccessories.com\/?product=cueca-boxer-microfibra-lup","title":{"rendered":"Cueca Boxer Microfibra Lupo"},"content":{"rendered":"<p>Confeccionada em microfibra de toque extra macio e suave, adere perfeitamente ao corpo atrav\u00e9s de sua malha anat\u00f4mica. Desenvolvida com tecnologia sem costura, proporciona extremo conforto. Estampa texturizada que acrescenta charme \u00e0 pe\u00e7a. Modelagem boxer, com c\u00f3s el\u00e1stico em tecido duplo e detalhes em cor contrastante. Barras em tecido duplo. Composi\u00e7\u00e3o: 93% Poliamida, 4% Elastano e 3% Poli\u00e9ster.<\/p>\n","protected":false},"excerpt":{"rendered":"<p>Confeccionada em microfibra de toque extra macio e suave, adere perfeitamente ao corpo atrav\u00e9s de sua malha anat\u00f4mica. Desenvolvida com tecnologia sem costura, proporciona extremo conforto. Estampa texturizada que acrescenta charme \u00e0 pe\u00e7a. Modelagem boxer, com c\u00f3s el\u00e1stico em tecido duplo e detalhes em cor contrastante. Barras em tecido duplo. Composi\u00e7\u00e3o: 93% Poliamida, 4% Elastano [&hellip;]<\/p>\n","protected":false},"featured_media":12355,"comment_status":"open","ping_status":"closed","template":"","meta":{"_kadence_starter_templates_imported_post":false},"product_brand":[],"product_cat":[571,552,294],"product_tag":[573,553,572],"class_list":{"0":"post-12354","1":"product","2":"type-product","3":"status-publish","4":"has-post-thumbnail","6":"product_cat-cuecas","7":"product_cat-lupo","8":"product_cat-masculino","9":"product_tag-cuecas","10":"product_tag-lupo","11":"product_tag-masculino","13":"first","14":"instock","15":"shipping-taxable","16":"purchasable","17":"product-type-variable"},"_links":{"self":[{"href":"https:\/\/sfashionaccessories.com\/index.php?rest_route=\/wp\/v2\/product\/12354","targetHints":{"allow":["GET"]}}],"collection":[{"href":"https:\/\/sfashionaccessories.com\/index.php?rest_route=\/wp\/v2\/product"}],"about":[{"href":"https:\/\/sfashionaccessories.com\/index.php?rest_route=\/wp\/v2\/types\/product"}],"replies":[{"embeddable":true,"href":"https:\/\/sfashionaccessories.com\/index.php?rest_route=%2Fwp%2Fv2%2Fcomments&post=12354"}],"wp:featuredmedia":[{"embeddable":true,"href":"https:\/\/sfashionaccessories.com\/index.php?rest_route=\/wp\/v2\/media\/12355"}],"wp:attachment":[{"href":"https:\/\/sfashionaccessories.com\/index.php?rest_route=%2Fwp%2Fv2%2Fmedia&parent=12354"}],"wp:term":[{"taxonomy":"product_brand","embeddable":true,"href":"https:\/\/sfashionaccessories.com\/index.php?rest_route=%2Fwp%2Fv2%2Fproduct_brand&post=12354"},{"taxonomy":"product_cat","embeddable":true,"href":"https:\/\/sfashionaccessories.com\/index.php?rest_route=%2Fwp%2Fv2%2Fproduct_cat&post=12354"},{"taxonomy":"product_tag","embeddable":true,"href":"https:\/\/sfashionaccessories.com\/index.php?rest_route=%2Fwp%2Fv2%2Fproduct_tag&post=12354"}],"curies":[{"name":"wp","href":"https:\/\/api.w.org\/{rel}","templated":true}]}}