{"id":12374,"date":"2024-05-16T19:37:21","date_gmt":"2024-05-16T10:37:21","guid":{"rendered":"https:\/\/sfashionaccessories.com\/?post_type=product&#038;p=12374"},"modified":"2026-03-28T19:24:30","modified_gmt":"2026-03-28T10:24:30","slug":"fio-dental-tirinhas-demillus","status":"publish","type":"product","link":"https:\/\/sfashionaccessories.com\/?product=fio-dental-tirinhas-demillus","title":{"rendered":"Fio-Dental Tirinhas &#8211; Demillus"},"content":{"rendered":"<p>Em elastano light, Detalha sensual com el\u00e1stico brilhoso na lateral.<\/p>\n<p>Marca: DeMillus<br \/>\nLinha: Tirinhas &#8211; Chic<br \/>\nComposi\u00e7\u00e3o: 89% Poliamida e 11% Elastano.<br \/>\nMaterial principal: Poliamida<br \/>\nTipo de calcinha: Fio dental<\/p>\n","protected":false},"excerpt":{"rendered":"<p>Em elastano light, Detalha sensual com el\u00e1stico brilhoso na lateral. Marca: DeMillus Linha: Tirinhas &#8211; Chic Composi\u00e7\u00e3o: 89% Poliamida e 11% Elastano. Material principal: Poliamida Tipo de calcinha: Fio dental<\/p>\n","protected":false},"featured_media":12373,"comment_status":"open","ping_status":"closed","template":"","meta":{"_kadence_starter_templates_imported_post":false},"product_brand":[],"product_cat":[215,268,293,29],"product_tag":[266,395,267],"class_list":{"0":"post-12374","1":"product","2":"type-product","3":"status-publish","4":"has-post-thumbnail","6":"product_cat-calcinhas-tangas-fio-dental","7":"product_cat-demillus","8":"product_cat-feminino","9":"product_cat-lingeries","10":"product_tag-demillus","11":"product_tag-feminino","12":"product_tag-lingerie","14":"first","15":"instock","16":"shipping-taxable","17":"purchasable","18":"product-type-variable"},"_links":{"self":[{"href":"https:\/\/sfashionaccessories.com\/index.php?rest_route=\/wp\/v2\/product\/12374","targetHints":{"allow":["GET"]}}],"collection":[{"href":"https:\/\/sfashionaccessories.com\/index.php?rest_route=\/wp\/v2\/product"}],"about":[{"href":"https:\/\/sfashionaccessories.com\/index.php?rest_route=\/wp\/v2\/types\/product"}],"replies":[{"embeddable":true,"href":"https:\/\/sfashionaccessories.com\/index.php?rest_route=%2Fwp%2Fv2%2Fcomments&post=12374"}],"wp:featuredmedia":[{"embeddable":true,"href":"https:\/\/sfashionaccessories.com\/index.php?rest_route=\/wp\/v2\/media\/12373"}],"wp:attachment":[{"href":"https:\/\/sfashionaccessories.com\/index.php?rest_route=%2Fwp%2Fv2%2Fmedia&parent=12374"}],"wp:term":[{"taxonomy":"product_brand","embeddable":true,"href":"https:\/\/sfashionaccessories.com\/index.php?rest_route=%2Fwp%2Fv2%2Fproduct_brand&post=12374"},{"taxonomy":"product_cat","embeddable":true,"href":"https:\/\/sfashionaccessories.com\/index.php?rest_route=%2Fwp%2Fv2%2Fproduct_cat&post=12374"},{"taxonomy":"product_tag","embeddable":true,"href":"https:\/\/sfashionaccessories.com\/index.php?rest_route=%2Fwp%2Fv2%2Fproduct_tag&post=12374"}],"curies":[{"name":"wp","href":"https:\/\/api.w.org\/{rel}","templated":true}]}}