{"id":12411,"date":"2023-07-12T08:19:23","date_gmt":"2023-07-11T23:19:23","guid":{"rendered":"https:\/\/sfashionaccessories.com\/?post_type=product&#038;p=12411"},"modified":"2026-03-28T12:53:08","modified_gmt":"2026-03-28T03:53:08","slug":"desodorante-roll-on-giovanna-baby-classic-50ml","status":"publish","type":"product","link":"https:\/\/sfashionaccessories.com\/?product=desodorante-roll-on-giovanna-baby-classic-50ml","title":{"rendered":"Desodorante Roll-On Giovanna Baby Classic 50ml"},"content":{"rendered":"<p>O Desodorante Roll-On Antiperspirante Giovanna Baby Classic \u00e9 elaborado com ingredientes ativos que garantem total prote\u00e7\u00e3o contra os odores da transpira\u00e7\u00e3o, deixando um suave perfume e promovendo uma sensa\u00e7\u00e3o de frescor o dia todo. A f\u00f3rmula do desodorante roll-on Giovanna Baby \u00e9 elaborada com agentes hidratantes para dar um toque de suavidade e maciez ao seu corpo.<\/p>\n","protected":false},"excerpt":{"rendered":"<p>O Desodorante Roll-On Antiperspirante Giovanna Baby Classic \u00e9 elaborado com ingredientes ativos que garantem total prote\u00e7\u00e3o contra os odores da transpira\u00e7\u00e3o, deixando um suave perfume e promovendo uma sensa\u00e7\u00e3o de frescor o dia todo. A f\u00f3rmula do desodorante roll-on Giovanna Baby \u00e9 elaborada com agentes hidratantes para dar um toque de suavidade e maciez ao [&hellip;]<\/p>\n","protected":false},"featured_media":12409,"comment_status":"open","ping_status":"closed","template":"","meta":{"_kadence_starter_templates_imported_post":false},"product_brand":[],"product_cat":[206,276,574],"product_tag":[272,239,280],"class_list":{"0":"post-12411","1":"product","2":"type-product","3":"status-publish","4":"has-post-thumbnail","6":"product_cat-cosmeticos-cremes-hidradantesperfumes","7":"product_cat-desodorante","8":"product_cat-giovanna-baby","9":"product_tag-cosmeticos","10":"product_tag-desodorante","11":"product_tag-giovanna-baby","13":"first","14":"instock","15":"shipping-taxable","16":"purchasable","17":"product-type-simple"},"_links":{"self":[{"href":"https:\/\/sfashionaccessories.com\/index.php?rest_route=\/wp\/v2\/product\/12411","targetHints":{"allow":["GET"]}}],"collection":[{"href":"https:\/\/sfashionaccessories.com\/index.php?rest_route=\/wp\/v2\/product"}],"about":[{"href":"https:\/\/sfashionaccessories.com\/index.php?rest_route=\/wp\/v2\/types\/product"}],"replies":[{"embeddable":true,"href":"https:\/\/sfashionaccessories.com\/index.php?rest_route=%2Fwp%2Fv2%2Fcomments&post=12411"}],"wp:featuredmedia":[{"embeddable":true,"href":"https:\/\/sfashionaccessories.com\/index.php?rest_route=\/wp\/v2\/media\/12409"}],"wp:attachment":[{"href":"https:\/\/sfashionaccessories.com\/index.php?rest_route=%2Fwp%2Fv2%2Fmedia&parent=12411"}],"wp:term":[{"taxonomy":"product_brand","embeddable":true,"href":"https:\/\/sfashionaccessories.com\/index.php?rest_route=%2Fwp%2Fv2%2Fproduct_brand&post=12411"},{"taxonomy":"product_cat","embeddable":true,"href":"https:\/\/sfashionaccessories.com\/index.php?rest_route=%2Fwp%2Fv2%2Fproduct_cat&post=12411"},{"taxonomy":"product_tag","embeddable":true,"href":"https:\/\/sfashionaccessories.com\/index.php?rest_route=%2Fwp%2Fv2%2Fproduct_tag&post=12411"}],"curies":[{"name":"wp","href":"https:\/\/api.w.org\/{rel}","templated":true}]}}