{"id":12561,"date":"2026-02-27T12:22:51","date_gmt":"2026-02-27T03:22:51","guid":{"rendered":"https:\/\/sfashionaccessories.com\/?post_type=product&#038;p=12561"},"modified":"2026-02-27T18:43:06","modified_gmt":"2026-02-27T09:43:06","slug":"blusa-folhagem-bege-com-elastico","status":"publish","type":"product","link":"https:\/\/sfashionaccessories.com\/?product=blusa-folhagem-bege-com-elastico","title":{"rendered":"Blusa Folhagem Bege com El\u00e1stico"},"content":{"rendered":"<p>Blusa em tecido de algod\u00e3o, viscose e linho. Modelo amplo com el\u00e1stico nas mangas e barra.<\/p>\n<p class=\"sc-kGXeez iwukWV\">Modelagem: Solto<\/p>\n<p class=\"sc-kGXeez iwukWV\">Comprimento da manga: Curta<\/p>\n<p class=\"sc-kGXeez iwukWV\">Decote frente: Redondo<\/p>\n<p class=\"sc-kGXeez iwukWV\">Complemento: El\u00e1stico<\/p>\n<p class=\"sc-kGXeez iwukWV\">Tecido: Linho<\/p>\n","protected":false},"excerpt":{"rendered":"<p>Blusa em tecido de algod\u00e3o, viscose e linho. Modelo amplo com el\u00e1stico nas mangas e barra. Modelagem: Solto Comprimento da manga: Curta Decote frente: Redondo Complemento: El\u00e1stico Tecido: Linho<\/p>\n","protected":false},"featured_media":12555,"comment_status":"open","ping_status":"closed","template":"","meta":{"_kadence_starter_templates_imported_post":false},"product_brand":[],"product_cat":[43,293],"product_tag":[189,395],"class_list":{"0":"post-12561","1":"product","2":"type-product","3":"status-publish","4":"has-post-thumbnail","6":"product_cat-blusas-camisetas-femininas","7":"product_cat-feminino","8":"product_tag-blusas","9":"product_tag-feminino","11":"first","12":"instock","13":"sale","14":"shipping-taxable","15":"purchasable","16":"product-type-variable"},"_links":{"self":[{"href":"https:\/\/sfashionaccessories.com\/index.php?rest_route=\/wp\/v2\/product\/12561","targetHints":{"allow":["GET"]}}],"collection":[{"href":"https:\/\/sfashionaccessories.com\/index.php?rest_route=\/wp\/v2\/product"}],"about":[{"href":"https:\/\/sfashionaccessories.com\/index.php?rest_route=\/wp\/v2\/types\/product"}],"replies":[{"embeddable":true,"href":"https:\/\/sfashionaccessories.com\/index.php?rest_route=%2Fwp%2Fv2%2Fcomments&post=12561"}],"wp:featuredmedia":[{"embeddable":true,"href":"https:\/\/sfashionaccessories.com\/index.php?rest_route=\/wp\/v2\/media\/12555"}],"wp:attachment":[{"href":"https:\/\/sfashionaccessories.com\/index.php?rest_route=%2Fwp%2Fv2%2Fmedia&parent=12561"}],"wp:term":[{"taxonomy":"product_brand","embeddable":true,"href":"https:\/\/sfashionaccessories.com\/index.php?rest_route=%2Fwp%2Fv2%2Fproduct_brand&post=12561"},{"taxonomy":"product_cat","embeddable":true,"href":"https:\/\/sfashionaccessories.com\/index.php?rest_route=%2Fwp%2Fv2%2Fproduct_cat&post=12561"},{"taxonomy":"product_tag","embeddable":true,"href":"https:\/\/sfashionaccessories.com\/index.php?rest_route=%2Fwp%2Fv2%2Fproduct_tag&post=12561"}],"curies":[{"name":"wp","href":"https:\/\/api.w.org\/{rel}","templated":true}]}}