{"id":12599,"date":"2023-07-16T15:02:38","date_gmt":"2023-07-16T06:02:38","guid":{"rendered":"https:\/\/sfashionaccessories.com\/?post_type=product&#038;p=12599"},"modified":"2025-07-12T08:33:00","modified_gmt":"2025-07-11T23:33:00","slug":"blusa-preta-com-transpasse","status":"publish","type":"product","link":"https:\/\/sfashionaccessories.com\/?product=blusa-preta-com-transpasse","title":{"rendered":"Blusa Preta com Transpasse"},"content":{"rendered":"<p>Blusa em malha de poli\u00e9ster com elastano. Possui decote transpassado com amarra\u00e7\u00e3o nas costas.<\/p>\n<p class=\"sc-kGXeez iwukWV\">Modelagem: Justo<\/p>\n<p class=\"sc-kGXeez iwukWV\">Comprimento: Cropped<\/p>\n<p class=\"sc-kGXeez iwukWV\">Decote frente: Transpassado<\/p>\n<p class=\"sc-kGXeez iwukWV\">Tecido: Malha crepe<\/p>\n","protected":false},"excerpt":{"rendered":"<p>Blusa em malha de poli\u00e9ster com elastano. Possui decote transpassado com amarra\u00e7\u00e3o nas costas. Modelagem: Justo Comprimento: Cropped Decote frente: Transpassado Tecido: Malha crepe<\/p>\n","protected":false},"featured_media":12600,"comment_status":"open","ping_status":"closed","template":"","meta":{"_kadence_starter_templates_imported_post":false},"product_brand":[],"product_cat":[43,293],"product_tag":[189,395],"class_list":{"0":"post-12599","1":"product","2":"type-product","3":"status-publish","4":"has-post-thumbnail","6":"product_cat-blusas-camisetas-femininas","7":"product_cat-feminino","8":"product_tag-blusas","9":"product_tag-feminino","11":"first","12":"instock","13":"shipping-taxable","14":"purchasable","15":"product-type-variable"},"_links":{"self":[{"href":"https:\/\/sfashionaccessories.com\/index.php?rest_route=\/wp\/v2\/product\/12599","targetHints":{"allow":["GET"]}}],"collection":[{"href":"https:\/\/sfashionaccessories.com\/index.php?rest_route=\/wp\/v2\/product"}],"about":[{"href":"https:\/\/sfashionaccessories.com\/index.php?rest_route=\/wp\/v2\/types\/product"}],"replies":[{"embeddable":true,"href":"https:\/\/sfashionaccessories.com\/index.php?rest_route=%2Fwp%2Fv2%2Fcomments&post=12599"}],"wp:featuredmedia":[{"embeddable":true,"href":"https:\/\/sfashionaccessories.com\/index.php?rest_route=\/wp\/v2\/media\/12600"}],"wp:attachment":[{"href":"https:\/\/sfashionaccessories.com\/index.php?rest_route=%2Fwp%2Fv2%2Fmedia&parent=12599"}],"wp:term":[{"taxonomy":"product_brand","embeddable":true,"href":"https:\/\/sfashionaccessories.com\/index.php?rest_route=%2Fwp%2Fv2%2Fproduct_brand&post=12599"},{"taxonomy":"product_cat","embeddable":true,"href":"https:\/\/sfashionaccessories.com\/index.php?rest_route=%2Fwp%2Fv2%2Fproduct_cat&post=12599"},{"taxonomy":"product_tag","embeddable":true,"href":"https:\/\/sfashionaccessories.com\/index.php?rest_route=%2Fwp%2Fv2%2Fproduct_tag&post=12599"}],"curies":[{"name":"wp","href":"https:\/\/api.w.org\/{rel}","templated":true}]}}