{"id":12722,"date":"2026-04-17T14:22:24","date_gmt":"2026-04-17T05:22:24","guid":{"rendered":"https:\/\/sfashionaccessories.com\/?post_type=product&#038;p=12722"},"modified":"2026-04-17T23:56:56","modified_gmt":"2026-04-17T14:56:56","slug":"natura-tododia-macadamia-hidratante-corporal-400ml","status":"publish","type":"product","link":"https:\/\/sfashionaccessories.com\/?product=natura-tododia-macadamia-hidratante-corporal-400ml","title":{"rendered":"Natura Tododia Macadamia Hidratante Corporal 400ml"},"content":{"rendered":"<p>O Creme Nutritivo Desodorante para o Corpo Macad\u00e2mia Tododia conta com uma nutri\u00e7\u00e3o profunda com textura cremosa e f\u00e1cil de espalhar. A pele o absorve rapidinho e fica com uma fragr\u00e2ncia marcante e atemporal com toque c\u00edtrico.Benef\u00edcios:\u2022 Toque suave;\u2022 Nutri\u00e7\u00e3o com textura cremosa e f\u00e1cil de espalhar;\u2022 Fragr\u00e2ncia marcante.Conte\u00fado: 400ml.Benef\u00edcios:\u2022 Toque macio;\u2022 Nutri\u00e7\u00e3o com textura cremosa e f\u00e1cil de espalhar;\u2022 Fragr\u00e2ncia suave.Conte\u00fado: 400ml.<\/p>\n","protected":false},"excerpt":{"rendered":"<p>O Creme Nutritivo Desodorante para o Corpo Macad\u00e2mia Tododia conta com uma nutri\u00e7\u00e3o profunda com textura cremosa e f\u00e1cil de espalhar. A pele o absorve rapidinho e fica com uma fragr\u00e2ncia marcante e atemporal com toque c\u00edtrico.Benef\u00edcios:\u2022 Toque suave;\u2022 Nutri\u00e7\u00e3o com textura cremosa e f\u00e1cil de espalhar;\u2022 Fragr\u00e2ncia marcante.Conte\u00fado: 400ml.Benef\u00edcios:\u2022 Toque macio;\u2022 Nutri\u00e7\u00e3o com textura [&hellip;]<\/p>\n","protected":false},"featured_media":12726,"comment_status":"open","ping_status":"closed","template":"","meta":{"_kadence_starter_templates_imported_post":false},"product_brand":[],"product_cat":[206,214,203],"product_tag":[272,195,234,337],"class_list":{"0":"post-12722","1":"product","2":"type-product","3":"status-publish","4":"has-post-thumbnail","6":"product_cat-cosmeticos-cremes-hidradantesperfumes","7":"product_cat-hidratantes-cremes-corporal","8":"product_cat-natura-creme-oleo-sabonete-perfume","9":"product_tag-cosmeticos","10":"product_tag-creme-hidratante","11":"product_tag-natura","12":"product_tag-tododia","14":"first","15":"instock","16":"sale","17":"shipping-taxable","18":"purchasable","19":"product-type-simple"},"_links":{"self":[{"href":"https:\/\/sfashionaccessories.com\/index.php?rest_route=\/wp\/v2\/product\/12722","targetHints":{"allow":["GET"]}}],"collection":[{"href":"https:\/\/sfashionaccessories.com\/index.php?rest_route=\/wp\/v2\/product"}],"about":[{"href":"https:\/\/sfashionaccessories.com\/index.php?rest_route=\/wp\/v2\/types\/product"}],"replies":[{"embeddable":true,"href":"https:\/\/sfashionaccessories.com\/index.php?rest_route=%2Fwp%2Fv2%2Fcomments&post=12722"}],"wp:featuredmedia":[{"embeddable":true,"href":"https:\/\/sfashionaccessories.com\/index.php?rest_route=\/wp\/v2\/media\/12726"}],"wp:attachment":[{"href":"https:\/\/sfashionaccessories.com\/index.php?rest_route=%2Fwp%2Fv2%2Fmedia&parent=12722"}],"wp:term":[{"taxonomy":"product_brand","embeddable":true,"href":"https:\/\/sfashionaccessories.com\/index.php?rest_route=%2Fwp%2Fv2%2Fproduct_brand&post=12722"},{"taxonomy":"product_cat","embeddable":true,"href":"https:\/\/sfashionaccessories.com\/index.php?rest_route=%2Fwp%2Fv2%2Fproduct_cat&post=12722"},{"taxonomy":"product_tag","embeddable":true,"href":"https:\/\/sfashionaccessories.com\/index.php?rest_route=%2Fwp%2Fv2%2Fproduct_tag&post=12722"}],"curies":[{"name":"wp","href":"https:\/\/api.w.org\/{rel}","templated":true}]}}