{"id":12727,"date":"2023-07-22T14:29:22","date_gmt":"2023-07-22T05:29:22","guid":{"rendered":"https:\/\/sfashionaccessories.com\/?post_type=product&#038;p=12727"},"modified":"2026-04-17T22:52:50","modified_gmt":"2026-04-17T13:52:50","slug":"sabonete-hidratante-em-barra-natura-todo-dia-algodao-5-unid","status":"publish","type":"product","link":"https:\/\/sfashionaccessories.com\/?product=sabonete-hidratante-em-barra-natura-todo-dia-algodao-5-unid","title":{"rendered":"Sabonete hidratante em barra Natura Tododia -Algod\u00e3o- 5 unid"},"content":{"rendered":"<p>Sabonete Natura Todo dia -Algod\u00e3oCont\u00e9m 5 unidades com 90 gramas cada O Sabonete em Barra Todo dia Algod\u00e3o promove umasensa\u00e7\u00e3o agrad\u00e1vel, enquanto limpa e deixa a pele macia esedosa. Sua f\u00f3rmula suave e com ingredientes naturais evitao ressecamento e prepara a pele para receber a combina\u00e7\u00e3onutritiva e inteligente dos hidratantes Natura Todo dia.<\/p>\n","protected":false},"excerpt":{"rendered":"<p>Sabonete Natura Todo dia -Algod\u00e3oCont\u00e9m 5 unidades com 90 gramas cada O Sabonete em Barra Todo dia Algod\u00e3o promove umasensa\u00e7\u00e3o agrad\u00e1vel, enquanto limpa e deixa a pele macia esedosa. Sua f\u00f3rmula suave e com ingredientes naturais evitao ressecamento e prepara a pele para receber a combina\u00e7\u00e3onutritiva e inteligente dos hidratantes Natura Todo dia.<\/p>\n","protected":false},"featured_media":12730,"comment_status":"open","ping_status":"closed","template":"","meta":{"_kadence_starter_templates_imported_post":false},"product_brand":[],"product_cat":[206,203,228],"product_tag":[272,234,191],"class_list":{"0":"post-12727","1":"product","2":"type-product","3":"status-publish","4":"has-post-thumbnail","6":"product_cat-cosmeticos-cremes-hidradantesperfumes","7":"product_cat-natura-creme-oleo-sabonete-perfume","8":"product_cat-sabonete-sabonete-liquido-natura","9":"product_tag-cosmeticos","10":"product_tag-natura","11":"product_tag-sabonete","13":"first","14":"instock","15":"sale","16":"shipping-taxable","17":"purchasable","18":"product-type-simple"},"_links":{"self":[{"href":"https:\/\/sfashionaccessories.com\/index.php?rest_route=\/wp\/v2\/product\/12727","targetHints":{"allow":["GET"]}}],"collection":[{"href":"https:\/\/sfashionaccessories.com\/index.php?rest_route=\/wp\/v2\/product"}],"about":[{"href":"https:\/\/sfashionaccessories.com\/index.php?rest_route=\/wp\/v2\/types\/product"}],"replies":[{"embeddable":true,"href":"https:\/\/sfashionaccessories.com\/index.php?rest_route=%2Fwp%2Fv2%2Fcomments&post=12727"}],"wp:featuredmedia":[{"embeddable":true,"href":"https:\/\/sfashionaccessories.com\/index.php?rest_route=\/wp\/v2\/media\/12730"}],"wp:attachment":[{"href":"https:\/\/sfashionaccessories.com\/index.php?rest_route=%2Fwp%2Fv2%2Fmedia&parent=12727"}],"wp:term":[{"taxonomy":"product_brand","embeddable":true,"href":"https:\/\/sfashionaccessories.com\/index.php?rest_route=%2Fwp%2Fv2%2Fproduct_brand&post=12727"},{"taxonomy":"product_cat","embeddable":true,"href":"https:\/\/sfashionaccessories.com\/index.php?rest_route=%2Fwp%2Fv2%2Fproduct_cat&post=12727"},{"taxonomy":"product_tag","embeddable":true,"href":"https:\/\/sfashionaccessories.com\/index.php?rest_route=%2Fwp%2Fv2%2Fproduct_tag&post=12727"}],"curies":[{"name":"wp","href":"https:\/\/api.w.org\/{rel}","templated":true}]}}