{"id":12749,"date":"2023-07-22T19:00:58","date_gmt":"2023-07-22T10:00:58","guid":{"rendered":"https:\/\/sfashionaccessories.com\/?post_type=product&#038;p=12749"},"modified":"2024-05-15T15:51:46","modified_gmt":"2024-05-15T06:51:46","slug":"calcinha-fio-dental-videnza-demillus","status":"publish","type":"product","link":"https:\/\/sfashionaccessories.com\/?product=calcinha-fio-dental-videnza-demillus","title":{"rendered":"Calcinha fio dental Videnza Demillus"},"content":{"rendered":"<p>Em renda el\u00e1stica bicolor com leve transpar\u00eancia. Laterais em el\u00e1stico decorado duplo.<\/p>\n","protected":false},"excerpt":{"rendered":"<p>Em renda el\u00e1stica bicolor com leve transpar\u00eancia. Laterais em el\u00e1stico decorado duplo.<\/p>\n","protected":false},"featured_media":12754,"comment_status":"open","ping_status":"closed","template":"","meta":{"_kadence_starter_templates_imported_post":false},"product_brand":[],"product_cat":[215,268,29],"product_tag":[348,266,267],"class_list":{"0":"post-12749","1":"product","2":"type-product","3":"status-publish","4":"has-post-thumbnail","6":"product_cat-calcinhas-tangas-fio-dental","7":"product_cat-demillus","8":"product_cat-lingeries","9":"product_tag-calcinha","10":"product_tag-demillus","11":"product_tag-lingerie","13":"first","14":"instock","15":"shipping-taxable","16":"purchasable","17":"product-type-variable"},"_links":{"self":[{"href":"https:\/\/sfashionaccessories.com\/index.php?rest_route=\/wp\/v2\/product\/12749","targetHints":{"allow":["GET"]}}],"collection":[{"href":"https:\/\/sfashionaccessories.com\/index.php?rest_route=\/wp\/v2\/product"}],"about":[{"href":"https:\/\/sfashionaccessories.com\/index.php?rest_route=\/wp\/v2\/types\/product"}],"replies":[{"embeddable":true,"href":"https:\/\/sfashionaccessories.com\/index.php?rest_route=%2Fwp%2Fv2%2Fcomments&post=12749"}],"wp:featuredmedia":[{"embeddable":true,"href":"https:\/\/sfashionaccessories.com\/index.php?rest_route=\/wp\/v2\/media\/12754"}],"wp:attachment":[{"href":"https:\/\/sfashionaccessories.com\/index.php?rest_route=%2Fwp%2Fv2%2Fmedia&parent=12749"}],"wp:term":[{"taxonomy":"product_brand","embeddable":true,"href":"https:\/\/sfashionaccessories.com\/index.php?rest_route=%2Fwp%2Fv2%2Fproduct_brand&post=12749"},{"taxonomy":"product_cat","embeddable":true,"href":"https:\/\/sfashionaccessories.com\/index.php?rest_route=%2Fwp%2Fv2%2Fproduct_cat&post=12749"},{"taxonomy":"product_tag","embeddable":true,"href":"https:\/\/sfashionaccessories.com\/index.php?rest_route=%2Fwp%2Fv2%2Fproduct_tag&post=12749"}],"curies":[{"name":"wp","href":"https:\/\/api.w.org\/{rel}","templated":true}]}}