{"id":12755,"date":"2026-01-14T12:04:46","date_gmt":"2026-01-14T03:04:46","guid":{"rendered":"https:\/\/sfashionaccessories.com\/?post_type=product&#038;p=12755"},"modified":"2026-01-15T17:36:26","modified_gmt":"2026-01-15T08:36:26","slug":"sutia-top-videnza-demillus","status":"publish","type":"product","link":"https:\/\/sfashionaccessories.com\/?product=sutia-top-videnza-demillus","title":{"rendered":"Suti\u00e3 Top Videnza Demillus &#8211; 061027"},"content":{"rendered":"<p>Em renda el\u00e1stica bicolor com leve transpar\u00eancia. Sem aro e sem espuma. Ta\u00e7as forradas. Laterais em elastano Power para melhor sustenta\u00e7\u00e3o. barbatanas na frente e nas laterais.<\/p>\n","protected":false},"excerpt":{"rendered":"<p>Em renda el\u00e1stica bicolor com leve transpar\u00eancia. Sem aro e sem espuma. Ta\u00e7as forradas. Laterais em elastano Power para melhor sustenta\u00e7\u00e3o. barbatanas na frente e nas laterais.<\/p>\n","protected":false},"featured_media":12752,"comment_status":"open","ping_status":"closed","template":"","meta":{"_kadence_starter_templates_imported_post":false},"product_brand":[],"product_cat":[268,29,221],"product_tag":[266,267,265],"class_list":{"0":"post-12755","1":"product","2":"type-product","3":"status-publish","4":"has-post-thumbnail","6":"product_cat-demillus","7":"product_cat-lingeries","8":"product_cat-sutias","9":"product_tag-demillus","10":"product_tag-lingerie","11":"product_tag-sutia","13":"first","14":"instock","15":"sale","16":"shipping-taxable","17":"purchasable","18":"product-type-variable"},"_links":{"self":[{"href":"https:\/\/sfashionaccessories.com\/index.php?rest_route=\/wp\/v2\/product\/12755","targetHints":{"allow":["GET"]}}],"collection":[{"href":"https:\/\/sfashionaccessories.com\/index.php?rest_route=\/wp\/v2\/product"}],"about":[{"href":"https:\/\/sfashionaccessories.com\/index.php?rest_route=\/wp\/v2\/types\/product"}],"replies":[{"embeddable":true,"href":"https:\/\/sfashionaccessories.com\/index.php?rest_route=%2Fwp%2Fv2%2Fcomments&post=12755"}],"wp:featuredmedia":[{"embeddable":true,"href":"https:\/\/sfashionaccessories.com\/index.php?rest_route=\/wp\/v2\/media\/12752"}],"wp:attachment":[{"href":"https:\/\/sfashionaccessories.com\/index.php?rest_route=%2Fwp%2Fv2%2Fmedia&parent=12755"}],"wp:term":[{"taxonomy":"product_brand","embeddable":true,"href":"https:\/\/sfashionaccessories.com\/index.php?rest_route=%2Fwp%2Fv2%2Fproduct_brand&post=12755"},{"taxonomy":"product_cat","embeddable":true,"href":"https:\/\/sfashionaccessories.com\/index.php?rest_route=%2Fwp%2Fv2%2Fproduct_cat&post=12755"},{"taxonomy":"product_tag","embeddable":true,"href":"https:\/\/sfashionaccessories.com\/index.php?rest_route=%2Fwp%2Fv2%2Fproduct_tag&post=12755"}],"curies":[{"name":"wp","href":"https:\/\/api.w.org\/{rel}","templated":true}]}}