{"id":12853,"date":"2023-07-23T12:41:22","date_gmt":"2023-07-23T03:41:22","guid":{"rendered":"https:\/\/sfashionaccessories.com\/?post_type=product&#038;p=12853"},"modified":"2026-03-15T19:23:03","modified_gmt":"2026-03-15T10:23:03","slug":"desodorante-antitranspirante-roll-on-natura-alecrim-e-salvia","status":"publish","type":"product","link":"https:\/\/sfashionaccessories.com\/?product=desodorante-antitranspirante-roll-on-natura-alecrim-e-salvia","title":{"rendered":"Desodorante Antitranspirante Roll-on Natura Alecrim e S\u00e1lvia"},"content":{"rendered":"<p>Al\u00e9m da fragr\u00e2ncia Tododia que voc\u00ea j\u00e1 conhece,o Desodorante Roll-on Tododia Alecrim e S\u00e1lvia tem 48 horasde prote\u00e7\u00e3o contra os efeitos do suor e evita manchasem roupas claras e escuras. Sinta essa agrad\u00e1vel sensa\u00e7\u00e3ode frescor e bem-estar o dia todo sem ressecar a pele.<\/p>\n","protected":false},"excerpt":{"rendered":"<p>Al\u00e9m da fragr\u00e2ncia Tododia que voc\u00ea j\u00e1 conhece,o Desodorante Roll-on Tododia Alecrim e S\u00e1lvia tem 48 horasde prote\u00e7\u00e3o contra os efeitos do suor e evita manchasem roupas claras e escuras. Sinta essa agrad\u00e1vel sensa\u00e7\u00e3ode frescor e bem-estar o dia todo sem ressecar a pele.<\/p>\n","protected":false},"featured_media":12855,"comment_status":"open","ping_status":"closed","template":"","meta":{"_kadence_starter_templates_imported_post":false},"product_brand":[],"product_cat":[206,276,213,203],"product_tag":[272,239,234],"class_list":{"0":"post-12853","1":"product","2":"type-product","3":"status-publish","4":"has-post-thumbnail","6":"product_cat-cosmeticos-cremes-hidradantesperfumes","7":"product_cat-desodorante","8":"product_cat-desodorantes-anti-transpirantes","9":"product_cat-natura-creme-oleo-sabonete-perfume","10":"product_tag-cosmeticos","11":"product_tag-desodorante","12":"product_tag-natura","14":"first","15":"instock","16":"shipping-taxable","17":"purchasable","18":"product-type-simple"},"_links":{"self":[{"href":"https:\/\/sfashionaccessories.com\/index.php?rest_route=\/wp\/v2\/product\/12853","targetHints":{"allow":["GET"]}}],"collection":[{"href":"https:\/\/sfashionaccessories.com\/index.php?rest_route=\/wp\/v2\/product"}],"about":[{"href":"https:\/\/sfashionaccessories.com\/index.php?rest_route=\/wp\/v2\/types\/product"}],"replies":[{"embeddable":true,"href":"https:\/\/sfashionaccessories.com\/index.php?rest_route=%2Fwp%2Fv2%2Fcomments&post=12853"}],"wp:featuredmedia":[{"embeddable":true,"href":"https:\/\/sfashionaccessories.com\/index.php?rest_route=\/wp\/v2\/media\/12855"}],"wp:attachment":[{"href":"https:\/\/sfashionaccessories.com\/index.php?rest_route=%2Fwp%2Fv2%2Fmedia&parent=12853"}],"wp:term":[{"taxonomy":"product_brand","embeddable":true,"href":"https:\/\/sfashionaccessories.com\/index.php?rest_route=%2Fwp%2Fv2%2Fproduct_brand&post=12853"},{"taxonomy":"product_cat","embeddable":true,"href":"https:\/\/sfashionaccessories.com\/index.php?rest_route=%2Fwp%2Fv2%2Fproduct_cat&post=12853"},{"taxonomy":"product_tag","embeddable":true,"href":"https:\/\/sfashionaccessories.com\/index.php?rest_route=%2Fwp%2Fv2%2Fproduct_tag&post=12853"}],"curies":[{"name":"wp","href":"https:\/\/api.w.org\/{rel}","templated":true}]}}