{"id":12884,"date":"2024-09-29T18:32:40","date_gmt":"2024-09-29T09:32:40","guid":{"rendered":"https:\/\/sfashionaccessories.com\/?post_type=product&#038;p=12884"},"modified":"2024-11-21T22:13:56","modified_gmt":"2024-11-21T13:13:56","slug":"vestido-preto-com-cut-out-e-manga-unica","status":"publish","type":"product","link":"https:\/\/sfashionaccessories.com\/?product=vestido-preto-com-cut-out-e-manga-unica","title":{"rendered":"Vestido preto com Cut Out e manga \u00fanica"},"content":{"rendered":"<p>Vestido em malha canelada de poli\u00e9ster com elastano. Modelo de manga \u00fanica, com detalhe de recorte vazado. Comprimento curto.<\/p>\n<p>Modelagem: Justo<br \/>\nComprimento da manga:\u00a0Curta<br \/>\nComprimento:\u00a0Curto<br \/>\nDecote frente:\u00a0De um ombro s\u00f3<br \/>\nComplemento:\u00a0Recorte vazado<br \/>\nTecido:\u00a0Ribana canelada<\/p>\n","protected":false},"excerpt":{"rendered":"<p>Vestido em malha canelada de poli\u00e9ster com elastano. Modelo de manga \u00fanica, com detalhe de recorte vazado. Comprimento curto. Modelagem: Justo Comprimento da manga:\u00a0Curta Comprimento:\u00a0Curto Decote frente:\u00a0De um ombro s\u00f3 Complemento:\u00a0Recorte vazado Tecido:\u00a0Ribana canelada<\/p>\n","protected":false},"featured_media":12885,"comment_status":"open","ping_status":"closed","template":"","meta":{"_kadence_starter_templates_imported_post":false},"product_brand":[],"product_cat":[15,293,254,196],"product_tag":[395,262],"class_list":{"0":"post-12884","1":"product","2":"type-product","3":"status-publish","4":"has-post-thumbnail","6":"product_cat-padrao","7":"product_cat-feminino","8":"product_cat-promocoes-descontos","9":"product_cat-vestidos","10":"product_tag-feminino","11":"product_tag-vestidos","13":"first","14":"instock","15":"sale","16":"shipping-taxable","17":"purchasable","18":"product-type-variable"},"_links":{"self":[{"href":"https:\/\/sfashionaccessories.com\/index.php?rest_route=\/wp\/v2\/product\/12884","targetHints":{"allow":["GET"]}}],"collection":[{"href":"https:\/\/sfashionaccessories.com\/index.php?rest_route=\/wp\/v2\/product"}],"about":[{"href":"https:\/\/sfashionaccessories.com\/index.php?rest_route=\/wp\/v2\/types\/product"}],"replies":[{"embeddable":true,"href":"https:\/\/sfashionaccessories.com\/index.php?rest_route=%2Fwp%2Fv2%2Fcomments&post=12884"}],"wp:featuredmedia":[{"embeddable":true,"href":"https:\/\/sfashionaccessories.com\/index.php?rest_route=\/wp\/v2\/media\/12885"}],"wp:attachment":[{"href":"https:\/\/sfashionaccessories.com\/index.php?rest_route=%2Fwp%2Fv2%2Fmedia&parent=12884"}],"wp:term":[{"taxonomy":"product_brand","embeddable":true,"href":"https:\/\/sfashionaccessories.com\/index.php?rest_route=%2Fwp%2Fv2%2Fproduct_brand&post=12884"},{"taxonomy":"product_cat","embeddable":true,"href":"https:\/\/sfashionaccessories.com\/index.php?rest_route=%2Fwp%2Fv2%2Fproduct_cat&post=12884"},{"taxonomy":"product_tag","embeddable":true,"href":"https:\/\/sfashionaccessories.com\/index.php?rest_route=%2Fwp%2Fv2%2Fproduct_tag&post=12884"}],"curies":[{"name":"wp","href":"https:\/\/api.w.org\/{rel}","templated":true}]}}