{"id":12896,"date":"2025-03-28T10:13:34","date_gmt":"2025-03-28T01:13:34","guid":{"rendered":"https:\/\/sfashionaccessories.com\/?post_type=product&#038;p=12896"},"modified":"2025-05-25T13:13:47","modified_gmt":"2025-05-25T04:13:47","slug":"calcinha-calca-classica-promenade-demillus-2","status":"publish","type":"product","link":"https:\/\/sfashionaccessories.com\/?product=calcinha-calca-classica-promenade-demillus-2","title":{"rendered":"Calcinha Cal\u00e7a Cl\u00e1ssica Promenade DeMillus"},"content":{"rendered":"<div class=\"sc-fqkvVR heuZyN sc-hvkINv kmRkGA\" data-testid=\"product-detail-description\">\n<div class=\"sc-fqkvVR hlqElk sc-hKosrt gA-dicm\" data-testid=\"rich-content-container\">*\u00a0 \u00a0Em elastano. C\u00f3s em renda el\u00e1stica larga com leve transpar\u00eancia<\/div>\n<\/div>\n<div data-testid=\"rich-content-container\">\n<ul>\n<li><span class=\"a-list-item a-size-base a-color-base\">POLIAMIDA 81%, ELASTANO 19%, ALGOD\u00c3O FORRO 100%, POLIAMIDA RENDA 72%, VISCOSE 17%, ELASTANO 11%<\/span><\/li>\n<\/ul>\n<\/div>\n<div class=\"sc-fqkvVR heuZyN sc-hvkINv kmRkGA\" data-testid=\"product-detail-description\">\n<div data-testid=\"rich-content-container\">\n<div id=\"globalStoreInfoBullets_feature_div\" class=\"celwidget\" data-feature-name=\"globalStoreInfoBullets\" data-csa-c-type=\"widget\" data-csa-c-content-id=\"globalStoreInfoBullets\" data-csa-c-slot-id=\"globalStoreInfoBullets_feature_div\" data-csa-c-asin=\"\" data-csa-c-is-in-initial-active-row=\"false\" data-csa-c-id=\"o07w0a-tc7jgd-8eqjb8-z1z0fg\" data-cel-widget=\"globalStoreInfoBullets_feature_div\"><\/div>\n<div id=\"buyingOptionNostosBadge_feature_div\" class=\"celwidget\" data-feature-name=\"buyingOptionNostosBadge\" data-csa-c-type=\"widget\" data-csa-c-content-id=\"buyingOptionNostosBadge\" data-csa-c-slot-id=\"buyingOptionNostosBadge_feature_div\" data-csa-c-asin=\"\" data-csa-c-is-in-initial-active-row=\"false\" data-csa-c-id=\"m7kfq9-mh4jy8-d483vp-d3p3z2\" data-cel-widget=\"buyingOptionNostosBadge_feature_div\"><\/div>\n<div id=\"amazonGlobal_feature_div\" class=\"celwidget\" data-feature-name=\"amazonGlobal\" data-csa-c-type=\"widget\" data-csa-c-content-id=\"amazonGlobal\" data-csa-c-slot-id=\"amazonGlobal_feature_div\" data-csa-c-asin=\"\" data-csa-c-is-in-initial-active-row=\"false\" data-csa-c-id=\"8oghts-w7556y-91zxcp-m15b21\" data-cel-widget=\"amazonGlobal_feature_div\"><\/div>\n<div id=\"vendorPoweredCoupon_feature_div\" class=\"celwidget\" data-feature-name=\"vendorPoweredCoupon\" data-csa-c-type=\"widget\" data-csa-c-content-id=\"vendorPoweredCoupon\" data-csa-c-slot-id=\"vendorPoweredCoupon_feature_div\" data-csa-c-asin=\"\" data-csa-c-is-in-initial-active-row=\"false\" data-csa-c-id=\"33kkax-oc4zbt-rwdytt-w31u9u\" data-cel-widget=\"vendorPoweredCoupon_feature_div\"><\/div>\n<div id=\"tellAmazon_feature_div\" class=\"celwidget\" data-feature-name=\"tellAmazon\" data-csa-c-type=\"widget\" data-csa-c-content-id=\"tellAmazon\" data-csa-c-slot-id=\"tellAmazon_feature_div\" data-csa-c-asin=\"\" data-csa-c-is-in-initial-active-row=\"false\" data-csa-c-id=\"6i7yf4-dq5c9g-r46lxs-h098h0\" data-cel-widget=\"tellAmazon_feature_div\"><\/div>\n<\/div>\n<\/div>\n","protected":false},"excerpt":{"rendered":"<p>*\u00a0 \u00a0Em elastano. C\u00f3s em renda el\u00e1stica larga com leve transpar\u00eancia POLIAMIDA 81%, ELASTANO 19%, ALGOD\u00c3O FORRO 100%, POLIAMIDA RENDA 72%, VISCOSE 17%, ELASTANO 11%<\/p>\n","protected":false},"featured_media":21425,"comment_status":"open","ping_status":"closed","template":"","meta":{"_kadence_starter_templates_imported_post":false},"product_brand":[],"product_cat":[215,268,293,29],"product_tag":[348,266,395,458],"class_list":{"0":"post-12896","1":"product","2":"type-product","3":"status-publish","4":"has-post-thumbnail","6":"product_cat-calcinhas-tangas-fio-dental","7":"product_cat-demillus","8":"product_cat-feminino","9":"product_cat-lingeries","10":"product_tag-calcinha","11":"product_tag-demillus","12":"product_tag-feminino","13":"product_tag-lingeries","15":"first","16":"instock","17":"shipping-taxable","18":"purchasable","19":"product-type-variable"},"_links":{"self":[{"href":"https:\/\/sfashionaccessories.com\/index.php?rest_route=\/wp\/v2\/product\/12896","targetHints":{"allow":["GET"]}}],"collection":[{"href":"https:\/\/sfashionaccessories.com\/index.php?rest_route=\/wp\/v2\/product"}],"about":[{"href":"https:\/\/sfashionaccessories.com\/index.php?rest_route=\/wp\/v2\/types\/product"}],"replies":[{"embeddable":true,"href":"https:\/\/sfashionaccessories.com\/index.php?rest_route=%2Fwp%2Fv2%2Fcomments&post=12896"}],"wp:featuredmedia":[{"embeddable":true,"href":"https:\/\/sfashionaccessories.com\/index.php?rest_route=\/wp\/v2\/media\/21425"}],"wp:attachment":[{"href":"https:\/\/sfashionaccessories.com\/index.php?rest_route=%2Fwp%2Fv2%2Fmedia&parent=12896"}],"wp:term":[{"taxonomy":"product_brand","embeddable":true,"href":"https:\/\/sfashionaccessories.com\/index.php?rest_route=%2Fwp%2Fv2%2Fproduct_brand&post=12896"},{"taxonomy":"product_cat","embeddable":true,"href":"https:\/\/sfashionaccessories.com\/index.php?rest_route=%2Fwp%2Fv2%2Fproduct_cat&post=12896"},{"taxonomy":"product_tag","embeddable":true,"href":"https:\/\/sfashionaccessories.com\/index.php?rest_route=%2Fwp%2Fv2%2Fproduct_tag&post=12896"}],"curies":[{"name":"wp","href":"https:\/\/api.w.org\/{rel}","templated":true}]}}