{"id":12936,"date":"2025-09-09T20:24:01","date_gmt":"2025-09-09T11:24:01","guid":{"rendered":"https:\/\/sfashionaccessories.com\/?post_type=product&#038;p=12936"},"modified":"2026-04-03T20:55:48","modified_gmt":"2026-04-03T11:55:48","slug":"calca-cavada-citara-demillus","status":"publish","type":"product","link":"https:\/\/sfashionaccessories.com\/?product=calca-cavada-citara-demillus","title":{"rendered":"Calcinha Cal\u00e7a Cavada C\u00edtara Demillus"},"content":{"rendered":"<p>Calcinha cavada com c\u00f3s duplo e sem costura nas laterais para maior conforto. Cintura e cavas altas ajudando a modelar e disfar\u00e7ar aquelas &#8220;gordurinhas&#8221; indesejadas. Traseiro grande. Pernas cavadas e com acabamento em el\u00e1stico detalhado. Confeccionada em Lycra\u00ae que proporciona conforto, maciez, liberdade de movimentos e um incr\u00edvel caimento. Composi\u00e7\u00e3o: 81% Poliamida e 19% Elastano.<\/p>\n","protected":false},"excerpt":{"rendered":"<p>Calcinha cavada com c\u00f3s duplo e sem costura nas laterais para maior conforto. Cintura e cavas altas ajudando a modelar e disfar\u00e7ar aquelas &#8220;gordurinhas&#8221; indesejadas. Traseiro grande. Pernas cavadas e com acabamento em el\u00e1stico detalhado. Confeccionada em Lycra\u00ae que proporciona conforto, maciez, liberdade de movimentos e um incr\u00edvel caimento. Composi\u00e7\u00e3o: 81% Poliamida e 19% Elastano.<\/p>\n","protected":false},"featured_media":21524,"comment_status":"open","ping_status":"closed","template":"","meta":{"_kadence_starter_templates_imported_post":false},"product_brand":[],"product_cat":[215,268,293,29],"product_tag":[348,266,395,267],"class_list":{"0":"post-12936","1":"product","2":"type-product","3":"status-publish","4":"has-post-thumbnail","6":"product_cat-calcinhas-tangas-fio-dental","7":"product_cat-demillus","8":"product_cat-feminino","9":"product_cat-lingeries","10":"product_tag-calcinha","11":"product_tag-demillus","12":"product_tag-feminino","13":"product_tag-lingerie","15":"first","16":"instock","17":"shipping-taxable","18":"purchasable","19":"product-type-variable"},"_links":{"self":[{"href":"https:\/\/sfashionaccessories.com\/index.php?rest_route=\/wp\/v2\/product\/12936","targetHints":{"allow":["GET"]}}],"collection":[{"href":"https:\/\/sfashionaccessories.com\/index.php?rest_route=\/wp\/v2\/product"}],"about":[{"href":"https:\/\/sfashionaccessories.com\/index.php?rest_route=\/wp\/v2\/types\/product"}],"replies":[{"embeddable":true,"href":"https:\/\/sfashionaccessories.com\/index.php?rest_route=%2Fwp%2Fv2%2Fcomments&post=12936"}],"wp:featuredmedia":[{"embeddable":true,"href":"https:\/\/sfashionaccessories.com\/index.php?rest_route=\/wp\/v2\/media\/21524"}],"wp:attachment":[{"href":"https:\/\/sfashionaccessories.com\/index.php?rest_route=%2Fwp%2Fv2%2Fmedia&parent=12936"}],"wp:term":[{"taxonomy":"product_brand","embeddable":true,"href":"https:\/\/sfashionaccessories.com\/index.php?rest_route=%2Fwp%2Fv2%2Fproduct_brand&post=12936"},{"taxonomy":"product_cat","embeddable":true,"href":"https:\/\/sfashionaccessories.com\/index.php?rest_route=%2Fwp%2Fv2%2Fproduct_cat&post=12936"},{"taxonomy":"product_tag","embeddable":true,"href":"https:\/\/sfashionaccessories.com\/index.php?rest_route=%2Fwp%2Fv2%2Fproduct_tag&post=12936"}],"curies":[{"name":"wp","href":"https:\/\/api.w.org\/{rel}","templated":true}]}}