{"id":13050,"date":"2023-07-30T15:04:06","date_gmt":"2023-07-30T06:04:06","guid":{"rendered":"https:\/\/sfashionaccessories.com\/?post_type=product&#038;p=13050"},"modified":"2024-09-05T15:48:07","modified_gmt":"2024-09-05T06:48:07","slug":"sutia-existence-demillus","status":"publish","type":"product","link":"https:\/\/sfashionaccessories.com\/?product=sutia-existence-demillus","title":{"rendered":"Suti\u00e3 Existence DeMillus"},"content":{"rendered":"<p>Ta\u00e7as em espuma moldada. Suporte Ultraflex. Todo em renda el\u00e1stica. Com al\u00e7as regul\u00e1veis. Para costas mais largas, use com Extensor Triplo<\/p>\n","protected":false},"excerpt":{"rendered":"<p>Ta\u00e7as em espuma moldada. Suporte Ultraflex. Todo em renda el\u00e1stica. Com al\u00e7as regul\u00e1veis. Para costas mais largas, use com Extensor Triplo<\/p>\n","protected":false},"featured_media":13052,"comment_status":"open","ping_status":"closed","template":"","meta":{"_kadence_starter_templates_imported_post":false},"product_brand":[],"product_cat":[268,293,29,221],"product_tag":[266,395,267,265],"class_list":{"0":"post-13050","1":"product","2":"type-product","3":"status-publish","4":"has-post-thumbnail","6":"product_cat-demillus","7":"product_cat-feminino","8":"product_cat-lingeries","9":"product_cat-sutias","10":"product_tag-demillus","11":"product_tag-feminino","12":"product_tag-lingerie","13":"product_tag-sutia","15":"first","16":"instock","17":"shipping-taxable","18":"purchasable","19":"product-type-variable"},"_links":{"self":[{"href":"https:\/\/sfashionaccessories.com\/index.php?rest_route=\/wp\/v2\/product\/13050","targetHints":{"allow":["GET"]}}],"collection":[{"href":"https:\/\/sfashionaccessories.com\/index.php?rest_route=\/wp\/v2\/product"}],"about":[{"href":"https:\/\/sfashionaccessories.com\/index.php?rest_route=\/wp\/v2\/types\/product"}],"replies":[{"embeddable":true,"href":"https:\/\/sfashionaccessories.com\/index.php?rest_route=%2Fwp%2Fv2%2Fcomments&post=13050"}],"wp:featuredmedia":[{"embeddable":true,"href":"https:\/\/sfashionaccessories.com\/index.php?rest_route=\/wp\/v2\/media\/13052"}],"wp:attachment":[{"href":"https:\/\/sfashionaccessories.com\/index.php?rest_route=%2Fwp%2Fv2%2Fmedia&parent=13050"}],"wp:term":[{"taxonomy":"product_brand","embeddable":true,"href":"https:\/\/sfashionaccessories.com\/index.php?rest_route=%2Fwp%2Fv2%2Fproduct_brand&post=13050"},{"taxonomy":"product_cat","embeddable":true,"href":"https:\/\/sfashionaccessories.com\/index.php?rest_route=%2Fwp%2Fv2%2Fproduct_cat&post=13050"},{"taxonomy":"product_tag","embeddable":true,"href":"https:\/\/sfashionaccessories.com\/index.php?rest_route=%2Fwp%2Fv2%2Fproduct_tag&post=13050"}],"curies":[{"name":"wp","href":"https:\/\/api.w.org\/{rel}","templated":true}]}}