{"id":13063,"date":"2023-08-12T19:10:53","date_gmt":"2023-08-12T10:10:53","guid":{"rendered":"https:\/\/sfashionaccessories.com\/?post_type=product&#038;p=13063"},"modified":"2026-04-05T13:02:47","modified_gmt":"2026-04-05T04:02:47","slug":"natura-homem-shampoo-2-em-1-murumuru-300ml","status":"publish","type":"product","link":"https:\/\/sfashionaccessories.com\/?product=natura-homem-shampoo-2-em-1-murumuru-300ml","title":{"rendered":"Natura Homem Shampoo 2 em 1 Murumuru &#8211; 300ml"},"content":{"rendered":"<p>O Shampoo 2 em 1 Natura Homem limpa e condiciona. Pr\u00e1tico, deixa o cabelo macio. Ideal para o homem que se cuida.<\/p>\n<p><b>Benef\u00edcios:<\/b><br \/>\nA manteiga de murumuru na f\u00f3rmula nutre e repara os fios;<br \/>\nShampoo e condicionador;<br \/>\nPr\u00e1tico para o dia a dia;<br \/>\nOferece maciez aos fios;<br \/>\nLimpa e condiciona.<\/p>\n<p>Voc\u00ea sabia?<\/p>\n<p>A manteiga de murumuru, ativo da biodiversidade, presente na f\u00f3rmula nutre e repara os fios. Al\u00e9m disso, este produto combina com todas as fragr\u00e2ncias de Natura Homem.<\/p>\n","protected":false},"excerpt":{"rendered":"<p>O Shampoo 2 em 1 Natura Homem limpa e condiciona. Pr\u00e1tico, deixa o cabelo macio. Ideal para o homem que se cuida. Benef\u00edcios: A manteiga de murumuru na f\u00f3rmula nutre e repara os fios; Shampoo e condicionador; Pr\u00e1tico para o dia a dia; Oferece maciez aos fios; Limpa e condiciona. Voc\u00ea sabia? A manteiga de [&hellip;]<\/p>\n","protected":false},"featured_media":13064,"comment_status":"open","ping_status":"closed","template":"","meta":{"_kadence_starter_templates_imported_post":false},"product_brand":[],"product_cat":[206,203,303],"product_tag":[272,234,126],"class_list":{"0":"post-13063","1":"product","2":"type-product","3":"status-publish","4":"has-post-thumbnail","6":"product_cat-cosmeticos-cremes-hidradantesperfumes","7":"product_cat-natura-creme-oleo-sabonete-perfume","8":"product_cat-shampoo-e-condicionador-natura","9":"product_tag-cosmeticos","10":"product_tag-natura","11":"product_tag-shampoo","13":"first","14":"instock","15":"shipping-taxable","16":"purchasable","17":"product-type-simple"},"_links":{"self":[{"href":"https:\/\/sfashionaccessories.com\/index.php?rest_route=\/wp\/v2\/product\/13063","targetHints":{"allow":["GET"]}}],"collection":[{"href":"https:\/\/sfashionaccessories.com\/index.php?rest_route=\/wp\/v2\/product"}],"about":[{"href":"https:\/\/sfashionaccessories.com\/index.php?rest_route=\/wp\/v2\/types\/product"}],"replies":[{"embeddable":true,"href":"https:\/\/sfashionaccessories.com\/index.php?rest_route=%2Fwp%2Fv2%2Fcomments&post=13063"}],"wp:featuredmedia":[{"embeddable":true,"href":"https:\/\/sfashionaccessories.com\/index.php?rest_route=\/wp\/v2\/media\/13064"}],"wp:attachment":[{"href":"https:\/\/sfashionaccessories.com\/index.php?rest_route=%2Fwp%2Fv2%2Fmedia&parent=13063"}],"wp:term":[{"taxonomy":"product_brand","embeddable":true,"href":"https:\/\/sfashionaccessories.com\/index.php?rest_route=%2Fwp%2Fv2%2Fproduct_brand&post=13063"},{"taxonomy":"product_cat","embeddable":true,"href":"https:\/\/sfashionaccessories.com\/index.php?rest_route=%2Fwp%2Fv2%2Fproduct_cat&post=13063"},{"taxonomy":"product_tag","embeddable":true,"href":"https:\/\/sfashionaccessories.com\/index.php?rest_route=%2Fwp%2Fv2%2Fproduct_tag&post=13063"}],"curies":[{"name":"wp","href":"https:\/\/api.w.org\/{rel}","templated":true}]}}