{"id":13084,"date":"2026-01-20T20:22:31","date_gmt":"2026-01-20T11:22:31","guid":{"rendered":"https:\/\/sfashionaccessories.com\/?post_type=product&#038;p=13084"},"modified":"2026-03-07T08:42:55","modified_gmt":"2026-03-06T23:42:55","slug":"hidratante-natura-tododia-todanoite-creme-noturno-para-o-corpo-cha-de-camomila-e-lavanda-400ml","status":"publish","type":"product","link":"https:\/\/sfashionaccessories.com\/?product=hidratante-natura-tododia-todanoite-creme-noturno-para-o-corpo-cha-de-camomila-e-lavanda-400ml","title":{"rendered":"Hidratante Natura Tododia Todanoite &#8211; Creme noturno para o corpo Ch\u00e1 de Camomila e Lavanda &#8211; 400ml"},"content":{"rendered":"<p>Nutre e recupera sua pele enquanto voc\u00ea dorme.Ap\u00f3s um banho relaxante, complemente o ritual de autocuidado noturno com nutri\u00e7\u00e3o profunda. O Creme Noturno Para o Corpo Tododia Todanoite recupera sua pele enquanto voc\u00ea dorme, com nutri\u00e7\u00e3o prebi\u00f3tica + vitamina B5. A fragr\u00e2ncia relaxante* de ch\u00e1 de camomila e lavanda promove uma experi\u00eancia deliciosa.<\/p>\n","protected":false},"excerpt":{"rendered":"<p>Nutre e recupera sua pele enquanto voc\u00ea dorme.Ap\u00f3s um banho relaxante, complemente o ritual de autocuidado noturno com nutri\u00e7\u00e3o profunda. O Creme Noturno Para o Corpo Tododia Todanoite recupera sua pele enquanto voc\u00ea dorme, com nutri\u00e7\u00e3o prebi\u00f3tica + vitamina B5. A fragr\u00e2ncia relaxante* de ch\u00e1 de camomila e lavanda promove uma experi\u00eancia deliciosa.<\/p>\n","protected":false},"featured_media":13085,"comment_status":"open","ping_status":"closed","template":"","meta":{"_kadence_starter_templates_imported_post":false},"product_brand":[],"product_cat":[465,206,214,203],"product_tag":[272,195,234],"class_list":{"0":"post-13084","1":"product","2":"type-product","3":"status-publish","4":"has-post-thumbnail","6":"product_cat-anuncios","7":"product_cat-cosmeticos-cremes-hidradantesperfumes","8":"product_cat-hidratantes-cremes-corporal","9":"product_cat-natura-creme-oleo-sabonete-perfume","10":"product_tag-cosmeticos","11":"product_tag-creme-hidratante","12":"product_tag-natura","14":"first","15":"outofstock","16":"sale","17":"shipping-taxable","18":"purchasable","19":"product-type-simple"},"_links":{"self":[{"href":"https:\/\/sfashionaccessories.com\/index.php?rest_route=\/wp\/v2\/product\/13084","targetHints":{"allow":["GET"]}}],"collection":[{"href":"https:\/\/sfashionaccessories.com\/index.php?rest_route=\/wp\/v2\/product"}],"about":[{"href":"https:\/\/sfashionaccessories.com\/index.php?rest_route=\/wp\/v2\/types\/product"}],"replies":[{"embeddable":true,"href":"https:\/\/sfashionaccessories.com\/index.php?rest_route=%2Fwp%2Fv2%2Fcomments&post=13084"}],"wp:featuredmedia":[{"embeddable":true,"href":"https:\/\/sfashionaccessories.com\/index.php?rest_route=\/wp\/v2\/media\/13085"}],"wp:attachment":[{"href":"https:\/\/sfashionaccessories.com\/index.php?rest_route=%2Fwp%2Fv2%2Fmedia&parent=13084"}],"wp:term":[{"taxonomy":"product_brand","embeddable":true,"href":"https:\/\/sfashionaccessories.com\/index.php?rest_route=%2Fwp%2Fv2%2Fproduct_brand&post=13084"},{"taxonomy":"product_cat","embeddable":true,"href":"https:\/\/sfashionaccessories.com\/index.php?rest_route=%2Fwp%2Fv2%2Fproduct_cat&post=13084"},{"taxonomy":"product_tag","embeddable":true,"href":"https:\/\/sfashionaccessories.com\/index.php?rest_route=%2Fwp%2Fv2%2Fproduct_tag&post=13084"}],"curies":[{"name":"wp","href":"https:\/\/api.w.org\/{rel}","templated":true}]}}