{"id":13241,"date":"2025-09-07T17:08:36","date_gmt":"2025-09-07T08:08:36","guid":{"rendered":"https:\/\/sfashionaccessories.com\/?post_type=product&#038;p=13241"},"modified":"2026-04-13T19:40:42","modified_gmt":"2026-04-13T10:40:42","slug":"oleo-de-rosa-mosqueta-epile-10ml","status":"publish","type":"product","link":"https:\/\/sfashionaccessories.com\/?product=oleo-de-rosa-mosqueta-epile-10ml","title":{"rendered":"\u00d3leo De Rosa Mosqueta Epil\u00ea 10Ml"},"content":{"rendered":"<p>O\u00a0\u00d3leo de Rosa Mosqueta Epil\u00ea, \u00e9 um \u00f3leo natural e 100% puro, extra\u00eddo a partir da prensagem fria das sementes da Rosa Mosqueta, planta silvestre origin\u00e1ria do oriente e hoje encontrada principalmente no Chile, na regi\u00e3o dos andes.<\/p>\n<p>\u2022\u00a0Auxilia no tratamento de estrias leves;<br \/>\n\u2022\u00a0Reduz e em alguns casos remove as cicatrizes de cirurgias;<br \/>\n\u2022\u00a0Atua no tratamento de queloides;<br \/>\n\u2022\u00a0Age no tratamento de manchas na pele;<br \/>\n\u2022\u00a0Excelente hidratante para peles secas.<\/p>\n","protected":false},"excerpt":{"rendered":"<p>O\u00a0\u00d3leo de Rosa Mosqueta Epil\u00ea, \u00e9 um \u00f3leo natural e 100% puro, extra\u00eddo a partir da prensagem fria das sementes da Rosa Mosqueta, planta silvestre origin\u00e1ria do oriente e hoje encontrada principalmente no Chile, na regi\u00e3o dos andes. \u2022\u00a0Auxilia no tratamento de estrias leves; \u2022\u00a0Reduz e em alguns casos remove as cicatrizes de cirurgias; \u2022\u00a0Atua [&hellip;]<\/p>\n","protected":false},"featured_media":13246,"comment_status":"open","ping_status":"closed","template":"","meta":{"_kadence_starter_templates_imported_post":false},"product_brand":[],"product_cat":[206,322],"product_tag":[272,418],"class_list":{"0":"post-13241","1":"product","2":"type-product","3":"status-publish","4":"has-post-thumbnail","6":"product_cat-cosmeticos-cremes-hidradantesperfumes","7":"product_cat-cremes-hidratantes-oleos","8":"product_tag-cosmeticos","9":"product_tag-oleo","11":"first","12":"instock","13":"shipping-taxable","14":"purchasable","15":"product-type-simple"},"_links":{"self":[{"href":"https:\/\/sfashionaccessories.com\/index.php?rest_route=\/wp\/v2\/product\/13241","targetHints":{"allow":["GET"]}}],"collection":[{"href":"https:\/\/sfashionaccessories.com\/index.php?rest_route=\/wp\/v2\/product"}],"about":[{"href":"https:\/\/sfashionaccessories.com\/index.php?rest_route=\/wp\/v2\/types\/product"}],"replies":[{"embeddable":true,"href":"https:\/\/sfashionaccessories.com\/index.php?rest_route=%2Fwp%2Fv2%2Fcomments&post=13241"}],"wp:featuredmedia":[{"embeddable":true,"href":"https:\/\/sfashionaccessories.com\/index.php?rest_route=\/wp\/v2\/media\/13246"}],"wp:attachment":[{"href":"https:\/\/sfashionaccessories.com\/index.php?rest_route=%2Fwp%2Fv2%2Fmedia&parent=13241"}],"wp:term":[{"taxonomy":"product_brand","embeddable":true,"href":"https:\/\/sfashionaccessories.com\/index.php?rest_route=%2Fwp%2Fv2%2Fproduct_brand&post=13241"},{"taxonomy":"product_cat","embeddable":true,"href":"https:\/\/sfashionaccessories.com\/index.php?rest_route=%2Fwp%2Fv2%2Fproduct_cat&post=13241"},{"taxonomy":"product_tag","embeddable":true,"href":"https:\/\/sfashionaccessories.com\/index.php?rest_route=%2Fwp%2Fv2%2Fproduct_tag&post=13241"}],"curies":[{"name":"wp","href":"https:\/\/api.w.org\/{rel}","templated":true}]}}