{"id":13382,"date":"2025-03-24T15:27:09","date_gmt":"2025-03-24T06:27:09","guid":{"rendered":"https:\/\/sfashionaccessories.com\/?post_type=product&#038;p=13382"},"modified":"2026-02-18T13:29:46","modified_gmt":"2026-02-18T04:29:46","slug":"matizador-3d-mega-red-efeito-vermelho-300ml","status":"publish","type":"product","link":"https:\/\/sfashionaccessories.com\/?product=matizador-3d-mega-red-efeito-vermelho-300ml","title":{"rendered":"Matizador Magic Color- 3D Mega Red &#8211; Efeito Vermelho &#8211; 300ml"},"content":{"rendered":"<p style=\"font-weight: 400;\">As M\u00e1scaras Matizadoras 3D cont\u00eam exclusiva tecnologia Amino-Pro Color, um complexo de amino\u00e1cidos e prote\u00ednas com sistema\u00a0<b>TRIPLA A\u00c7\u00c3O<\/b>: matiza, restaura e protege. Com pigmentos de alta performance, neutralizam o amarelado e alaranjado dos fios, esfriando os tons quentes que s\u00e3o causados pela a\u00e7\u00e3o do tempo, processos qu\u00edmicos e ferramentas de calor que causam a oxida\u00e7\u00e3o da cor.<\/p>\n<p style=\"font-weight: 400;\"><b>Amino-Pro Color:<\/b>\u00a0rep\u00f5e amino\u00e1cidos e prote\u00ednas refor\u00e7ando sua estrutura, repara o fio danificado e quebradi\u00e7o, atua como protetor t\u00e9rmico e filtro UV vegetal*.<\/p>\n<p style=\"font-weight: 400;\"><b>ATEN\u00c7\u00c3O:\u00a0<\/b>O resultado da neutraliza\u00e7\u00e3o varia de acordo com o clareamento do fio, preparo do produto e tempo de pausa. REALIZE TESTE DE MECHA antes da aplica\u00e7\u00e3o. Este produto n\u00e3o tem fun\u00e7\u00e3o de clarear os fios.<\/p>\n","protected":false},"excerpt":{"rendered":"<p>As M\u00e1scaras Matizadoras 3D cont\u00eam exclusiva tecnologia Amino-Pro Color, um complexo de amino\u00e1cidos e prote\u00ednas com sistema\u00a0TRIPLA A\u00c7\u00c3O: matiza, restaura e protege. Com pigmentos de alta performance, neutralizam o amarelado e alaranjado dos fios, esfriando os tons quentes que s\u00e3o causados pela a\u00e7\u00e3o do tempo, processos qu\u00edmicos e ferramentas de calor que causam a oxida\u00e7\u00e3o [&hellip;]<\/p>\n","protected":false},"featured_media":13386,"comment_status":"open","ping_status":"closed","template":"","meta":{"_kadence_starter_templates_imported_post":false},"product_brand":[],"product_cat":[465,204,206,304,524],"product_tag":[272,486,443],"class_list":{"0":"post-13382","1":"product","2":"type-product","3":"status-publish","4":"has-post-thumbnail","6":"product_cat-anuncios","7":"product_cat-matizador-sampoo-condicionador-hidratante","8":"product_cat-cosmeticos-cremes-hidradantesperfumes","9":"product_cat-cremes-mascaras-oleos","10":"product_cat-magic-color","11":"product_tag-cosmeticos","12":"product_tag-magic-color","13":"product_tag-matizador","15":"first","16":"instock","17":"sale","18":"shipping-taxable","19":"purchasable","20":"product-type-simple"},"_links":{"self":[{"href":"https:\/\/sfashionaccessories.com\/index.php?rest_route=\/wp\/v2\/product\/13382","targetHints":{"allow":["GET"]}}],"collection":[{"href":"https:\/\/sfashionaccessories.com\/index.php?rest_route=\/wp\/v2\/product"}],"about":[{"href":"https:\/\/sfashionaccessories.com\/index.php?rest_route=\/wp\/v2\/types\/product"}],"replies":[{"embeddable":true,"href":"https:\/\/sfashionaccessories.com\/index.php?rest_route=%2Fwp%2Fv2%2Fcomments&post=13382"}],"wp:featuredmedia":[{"embeddable":true,"href":"https:\/\/sfashionaccessories.com\/index.php?rest_route=\/wp\/v2\/media\/13386"}],"wp:attachment":[{"href":"https:\/\/sfashionaccessories.com\/index.php?rest_route=%2Fwp%2Fv2%2Fmedia&parent=13382"}],"wp:term":[{"taxonomy":"product_brand","embeddable":true,"href":"https:\/\/sfashionaccessories.com\/index.php?rest_route=%2Fwp%2Fv2%2Fproduct_brand&post=13382"},{"taxonomy":"product_cat","embeddable":true,"href":"https:\/\/sfashionaccessories.com\/index.php?rest_route=%2Fwp%2Fv2%2Fproduct_cat&post=13382"},{"taxonomy":"product_tag","embeddable":true,"href":"https:\/\/sfashionaccessories.com\/index.php?rest_route=%2Fwp%2Fv2%2Fproduct_tag&post=13382"}],"curies":[{"name":"wp","href":"https:\/\/api.w.org\/{rel}","templated":true}]}}