{"id":13417,"date":"2023-09-24T15:12:32","date_gmt":"2023-09-24T06:12:32","guid":{"rendered":"https:\/\/sfashionaccessories.com\/?post_type=product&#038;p=13417"},"modified":"2026-04-18T14:29:57","modified_gmt":"2026-04-18T05:29:57","slug":"desodorante-corporal-erva-doce-100-ml-natura","status":"publish","type":"product","link":"https:\/\/sfashionaccessories.com\/?product=desodorante-corporal-erva-doce-100-ml-natura","title":{"rendered":"Desodorante Corporal Erva Doce 100 ml &#8211; Natura"},"content":{"rendered":"<p>Sensa\u00e7\u00e3o de frescor e bem estar para o corpo todo, com a fragr\u00e2ncia inconfund\u00edvel de erva doce. Esse desodorante foi desenvolvido para proteger e perfumar sua pele contra odores da transpira\u00e7\u00e3o.<\/p>\n","protected":false},"excerpt":{"rendered":"<p>Sensa\u00e7\u00e3o de frescor e bem estar para o corpo todo, com a fragr\u00e2ncia inconfund\u00edvel de erva doce. Esse desodorante foi desenvolvido para proteger e perfumar sua pele contra odores da transpira\u00e7\u00e3o.<\/p>\n","protected":false},"featured_media":13416,"comment_status":"open","ping_status":"closed","template":"","meta":{"_kadence_starter_templates_imported_post":false},"product_brand":[],"product_cat":[206,276,213,203],"product_tag":[272,239,234],"class_list":{"0":"post-13417","1":"product","2":"type-product","3":"status-publish","4":"has-post-thumbnail","6":"product_cat-cosmeticos-cremes-hidradantesperfumes","7":"product_cat-desodorante","8":"product_cat-desodorantes-anti-transpirantes","9":"product_cat-natura-creme-oleo-sabonete-perfume","10":"product_tag-cosmeticos","11":"product_tag-desodorante","12":"product_tag-natura","14":"first","15":"instock","16":"shipping-taxable","17":"purchasable","18":"product-type-simple"},"_links":{"self":[{"href":"https:\/\/sfashionaccessories.com\/index.php?rest_route=\/wp\/v2\/product\/13417","targetHints":{"allow":["GET"]}}],"collection":[{"href":"https:\/\/sfashionaccessories.com\/index.php?rest_route=\/wp\/v2\/product"}],"about":[{"href":"https:\/\/sfashionaccessories.com\/index.php?rest_route=\/wp\/v2\/types\/product"}],"replies":[{"embeddable":true,"href":"https:\/\/sfashionaccessories.com\/index.php?rest_route=%2Fwp%2Fv2%2Fcomments&post=13417"}],"wp:featuredmedia":[{"embeddable":true,"href":"https:\/\/sfashionaccessories.com\/index.php?rest_route=\/wp\/v2\/media\/13416"}],"wp:attachment":[{"href":"https:\/\/sfashionaccessories.com\/index.php?rest_route=%2Fwp%2Fv2%2Fmedia&parent=13417"}],"wp:term":[{"taxonomy":"product_brand","embeddable":true,"href":"https:\/\/sfashionaccessories.com\/index.php?rest_route=%2Fwp%2Fv2%2Fproduct_brand&post=13417"},{"taxonomy":"product_cat","embeddable":true,"href":"https:\/\/sfashionaccessories.com\/index.php?rest_route=%2Fwp%2Fv2%2Fproduct_cat&post=13417"},{"taxonomy":"product_tag","embeddable":true,"href":"https:\/\/sfashionaccessories.com\/index.php?rest_route=%2Fwp%2Fv2%2Fproduct_tag&post=13417"}],"curies":[{"name":"wp","href":"https:\/\/api.w.org\/{rel}","templated":true}]}}