{"id":13428,"date":"2023-09-24T18:59:56","date_gmt":"2023-09-24T09:59:56","guid":{"rendered":"https:\/\/sfashionaccessories.com\/?post_type=product&#038;p=13428"},"modified":"2024-09-28T10:18:23","modified_gmt":"2024-09-28T01:18:23","slug":"calcinha-biquini-demillus-nupcial","status":"publish","type":"product","link":"https:\/\/sfashionaccessories.com\/?product=calcinha-biquini-demillus-nupcial","title":{"rendered":"Calcinha Biqu\u00edni Demillus Nupcial"},"content":{"rendered":"<div class=\"sc-fqkvVR heuZyN sc-dnvZjJ dtJjfe\" data-testid=\"product-detail-description\">\n<div class=\"sc-fqkvVR hlqElk sc-jcdlHQ cxsdMT\" data-testid=\"rich-content-container\">\n<p><strong>Caracter\u00edsticas:<\/strong><\/p>\n<ul>\n<li>Calcinha Biqu\u00edni Demillus Nupcial.<\/li>\n<li>Confeccionado em tule el\u00e1stico com detalhes em renda el\u00e1stica.<\/li>\n<li>Frente forrada, costas com transpar\u00eancia.<\/li>\n<\/ul>\n<p><strong>Composi\u00e7\u00e3o:<\/strong><\/p>\n<ul>\n<li>86% Poliamida e 14% Elastano.<\/li>\n<li>Renda: 85% Poliamida e 15% Elastano.<\/li>\n<li>Forro: 100% Algod\u00e3o.<\/li>\n<\/ul>\n<\/div>\n<\/div>\n","protected":false},"excerpt":{"rendered":"<p>Caracter\u00edsticas: Calcinha Biqu\u00edni Demillus Nupcial. Confeccionado em tule el\u00e1stico com detalhes em renda el\u00e1stica. Frente forrada, costas com transpar\u00eancia. Composi\u00e7\u00e3o: 86% Poliamida e 14% Elastano. Renda: 85% Poliamida e 15% Elastano. Forro: 100% Algod\u00e3o.<\/p>\n","protected":false},"featured_media":13425,"comment_status":"open","ping_status":"closed","template":"","meta":{"_kadence_starter_templates_imported_post":false},"product_brand":[],"product_cat":[215,268,293,29],"product_tag":[348,266,395,267],"class_list":{"0":"post-13428","1":"product","2":"type-product","3":"status-publish","4":"has-post-thumbnail","6":"product_cat-calcinhas-tangas-fio-dental","7":"product_cat-demillus","8":"product_cat-feminino","9":"product_cat-lingeries","10":"product_tag-calcinha","11":"product_tag-demillus","12":"product_tag-feminino","13":"product_tag-lingerie","15":"first","16":"instock","17":"shipping-taxable","18":"purchasable","19":"product-type-variable"},"_links":{"self":[{"href":"https:\/\/sfashionaccessories.com\/index.php?rest_route=\/wp\/v2\/product\/13428","targetHints":{"allow":["GET"]}}],"collection":[{"href":"https:\/\/sfashionaccessories.com\/index.php?rest_route=\/wp\/v2\/product"}],"about":[{"href":"https:\/\/sfashionaccessories.com\/index.php?rest_route=\/wp\/v2\/types\/product"}],"replies":[{"embeddable":true,"href":"https:\/\/sfashionaccessories.com\/index.php?rest_route=%2Fwp%2Fv2%2Fcomments&post=13428"}],"wp:featuredmedia":[{"embeddable":true,"href":"https:\/\/sfashionaccessories.com\/index.php?rest_route=\/wp\/v2\/media\/13425"}],"wp:attachment":[{"href":"https:\/\/sfashionaccessories.com\/index.php?rest_route=%2Fwp%2Fv2%2Fmedia&parent=13428"}],"wp:term":[{"taxonomy":"product_brand","embeddable":true,"href":"https:\/\/sfashionaccessories.com\/index.php?rest_route=%2Fwp%2Fv2%2Fproduct_brand&post=13428"},{"taxonomy":"product_cat","embeddable":true,"href":"https:\/\/sfashionaccessories.com\/index.php?rest_route=%2Fwp%2Fv2%2Fproduct_cat&post=13428"},{"taxonomy":"product_tag","embeddable":true,"href":"https:\/\/sfashionaccessories.com\/index.php?rest_route=%2Fwp%2Fv2%2Fproduct_tag&post=13428"}],"curies":[{"name":"wp","href":"https:\/\/api.w.org\/{rel}","templated":true}]}}