{"id":13438,"date":"2025-04-20T19:16:35","date_gmt":"2025-04-20T10:16:35","guid":{"rendered":"https:\/\/sfashionaccessories.com\/?post_type=product&#038;p=13438"},"modified":"2025-04-22T15:03:13","modified_gmt":"2025-04-22T06:03:13","slug":"sutia-angelet-lieve-demillus","status":"publish","type":"product","link":"https:\/\/sfashionaccessories.com\/?product=sutia-angelet-lieve-demillus","title":{"rendered":"Suti\u00e3 Angelet Lieve DeMillus-063046"},"content":{"rendered":"<p>Frente inteira em espuma moldada, anat\u00f4mica e super macia. Costura embutida. N\u00e3o marca sob a roupa. Sem aro. Barbatanas nas laterais. Acomoda os seios de forma natural. Leveza e conforto. Tecido com 91% de fio poliamida com biodegrada\u00e7\u00e3o acelerada.<\/p>\n","protected":false},"excerpt":{"rendered":"<p>Frente inteira em espuma moldada, anat\u00f4mica e super macia. Costura embutida. N\u00e3o marca sob a roupa. Sem aro. Barbatanas nas laterais. Acomoda os seios de forma natural. Leveza e conforto. Tecido com 91% de fio poliamida com biodegrada\u00e7\u00e3o acelerada.<\/p>\n","protected":false},"featured_media":13439,"comment_status":"open","ping_status":"closed","template":"","meta":{"_kadence_starter_templates_imported_post":false},"product_brand":[],"product_cat":[268,293,29],"product_tag":[266,395,267,265],"class_list":{"0":"post-13438","1":"product","2":"type-product","3":"status-publish","4":"has-post-thumbnail","6":"product_cat-demillus","7":"product_cat-feminino","8":"product_cat-lingeries","9":"product_tag-demillus","10":"product_tag-feminino","11":"product_tag-lingerie","12":"product_tag-sutia","14":"first","15":"instock","16":"shipping-taxable","17":"purchasable","18":"product-type-variable"},"_links":{"self":[{"href":"https:\/\/sfashionaccessories.com\/index.php?rest_route=\/wp\/v2\/product\/13438","targetHints":{"allow":["GET"]}}],"collection":[{"href":"https:\/\/sfashionaccessories.com\/index.php?rest_route=\/wp\/v2\/product"}],"about":[{"href":"https:\/\/sfashionaccessories.com\/index.php?rest_route=\/wp\/v2\/types\/product"}],"replies":[{"embeddable":true,"href":"https:\/\/sfashionaccessories.com\/index.php?rest_route=%2Fwp%2Fv2%2Fcomments&post=13438"}],"wp:featuredmedia":[{"embeddable":true,"href":"https:\/\/sfashionaccessories.com\/index.php?rest_route=\/wp\/v2\/media\/13439"}],"wp:attachment":[{"href":"https:\/\/sfashionaccessories.com\/index.php?rest_route=%2Fwp%2Fv2%2Fmedia&parent=13438"}],"wp:term":[{"taxonomy":"product_brand","embeddable":true,"href":"https:\/\/sfashionaccessories.com\/index.php?rest_route=%2Fwp%2Fv2%2Fproduct_brand&post=13438"},{"taxonomy":"product_cat","embeddable":true,"href":"https:\/\/sfashionaccessories.com\/index.php?rest_route=%2Fwp%2Fv2%2Fproduct_cat&post=13438"},{"taxonomy":"product_tag","embeddable":true,"href":"https:\/\/sfashionaccessories.com\/index.php?rest_route=%2Fwp%2Fv2%2Fproduct_tag&post=13438"}],"curies":[{"name":"wp","href":"https:\/\/api.w.org\/{rel}","templated":true}]}}