{"id":13523,"date":"2025-11-18T18:46:32","date_gmt":"2025-11-18T09:46:32","guid":{"rendered":"https:\/\/sfashionaccessories.com\/?post_type=product&#038;p=13523"},"modified":"2025-11-18T21:37:16","modified_gmt":"2025-11-18T12:37:16","slug":"max-camisa-manga-longa","status":"publish","type":"product","link":"https:\/\/sfashionaccessories.com\/?product=max-camisa-manga-longa","title":{"rendered":"CAMISA MAX ANGEL"},"content":{"rendered":"<p>Modelo: max camisa manga longa , bot\u00f5es funcionais<\/p>\n<p>Tecido: alfaiataria<\/p>\n<p>Cor: verde<\/p>\n<p>Composi\u00e7\u00e3o: viscolinho 100% viscose forro 100% poliester<\/p>\n","protected":false},"excerpt":{"rendered":"<p>Modelo: max camisa manga longa , bot\u00f5es funcionais Tecido: alfaiataria Cor: verde Composi\u00e7\u00e3o: viscolinho 100% viscose forro 100% poliester<\/p>\n","protected":false},"featured_media":13527,"comment_status":"open","ping_status":"closed","template":"","meta":{"_kadence_starter_templates_imported_post":false},"product_brand":[],"product_cat":[43,293],"product_tag":[189,395,188],"class_list":{"0":"post-13523","1":"product","2":"type-product","3":"status-publish","4":"has-post-thumbnail","6":"product_cat-blusas-camisetas-femininas","7":"product_cat-feminino","8":"product_tag-blusas","9":"product_tag-feminino","10":"product_tag-moda-feminina","12":"first","13":"instock","14":"shipping-taxable","15":"purchasable","16":"product-type-variable"},"_links":{"self":[{"href":"https:\/\/sfashionaccessories.com\/index.php?rest_route=\/wp\/v2\/product\/13523","targetHints":{"allow":["GET"]}}],"collection":[{"href":"https:\/\/sfashionaccessories.com\/index.php?rest_route=\/wp\/v2\/product"}],"about":[{"href":"https:\/\/sfashionaccessories.com\/index.php?rest_route=\/wp\/v2\/types\/product"}],"replies":[{"embeddable":true,"href":"https:\/\/sfashionaccessories.com\/index.php?rest_route=%2Fwp%2Fv2%2Fcomments&post=13523"}],"wp:featuredmedia":[{"embeddable":true,"href":"https:\/\/sfashionaccessories.com\/index.php?rest_route=\/wp\/v2\/media\/13527"}],"wp:attachment":[{"href":"https:\/\/sfashionaccessories.com\/index.php?rest_route=%2Fwp%2Fv2%2Fmedia&parent=13523"}],"wp:term":[{"taxonomy":"product_brand","embeddable":true,"href":"https:\/\/sfashionaccessories.com\/index.php?rest_route=%2Fwp%2Fv2%2Fproduct_brand&post=13523"},{"taxonomy":"product_cat","embeddable":true,"href":"https:\/\/sfashionaccessories.com\/index.php?rest_route=%2Fwp%2Fv2%2Fproduct_cat&post=13523"},{"taxonomy":"product_tag","embeddable":true,"href":"https:\/\/sfashionaccessories.com\/index.php?rest_route=%2Fwp%2Fv2%2Fproduct_tag&post=13523"}],"curies":[{"name":"wp","href":"https:\/\/api.w.org\/{rel}","templated":true}]}}