{"id":13628,"date":"2023-10-14T12:41:28","date_gmt":"2023-10-14T03:41:28","guid":{"rendered":"https:\/\/sfashionaccessories.com\/?post_type=product&#038;p=13628"},"modified":"2026-04-13T20:07:31","modified_gmt":"2026-04-13T11:07:31","slug":"shampoo-mamae-e-bebe-200ml-natura","status":"publish","type":"product","link":"https:\/\/sfashionaccessories.com\/?product=shampoo-mamae-e-bebe-200ml-natura","title":{"rendered":"Shampoo Mam\u00e3e e Beb\u00ea 200ml &#8211; Natura"},"content":{"rendered":"<p>Cuidado e carinho desde o primeiro dia de vida &#8211; A f\u00f3rmula vegana do Shampoo Mam\u00e3e e Beb\u00ea cont\u00e9m somente o essencial para limpar de forma suave e delicada- o cabelo do beb\u00ea. Por isso, pode ser usado desde o primeiro banho. Deixa os fios macios, cheirosos, mais f\u00e1ceis- de pentear e n\u00e3o irrita os olhinhos e nem o couro cabeludo.<\/p>\n<p>\u00c9 bom voc\u00ea saber:- Testado e aprovado por pediatras- Perfuma\u00e7\u00e3o suave e segura- 98% de ingredientes naturais- Produto vegano Benef\u00edcios- F\u00f3rmula 100% segura, para ser usada desde- primeiro dia de vida;- Cabelos macios e cheirosos;- F\u00e1cil enx\u00e1gue;- Somente com o essencial para a pele sens\u00edvel do beb\u00ea;- Perfuma\u00e7\u00e3o suave e segura;- N\u00e3o arde os olhos;- Frasco 100% pl\u00e1stico verde;- Dermatologicamente e oftalmologicamente testado;- Sem ingredientes controversos. Dicas de uso- Umede\u00e7a o cabelinho, coloque uma pequena quantidade do shampoo nas m\u00e3os e massageie- de forma delicada a cabe\u00e7a do beb\u00ea. Enx\u00e1gue at\u00e9 a remo\u00e7\u00e3o completa. Voc\u00ea sabia?- As f\u00f3rmulas de Mam\u00e3e e Beb\u00ea foram desenvolvidas com o que h\u00e1 de mais moderno e seguro- mundialmente, para cuidar de seu beb\u00ea desde o primeiro dia de vida, e s\u00e3o testadas e aprovadas por pediatras.<\/p>\n","protected":false},"excerpt":{"rendered":"<p>Cuidado e carinho desde o primeiro dia de vida &#8211; A f\u00f3rmula vegana do Shampoo Mam\u00e3e e Beb\u00ea cont\u00e9m somente o essencial para limpar de forma suave e delicada- o cabelo do beb\u00ea. Por isso, pode ser usado desde o primeiro banho. Deixa os fios macios, cheirosos, mais f\u00e1ceis- de pentear e n\u00e3o irrita os [&hellip;]<\/p>\n","protected":false},"featured_media":13627,"comment_status":"open","ping_status":"closed","template":"","meta":{"_kadence_starter_templates_imported_post":false},"product_brand":[],"product_cat":[206,203,281],"product_tag":[272,234,126],"class_list":{"0":"post-13628","1":"product","2":"type-product","3":"status-publish","4":"has-post-thumbnail","6":"product_cat-cosmeticos-cremes-hidradantesperfumes","7":"product_cat-natura-creme-oleo-sabonete-perfume","8":"product_cat-shampoo","9":"product_tag-cosmeticos","10":"product_tag-natura","11":"product_tag-shampoo","13":"first","14":"instock","15":"shipping-taxable","16":"purchasable","17":"product-type-simple"},"_links":{"self":[{"href":"https:\/\/sfashionaccessories.com\/index.php?rest_route=\/wp\/v2\/product\/13628","targetHints":{"allow":["GET"]}}],"collection":[{"href":"https:\/\/sfashionaccessories.com\/index.php?rest_route=\/wp\/v2\/product"}],"about":[{"href":"https:\/\/sfashionaccessories.com\/index.php?rest_route=\/wp\/v2\/types\/product"}],"replies":[{"embeddable":true,"href":"https:\/\/sfashionaccessories.com\/index.php?rest_route=%2Fwp%2Fv2%2Fcomments&post=13628"}],"wp:featuredmedia":[{"embeddable":true,"href":"https:\/\/sfashionaccessories.com\/index.php?rest_route=\/wp\/v2\/media\/13627"}],"wp:attachment":[{"href":"https:\/\/sfashionaccessories.com\/index.php?rest_route=%2Fwp%2Fv2%2Fmedia&parent=13628"}],"wp:term":[{"taxonomy":"product_brand","embeddable":true,"href":"https:\/\/sfashionaccessories.com\/index.php?rest_route=%2Fwp%2Fv2%2Fproduct_brand&post=13628"},{"taxonomy":"product_cat","embeddable":true,"href":"https:\/\/sfashionaccessories.com\/index.php?rest_route=%2Fwp%2Fv2%2Fproduct_cat&post=13628"},{"taxonomy":"product_tag","embeddable":true,"href":"https:\/\/sfashionaccessories.com\/index.php?rest_route=%2Fwp%2Fv2%2Fproduct_tag&post=13628"}],"curies":[{"name":"wp","href":"https:\/\/api.w.org\/{rel}","templated":true}]}}