{"id":13640,"date":"2025-12-27T17:53:56","date_gmt":"2025-12-27T08:53:56","guid":{"rendered":"https:\/\/sfashionaccessories.com\/?post_type=product&#038;p=13640"},"modified":"2026-03-05T15:00:26","modified_gmt":"2026-03-05T06:00:26","slug":"oleo-para-banho-style-pleasures-240-ml","status":"publish","type":"product","link":"https:\/\/sfashionaccessories.com\/?product=oleo-para-banho-style-pleasures-240-ml","title":{"rendered":"\u00d3LEO PARA BANHO STYLE PLEASURES 240 ML"},"content":{"rendered":"<p>O \u00d3leo Corporal Style Pleasures apresenta uma textura fin\u00edssima, proporcionando um delicioso toque acetinado \u00e0 c\u00fatis, com sensa\u00e7\u00e3o de maciez e perfuma\u00e7\u00e3o sensual e adocicada caracter\u00edstica da linha. Sua formula\u00e7\u00e3o cont\u00e9m mix de \u00f3leos vegetais e ativos hidratantes, que nutrem e favorecem a manuten\u00e7\u00e3o da umidade natural da barreira cut\u00e2nea e auxiliam na renova\u00e7\u00e3o celular. Livre de ingredientes de origem animal e livre de petrolatos.<br \/>\nPraticidade de uso: sua f\u00f3rmula sol\u00favel em \u00e1gua, cria uma leve emuls\u00e3o no contato com a pele molhada promovendo um toque macio.<\/p>\n","protected":false},"excerpt":{"rendered":"<p>O \u00d3leo Corporal Style Pleasures apresenta uma textura fin\u00edssima, proporcionando um delicioso toque acetinado \u00e0 c\u00fatis, com sensa\u00e7\u00e3o de maciez e perfuma\u00e7\u00e3o sensual e adocicada caracter\u00edstica da linha. Sua formula\u00e7\u00e3o cont\u00e9m mix de \u00f3leos vegetais e ativos hidratantes, que nutrem e favorecem a manuten\u00e7\u00e3o da umidade natural da barreira cut\u00e2nea e auxiliam na renova\u00e7\u00e3o celular. [&hellip;]<\/p>\n","protected":false},"featured_media":13639,"comment_status":"open","ping_status":"closed","template":"","meta":{"_kadence_starter_templates_imported_post":false},"product_brand":[],"product_cat":[465,206,167,542],"product_tag":[272,192,605],"class_list":{"0":"post-13640","1":"product","2":"type-product","3":"status-publish","4":"has-post-thumbnail","6":"product_cat-anuncios","7":"product_cat-cosmeticos-cremes-hidradantesperfumes","8":"product_cat-mahogany","9":"product_cat-oleo-corporal","10":"product_tag-cosmeticos","11":"product_tag-mahogany","12":"product_tag-oleo-para-banho","14":"first","15":"instock","16":"shipping-taxable","17":"purchasable","18":"product-type-simple"},"_links":{"self":[{"href":"https:\/\/sfashionaccessories.com\/index.php?rest_route=\/wp\/v2\/product\/13640","targetHints":{"allow":["GET"]}}],"collection":[{"href":"https:\/\/sfashionaccessories.com\/index.php?rest_route=\/wp\/v2\/product"}],"about":[{"href":"https:\/\/sfashionaccessories.com\/index.php?rest_route=\/wp\/v2\/types\/product"}],"replies":[{"embeddable":true,"href":"https:\/\/sfashionaccessories.com\/index.php?rest_route=%2Fwp%2Fv2%2Fcomments&post=13640"}],"wp:featuredmedia":[{"embeddable":true,"href":"https:\/\/sfashionaccessories.com\/index.php?rest_route=\/wp\/v2\/media\/13639"}],"wp:attachment":[{"href":"https:\/\/sfashionaccessories.com\/index.php?rest_route=%2Fwp%2Fv2%2Fmedia&parent=13640"}],"wp:term":[{"taxonomy":"product_brand","embeddable":true,"href":"https:\/\/sfashionaccessories.com\/index.php?rest_route=%2Fwp%2Fv2%2Fproduct_brand&post=13640"},{"taxonomy":"product_cat","embeddable":true,"href":"https:\/\/sfashionaccessories.com\/index.php?rest_route=%2Fwp%2Fv2%2Fproduct_cat&post=13640"},{"taxonomy":"product_tag","embeddable":true,"href":"https:\/\/sfashionaccessories.com\/index.php?rest_route=%2Fwp%2Fv2%2Fproduct_tag&post=13640"}],"curies":[{"name":"wp","href":"https:\/\/api.w.org\/{rel}","templated":true}]}}