{"id":13646,"date":"2025-12-27T18:01:28","date_gmt":"2025-12-27T09:01:28","guid":{"rendered":"https:\/\/sfashionaccessories.com\/?post_type=product&#038;p=13646"},"modified":"2026-03-18T13:50:56","modified_gmt":"2026-03-18T04:50:56","slug":"fragrancia-des-make-me-fever-rose-100-ml","status":"publish","type":"product","link":"https:\/\/sfashionaccessories.com\/?product=fragrancia-des-make-me-fever-rose-100-ml","title":{"rendered":"Mahogany FRAGR\u00c2NCIA DES. MAKE ME FEVER ROSE 100 ML"},"content":{"rendered":"<p>Moderna, sofisticada e decidida. Make me Fever Rose perfuma de forma fascinante com uma ess\u00eancia chipre floral, que envolve todo o corpo. Sua primeira impress\u00e3o \u00e9 de uma surpreendente uni\u00e3o da mandarina e do maracuj\u00e1. O que se percebe a seguir \u00e9 uma evolu\u00e7\u00e3o do jasmim, do l\u00edrio e de muitas rosas, que se pronunciam de forma elegante e unem-se, finalmente, ao musgo de carvalho, conotando uma incr\u00edvel e moderna eleg\u00e2ncia feminina.<br \/>\nCaminho Olfativo: Chipre Floral.<\/p>\n","protected":false},"excerpt":{"rendered":"<p>Moderna, sofisticada e decidida. Make me Fever Rose perfuma de forma fascinante com uma ess\u00eancia chipre floral, que envolve todo o corpo. Sua primeira impress\u00e3o \u00e9 de uma surpreendente uni\u00e3o da mandarina e do maracuj\u00e1. O que se percebe a seguir \u00e9 uma evolu\u00e7\u00e3o do jasmim, do l\u00edrio e de muitas rosas, que se pronunciam [&hellip;]<\/p>\n","protected":false},"featured_media":24848,"comment_status":"open","ping_status":"closed","template":"","meta":{"_kadence_starter_templates_imported_post":false},"product_brand":[],"product_cat":[465,206,276,167,224],"product_tag":[272,239,192,233],"class_list":{"0":"post-13646","1":"product","2":"type-product","3":"status-publish","4":"has-post-thumbnail","6":"product_cat-anuncios","7":"product_cat-cosmeticos-cremes-hidradantesperfumes","8":"product_cat-desodorante","9":"product_cat-mahogany","10":"product_cat-perfumes-2","11":"product_tag-cosmeticos","12":"product_tag-desodorante","13":"product_tag-mahogany","14":"product_tag-perfume","16":"first","17":"instock","18":"sale","19":"shipping-taxable","20":"purchasable","21":"product-type-simple"},"_links":{"self":[{"href":"https:\/\/sfashionaccessories.com\/index.php?rest_route=\/wp\/v2\/product\/13646","targetHints":{"allow":["GET"]}}],"collection":[{"href":"https:\/\/sfashionaccessories.com\/index.php?rest_route=\/wp\/v2\/product"}],"about":[{"href":"https:\/\/sfashionaccessories.com\/index.php?rest_route=\/wp\/v2\/types\/product"}],"replies":[{"embeddable":true,"href":"https:\/\/sfashionaccessories.com\/index.php?rest_route=%2Fwp%2Fv2%2Fcomments&post=13646"}],"wp:featuredmedia":[{"embeddable":true,"href":"https:\/\/sfashionaccessories.com\/index.php?rest_route=\/wp\/v2\/media\/24848"}],"wp:attachment":[{"href":"https:\/\/sfashionaccessories.com\/index.php?rest_route=%2Fwp%2Fv2%2Fmedia&parent=13646"}],"wp:term":[{"taxonomy":"product_brand","embeddable":true,"href":"https:\/\/sfashionaccessories.com\/index.php?rest_route=%2Fwp%2Fv2%2Fproduct_brand&post=13646"},{"taxonomy":"product_cat","embeddable":true,"href":"https:\/\/sfashionaccessories.com\/index.php?rest_route=%2Fwp%2Fv2%2Fproduct_cat&post=13646"},{"taxonomy":"product_tag","embeddable":true,"href":"https:\/\/sfashionaccessories.com\/index.php?rest_route=%2Fwp%2Fv2%2Fproduct_tag&post=13646"}],"curies":[{"name":"wp","href":"https:\/\/api.w.org\/{rel}","templated":true}]}}