{"id":13681,"date":"2023-10-14T18:52:31","date_gmt":"2023-10-14T09:52:31","guid":{"rendered":"https:\/\/sfashionaccessories.com\/?post_type=product&#038;p=13681"},"modified":"2026-03-15T18:30:56","modified_gmt":"2026-03-15T09:30:56","slug":"colonia-petit-attitude-libellule-50ml-avon","status":"publish","type":"product","link":"https:\/\/sfashionaccessories.com\/?product=colonia-petit-attitude-libellule-50ml-avon","title":{"rendered":"Col\u00f4nia Petit Attitude Libellule 50ml &#8211; Avon"},"content":{"rendered":"<div class=\"MuiBox-root natds133 natds44 natds132\">\n<div id=\"sticky-container\">\n<div class=\"MuiBox-root natds198 natds44 natds197\">\n<div class=\"MuiContainer-root MuiContainer-maxWidthLg\">\n<div class=\"MuiGrid-root MuiGrid-item MuiGrid-grid-md-6\">\n<div class=\"MuiBox-root natds200 natds44 natds199 natds129\">\n<div class=\"MuiBox-root natds202 natds44 natds201\">\n<p class=\"MuiTypography-root MuiTypography-body1 MuiTypography-colorTextPrimary MuiTypography-alignLeft\">Petit Libellule \u00e9 uma fragr\u00e2ncia floral adocicada, feita para meninas delicadas e determinadas, que espalham alegria pelo mundo. Uma combina\u00e7\u00e3o da sucul\u00eancia da Framboesa Fresh Delight, com o Caramelo Amanteigado e a singularidade do aroma do Algod\u00e3o-Doce. Com Petit, os sonhos de menina vivem para sempre.<\/p>\n<div class=\"sc-fqkvVR heuZyN sc-dnvZjJ dtJjfe\" data-testid=\"product-detail-description\">\n<div class=\"sc-fqkvVR hlqElk sc-jcdlHQ cxsdMT\" data-testid=\"rich-content-container\">\n<p>Fam\u00edlia Olfativa: Floral Adocicado<\/p>\n<p>Pir\u00e2mide Olfativa:<\/p>\n<p>Topo: Tangerina, Cedrat e Framboesa Fresca Delight.<\/p>\n<p>Meio: Magn\u00f3lia, Caramelo, Flores Aquosas.<\/p>\n<p>Fundo: Musks, Malthol, Aroma de Algod\u00e3o Doce.<\/p>\n<p>Concentra\u00e7\u00e3o: Leve<\/p>\n<\/div>\n<\/div>\n<\/div>\n<\/div>\n<\/div>\n<\/div>\n<\/div>\n<\/div>\n<\/div>\n","protected":false},"excerpt":{"rendered":"<p>Petit Libellule \u00e9 uma fragr\u00e2ncia floral adocicada, feita para meninas delicadas e determinadas, que espalham alegria pelo mundo. Uma combina\u00e7\u00e3o da sucul\u00eancia da Framboesa Fresh Delight, com o Caramelo Amanteigado e a singularidade do aroma do Algod\u00e3o-Doce. Com Petit, os sonhos de menina vivem para sempre. Fam\u00edlia Olfativa: Floral Adocicado Pir\u00e2mide Olfativa: Topo: Tangerina, Cedrat [&hellip;]<\/p>\n","protected":false},"featured_media":13682,"comment_status":"open","ping_status":"closed","template":"","meta":{"_kadence_starter_templates_imported_post":false},"product_brand":[],"product_cat":[548,206,606],"product_tag":[549,272,233],"class_list":{"0":"post-13681","1":"product","2":"type-product","3":"status-publish","4":"has-post-thumbnail","6":"product_cat-avon","7":"product_cat-cosmeticos-cremes-hidradantesperfumes","8":"product_cat-perfumes-avon","9":"product_tag-avon","10":"product_tag-cosmeticos","11":"product_tag-perfume","13":"first","14":"instock","15":"shipping-taxable","16":"purchasable","17":"product-type-simple"},"_links":{"self":[{"href":"https:\/\/sfashionaccessories.com\/index.php?rest_route=\/wp\/v2\/product\/13681","targetHints":{"allow":["GET"]}}],"collection":[{"href":"https:\/\/sfashionaccessories.com\/index.php?rest_route=\/wp\/v2\/product"}],"about":[{"href":"https:\/\/sfashionaccessories.com\/index.php?rest_route=\/wp\/v2\/types\/product"}],"replies":[{"embeddable":true,"href":"https:\/\/sfashionaccessories.com\/index.php?rest_route=%2Fwp%2Fv2%2Fcomments&post=13681"}],"wp:featuredmedia":[{"embeddable":true,"href":"https:\/\/sfashionaccessories.com\/index.php?rest_route=\/wp\/v2\/media\/13682"}],"wp:attachment":[{"href":"https:\/\/sfashionaccessories.com\/index.php?rest_route=%2Fwp%2Fv2%2Fmedia&parent=13681"}],"wp:term":[{"taxonomy":"product_brand","embeddable":true,"href":"https:\/\/sfashionaccessories.com\/index.php?rest_route=%2Fwp%2Fv2%2Fproduct_brand&post=13681"},{"taxonomy":"product_cat","embeddable":true,"href":"https:\/\/sfashionaccessories.com\/index.php?rest_route=%2Fwp%2Fv2%2Fproduct_cat&post=13681"},{"taxonomy":"product_tag","embeddable":true,"href":"https:\/\/sfashionaccessories.com\/index.php?rest_route=%2Fwp%2Fv2%2Fproduct_tag&post=13681"}],"curies":[{"name":"wp","href":"https:\/\/api.w.org\/{rel}","templated":true}]}}