{"id":13694,"date":"2023-10-15T13:53:37","date_gmt":"2023-10-15T04:53:37","guid":{"rendered":"https:\/\/sfashionaccessories.com\/?post_type=product&#038;p=13694"},"modified":"2026-03-28T16:28:34","modified_gmt":"2026-03-28T07:28:34","slug":"shampoo-ultra-liso-advance-techniques","status":"publish","type":"product","link":"https:\/\/sfashionaccessories.com\/?product=shampoo-ultra-liso-advance-techniques","title":{"rendered":"Shampoo Ultra Liso Advance Techniques \/ AVON"},"content":{"rendered":"<div class=\"MuiBox-root natds981 natds44 natds980\">\n<h1 class=\"MuiTypography-root natds979 MuiTypography-h1 MuiTypography-colorTextPrimary MuiTypography-alignLeft\">AVON SHAMPOO LISO 300ML<\/h1>\n<\/div>\n<p class=\"MuiTypography-root MuiTypography-body1 MuiTypography-colorTextPrimary MuiTypography-alignLeft\">Inspirada na camada \u00e0 prova d&#8217;\u00e1gua da folha de l\u00f3tus, a\u00a0<strong>linha Ultra Liso de Advance Techniques<\/strong>\u00a0apresenta a Tecnologia Lotus Shield, respons\u00e1vel por formar um escudo resistente \u00e0 \u00e1gua que protege os fios e garante um efeito liso por mais tempo, bloqueando o frizz at\u00e9 a pr\u00f3xima lavagem.<\/p>\n<p>O Shampoo Advance Techniques Ultra Liso limpa suavemente, deixando os cabelos hidratados para um efeito liso duradouro.<\/p>\n<p>F\u00f3rmula sem parabenos.<\/p>\n<p>Indicado para mulheres e homens, acima de 12 anos de idade e para todos os tipos de cabelos.<\/p>\n","protected":false},"excerpt":{"rendered":"<p>AVON SHAMPOO LISO 300ML Inspirada na camada \u00e0 prova d&#8217;\u00e1gua da folha de l\u00f3tus, a\u00a0linha Ultra Liso de Advance Techniques\u00a0apresenta a Tecnologia Lotus Shield, respons\u00e1vel por formar um escudo resistente \u00e0 \u00e1gua que protege os fios e garante um efeito liso por mais tempo, bloqueando o frizz at\u00e9 a pr\u00f3xima lavagem. O Shampoo Advance Techniques [&hellip;]<\/p>\n","protected":false},"featured_media":13700,"comment_status":"open","ping_status":"closed","template":"","meta":{"_kadence_starter_templates_imported_post":false},"product_brand":[],"product_cat":[548,206,281,608],"product_tag":[549,272,126],"class_list":{"0":"post-13694","1":"product","2":"type-product","3":"status-publish","4":"has-post-thumbnail","6":"product_cat-avon","7":"product_cat-cosmeticos-cremes-hidradantesperfumes","8":"product_cat-shampoo","9":"product_cat-shampoo-e-condicionador-avon","10":"product_tag-avon","11":"product_tag-cosmeticos","12":"product_tag-shampoo","14":"first","15":"instock","16":"shipping-taxable","17":"purchasable","18":"product-type-simple"},"_links":{"self":[{"href":"https:\/\/sfashionaccessories.com\/index.php?rest_route=\/wp\/v2\/product\/13694","targetHints":{"allow":["GET"]}}],"collection":[{"href":"https:\/\/sfashionaccessories.com\/index.php?rest_route=\/wp\/v2\/product"}],"about":[{"href":"https:\/\/sfashionaccessories.com\/index.php?rest_route=\/wp\/v2\/types\/product"}],"replies":[{"embeddable":true,"href":"https:\/\/sfashionaccessories.com\/index.php?rest_route=%2Fwp%2Fv2%2Fcomments&post=13694"}],"wp:featuredmedia":[{"embeddable":true,"href":"https:\/\/sfashionaccessories.com\/index.php?rest_route=\/wp\/v2\/media\/13700"}],"wp:attachment":[{"href":"https:\/\/sfashionaccessories.com\/index.php?rest_route=%2Fwp%2Fv2%2Fmedia&parent=13694"}],"wp:term":[{"taxonomy":"product_brand","embeddable":true,"href":"https:\/\/sfashionaccessories.com\/index.php?rest_route=%2Fwp%2Fv2%2Fproduct_brand&post=13694"},{"taxonomy":"product_cat","embeddable":true,"href":"https:\/\/sfashionaccessories.com\/index.php?rest_route=%2Fwp%2Fv2%2Fproduct_cat&post=13694"},{"taxonomy":"product_tag","embeddable":true,"href":"https:\/\/sfashionaccessories.com\/index.php?rest_route=%2Fwp%2Fv2%2Fproduct_tag&post=13694"}],"curies":[{"name":"wp","href":"https:\/\/api.w.org\/{rel}","templated":true}]}}