{"id":13697,"date":"2023-10-15T13:51:29","date_gmt":"2023-10-15T04:51:29","guid":{"rendered":"https:\/\/sfashionaccessories.com\/?post_type=product&#038;p=13697"},"modified":"2026-03-28T16:29:51","modified_gmt":"2026-03-28T07:29:51","slug":"condicionador-advance-techniques-ultra-liso","status":"publish","type":"product","link":"https:\/\/sfashionaccessories.com\/?product=condicionador-advance-techniques-ultra-liso","title":{"rendered":"Condicionador Advance Techniques Ultra Liso\/ AVON"},"content":{"rendered":"<div class=\"MuiBox-root natds5837 natds44 natds5836\">\n<h1 class=\"MuiTypography-root natds5835 MuiTypography-h1 MuiTypography-colorTextPrimary MuiTypography-alignLeft\">ADV TECH LISO COND 250ML<\/h1>\n<\/div>\n<p class=\"MuiTypography-root MuiTypography-body1 MuiTypography-colorTextPrimary MuiTypography-alignLeft\">Com o uso da linha completa, enriquecida com a Tecnologia Lotus Shield, garanta os melhores resultados: Combate o frizz mesmo em condi\u00e7\u00f5es de umidade extrema. Tecnologia Lotus Shield: forma um escudo resistente \u00e0 \u00e1gua que protege os fios e garante um efeito liso por mais tempo, bloqueando o frizz at\u00e9 a pr\u00f3xima lavagem. F\u00f3rmula sem parabenos.<\/p>\n","protected":false},"excerpt":{"rendered":"<p>ADV TECH LISO COND 250ML Com o uso da linha completa, enriquecida com a Tecnologia Lotus Shield, garanta os melhores resultados: Combate o frizz mesmo em condi\u00e7\u00f5es de umidade extrema. Tecnologia Lotus Shield: forma um escudo resistente \u00e0 \u00e1gua que protege os fios e garante um efeito liso por mais tempo, bloqueando o frizz at\u00e9 [&hellip;]<\/p>\n","protected":false},"featured_media":13701,"comment_status":"open","ping_status":"closed","template":"","meta":{"_kadence_starter_templates_imported_post":false},"product_brand":[],"product_cat":[548,206,608],"product_tag":[549,345,272],"class_list":{"0":"post-13697","1":"product","2":"type-product","3":"status-publish","4":"has-post-thumbnail","6":"product_cat-avon","7":"product_cat-cosmeticos-cremes-hidradantesperfumes","8":"product_cat-shampoo-e-condicionador-avon","9":"product_tag-avon","10":"product_tag-condicionador","11":"product_tag-cosmeticos","13":"first","14":"instock","15":"shipping-taxable","16":"purchasable","17":"product-type-simple"},"_links":{"self":[{"href":"https:\/\/sfashionaccessories.com\/index.php?rest_route=\/wp\/v2\/product\/13697","targetHints":{"allow":["GET"]}}],"collection":[{"href":"https:\/\/sfashionaccessories.com\/index.php?rest_route=\/wp\/v2\/product"}],"about":[{"href":"https:\/\/sfashionaccessories.com\/index.php?rest_route=\/wp\/v2\/types\/product"}],"replies":[{"embeddable":true,"href":"https:\/\/sfashionaccessories.com\/index.php?rest_route=%2Fwp%2Fv2%2Fcomments&post=13697"}],"wp:featuredmedia":[{"embeddable":true,"href":"https:\/\/sfashionaccessories.com\/index.php?rest_route=\/wp\/v2\/media\/13701"}],"wp:attachment":[{"href":"https:\/\/sfashionaccessories.com\/index.php?rest_route=%2Fwp%2Fv2%2Fmedia&parent=13697"}],"wp:term":[{"taxonomy":"product_brand","embeddable":true,"href":"https:\/\/sfashionaccessories.com\/index.php?rest_route=%2Fwp%2Fv2%2Fproduct_brand&post=13697"},{"taxonomy":"product_cat","embeddable":true,"href":"https:\/\/sfashionaccessories.com\/index.php?rest_route=%2Fwp%2Fv2%2Fproduct_cat&post=13697"},{"taxonomy":"product_tag","embeddable":true,"href":"https:\/\/sfashionaccessories.com\/index.php?rest_route=%2Fwp%2Fv2%2Fproduct_tag&post=13697"}],"curies":[{"name":"wp","href":"https:\/\/api.w.org\/{rel}","templated":true}]}}