{"id":13709,"date":"2025-07-01T14:28:41","date_gmt":"2025-07-01T05:28:41","guid":{"rendered":"https:\/\/sfashionaccessories.com\/?post_type=product&#038;p=13709"},"modified":"2026-02-14T14:21:55","modified_gmt":"2026-02-14T05:21:55","slug":"creme-hidratante-natura-todo-dia-algodao-400ml","status":"publish","type":"product","link":"https:\/\/sfashionaccessories.com\/?product=creme-hidratante-natura-todo-dia-algodao-400ml","title":{"rendered":"Creme Hidratante Natura Todo Dia Algod\u00e3o 400ml"},"content":{"rendered":"<div class=\"sc-fqkvVR clbOvz sc-kWhykh eJMnGG\" data-testid=\"product-detail\">Sinta seu corpo com o Creme Desodorante Nutritivo Tododia Algod\u00e3o. Uma combina\u00e7\u00e3o balanceada de ingredientes naturals com nutri\u00e7\u00e3o prebiotica, que se adapta ao que sua pele precisa a cada dia. Por isso, esse creme \u00e9 indicado para todos os tipos de pele.<\/div>\n<div class=\"sc-fqkvVR clbOvz sc-kWhykh eJMnGG\" data-testid=\"product-detail\">Beneficios:<\/div>\n<div class=\"sc-fqkvVR clbOvz sc-kWhykh eJMnGG\" data-testid=\"product-detail\">-Pele mais firme e ultramacia todos os dias.<\/div>\n<div class=\"sc-fqkvVR clbOvz sc-kWhykh eJMnGG\" data-testid=\"product-detail\">&#8211; F\u00f3rmula com nutri\u00e7\u00e3o prebiotica, que se adapta \u00e0 sua pele.<\/div>\n<div class=\"sc-fqkvVR clbOvz sc-kWhykh eJMnGG\" data-testid=\"product-detail\">* Textura cremosa: f\u00e1cil de espalhar e absorve rapidinho.<\/div>\n<div class=\"sc-fqkvVR clbOvz sc-kWhykh eJMnGG\" data-testid=\"product-detail\">* Nutri\u00e7\u00e3o profunda: pele saud\u00e1vel em todas as camadas<\/div>\n<div class=\"sc-fqkvVR hlqElk\" data-testid=\"lazyload-container\"><\/div>\n","protected":false},"excerpt":{"rendered":"<p>Sinta seu corpo com o Creme Desodorante Nutritivo Tododia Algod\u00e3o. Uma combina\u00e7\u00e3o balanceada de ingredientes naturals com nutri\u00e7\u00e3o prebiotica, que se adapta ao que sua pele precisa a cada dia. Por isso, esse creme \u00e9 indicado para todos os tipos de pele. Beneficios: -Pele mais firme e ultramacia todos os dias. &#8211; F\u00f3rmula com nutri\u00e7\u00e3o [&hellip;]<\/p>\n","protected":false},"featured_media":22426,"comment_status":"open","ping_status":"closed","template":"","meta":{"_kadence_starter_templates_imported_post":false},"product_brand":[],"product_cat":[206,214,203],"product_tag":[272,195,234],"class_list":{"0":"post-13709","1":"product","2":"type-product","3":"status-publish","4":"has-post-thumbnail","6":"product_cat-cosmeticos-cremes-hidradantesperfumes","7":"product_cat-hidratantes-cremes-corporal","8":"product_cat-natura-creme-oleo-sabonete-perfume","9":"product_tag-cosmeticos","10":"product_tag-creme-hidratante","11":"product_tag-natura","13":"first","14":"instock","15":"sale","16":"shipping-taxable","17":"purchasable","18":"product-type-simple"},"_links":{"self":[{"href":"https:\/\/sfashionaccessories.com\/index.php?rest_route=\/wp\/v2\/product\/13709","targetHints":{"allow":["GET"]}}],"collection":[{"href":"https:\/\/sfashionaccessories.com\/index.php?rest_route=\/wp\/v2\/product"}],"about":[{"href":"https:\/\/sfashionaccessories.com\/index.php?rest_route=\/wp\/v2\/types\/product"}],"replies":[{"embeddable":true,"href":"https:\/\/sfashionaccessories.com\/index.php?rest_route=%2Fwp%2Fv2%2Fcomments&post=13709"}],"wp:featuredmedia":[{"embeddable":true,"href":"https:\/\/sfashionaccessories.com\/index.php?rest_route=\/wp\/v2\/media\/22426"}],"wp:attachment":[{"href":"https:\/\/sfashionaccessories.com\/index.php?rest_route=%2Fwp%2Fv2%2Fmedia&parent=13709"}],"wp:term":[{"taxonomy":"product_brand","embeddable":true,"href":"https:\/\/sfashionaccessories.com\/index.php?rest_route=%2Fwp%2Fv2%2Fproduct_brand&post=13709"},{"taxonomy":"product_cat","embeddable":true,"href":"https:\/\/sfashionaccessories.com\/index.php?rest_route=%2Fwp%2Fv2%2Fproduct_cat&post=13709"},{"taxonomy":"product_tag","embeddable":true,"href":"https:\/\/sfashionaccessories.com\/index.php?rest_route=%2Fwp%2Fv2%2Fproduct_tag&post=13709"}],"curies":[{"name":"wp","href":"https:\/\/api.w.org\/{rel}","templated":true}]}}