{"id":13735,"date":"2023-10-15T15:45:24","date_gmt":"2023-10-15T06:45:24","guid":{"rendered":"https:\/\/sfashionaccessories.com\/?post_type=product&#038;p=13735"},"modified":"2026-04-10T20:37:53","modified_gmt":"2026-04-10T11:37:53","slug":"batom-liquido-matte-glitter-effect-avon-power-stay","status":"publish","type":"product","link":"https:\/\/sfashionaccessories.com\/?product=batom-liquido-matte-glitter-effect-avon-power-stay","title":{"rendered":"Batom L\u00edquido Matte Glitter Effect Avon Power Stay"},"content":{"rendered":"<div class=\"MuiBox-root natds4394 natds44 natds4393\"><\/div>\n<p class=\"MuiTypography-root MuiTypography-body1 MuiTypography-colorTextPrimary MuiTypography-alignLeft\">A mudan\u00e7a ficou real, aquele efeito brilho multidimensional incr\u00edvel que faltava no seu batom preferido para completar a linha\u00a0<strong>Power Stay<\/strong>, que garante alta performance e longa dura\u00e7\u00e3o sem abrir m\u00e3o do conforto!<\/p>\n<p>Edi\u00e7\u00e3o Limitada do\u00a0<strong>Batom L\u00edquido com novo efeito glitter:<\/strong>\u00a0textura cremosa e acabamento Matte com brilho com 16 horas de dura\u00e7\u00e3o sem necessidade de reaplica\u00e7\u00e3o!<\/p>\n<p>4 cores para voc\u00ea criar looks incr\u00edveis, com tons metalicamente foscos transformadores, o batom l\u00edquido desliza sobre os l\u00e1bios e uma vez friccionado, se transforma em um brilho multidimensional!<\/p>\n<p>Indicado para todos os tipos de pele!<\/p>\n","protected":false},"excerpt":{"rendered":"<p>A mudan\u00e7a ficou real, aquele efeito brilho multidimensional incr\u00edvel que faltava no seu batom preferido para completar a linha\u00a0Power Stay, que garante alta performance e longa dura\u00e7\u00e3o sem abrir m\u00e3o do conforto! Edi\u00e7\u00e3o Limitada do\u00a0Batom L\u00edquido com novo efeito glitter:\u00a0textura cremosa e acabamento Matte com brilho com 16 horas de dura\u00e7\u00e3o sem necessidade de reaplica\u00e7\u00e3o! [&hellip;]<\/p>\n","protected":false},"featured_media":13744,"comment_status":"open","ping_status":"closed","template":"","meta":{"_kadence_starter_templates_imported_post":false},"product_brand":[],"product_cat":[548,609,206],"product_tag":[549,611,610,272],"class_list":{"0":"post-13735","1":"product","2":"type-product","3":"status-publish","4":"has-post-thumbnail","6":"product_cat-avon","7":"product_cat-batom","8":"product_cat-cosmeticos-cremes-hidradantesperfumes","9":"product_tag-avon","10":"product_tag-batom","11":"product_tag-batom-liquido","12":"product_tag-cosmeticos","14":"first","15":"instock","16":"shipping-taxable","17":"purchasable","18":"product-type-variable"},"_links":{"self":[{"href":"https:\/\/sfashionaccessories.com\/index.php?rest_route=\/wp\/v2\/product\/13735","targetHints":{"allow":["GET"]}}],"collection":[{"href":"https:\/\/sfashionaccessories.com\/index.php?rest_route=\/wp\/v2\/product"}],"about":[{"href":"https:\/\/sfashionaccessories.com\/index.php?rest_route=\/wp\/v2\/types\/product"}],"replies":[{"embeddable":true,"href":"https:\/\/sfashionaccessories.com\/index.php?rest_route=%2Fwp%2Fv2%2Fcomments&post=13735"}],"wp:featuredmedia":[{"embeddable":true,"href":"https:\/\/sfashionaccessories.com\/index.php?rest_route=\/wp\/v2\/media\/13744"}],"wp:attachment":[{"href":"https:\/\/sfashionaccessories.com\/index.php?rest_route=%2Fwp%2Fv2%2Fmedia&parent=13735"}],"wp:term":[{"taxonomy":"product_brand","embeddable":true,"href":"https:\/\/sfashionaccessories.com\/index.php?rest_route=%2Fwp%2Fv2%2Fproduct_brand&post=13735"},{"taxonomy":"product_cat","embeddable":true,"href":"https:\/\/sfashionaccessories.com\/index.php?rest_route=%2Fwp%2Fv2%2Fproduct_cat&post=13735"},{"taxonomy":"product_tag","embeddable":true,"href":"https:\/\/sfashionaccessories.com\/index.php?rest_route=%2Fwp%2Fv2%2Fproduct_tag&post=13735"}],"curies":[{"name":"wp","href":"https:\/\/api.w.org\/{rel}","templated":true}]}}