{"id":13911,"date":"2023-10-20T19:10:16","date_gmt":"2023-10-20T10:10:16","guid":{"rendered":"https:\/\/sfashionaccessories.com\/?post_type=product&#038;p=13911"},"modified":"2025-10-04T11:07:35","modified_gmt":"2025-10-04T02:07:35","slug":"jaqueta-bomber-couro-sintetico-verde-militar","status":"publish","type":"product","link":"https:\/\/sfashionaccessories.com\/?product=jaqueta-bomber-couro-sintetico-verde-militar","title":{"rendered":"JAQUETA BOMBER * COURO SINT\u00c9TICO* VERDE MILITAR"},"content":{"rendered":"<p>Modelo: jaqueta estilo bomber de courino com ziper<\/p>\n<p>Tecido:\u00a0 courino<\/p>\n<p>Cor: verde militar<\/p>\n<p>Composi\u00e7\u00e3o: 60% poli\u00e9ster 40% poliuretano<\/p>\n","protected":false},"excerpt":{"rendered":"<p>Modelo: jaqueta estilo bomber de courino com ziper Tecido:\u00a0 courino Cor: verde militar Composi\u00e7\u00e3o: 60% poli\u00e9ster 40% poliuretano<\/p>\n","protected":false},"featured_media":13917,"comment_status":"open","ping_status":"closed","template":"","meta":{"_kadence_starter_templates_imported_post":false},"product_brand":[],"product_cat":[293,212,666],"product_tag":[395,428,667],"class_list":{"0":"post-13911","1":"product","2":"type-product","3":"status-publish","4":"has-post-thumbnail","6":"product_cat-feminino","7":"product_cat-jaquetas-casacos-blusas","8":"product_cat-miss-moda","9":"product_tag-feminino","10":"product_tag-jaqueta","11":"product_tag-miss-moda","13":"first","14":"instock","15":"shipping-taxable","16":"purchasable","17":"product-type-variable"},"_links":{"self":[{"href":"https:\/\/sfashionaccessories.com\/index.php?rest_route=\/wp\/v2\/product\/13911","targetHints":{"allow":["GET"]}}],"collection":[{"href":"https:\/\/sfashionaccessories.com\/index.php?rest_route=\/wp\/v2\/product"}],"about":[{"href":"https:\/\/sfashionaccessories.com\/index.php?rest_route=\/wp\/v2\/types\/product"}],"replies":[{"embeddable":true,"href":"https:\/\/sfashionaccessories.com\/index.php?rest_route=%2Fwp%2Fv2%2Fcomments&post=13911"}],"wp:featuredmedia":[{"embeddable":true,"href":"https:\/\/sfashionaccessories.com\/index.php?rest_route=\/wp\/v2\/media\/13917"}],"wp:attachment":[{"href":"https:\/\/sfashionaccessories.com\/index.php?rest_route=%2Fwp%2Fv2%2Fmedia&parent=13911"}],"wp:term":[{"taxonomy":"product_brand","embeddable":true,"href":"https:\/\/sfashionaccessories.com\/index.php?rest_route=%2Fwp%2Fv2%2Fproduct_brand&post=13911"},{"taxonomy":"product_cat","embeddable":true,"href":"https:\/\/sfashionaccessories.com\/index.php?rest_route=%2Fwp%2Fv2%2Fproduct_cat&post=13911"},{"taxonomy":"product_tag","embeddable":true,"href":"https:\/\/sfashionaccessories.com\/index.php?rest_route=%2Fwp%2Fv2%2Fproduct_tag&post=13911"}],"curies":[{"name":"wp","href":"https:\/\/api.w.org\/{rel}","templated":true}]}}