{"id":13968,"date":"2026-02-12T18:28:40","date_gmt":"2026-02-12T09:28:40","guid":{"rendered":"https:\/\/sfashionaccessories.com\/?post_type=product&#038;p=13968"},"modified":"2026-02-12T17:02:29","modified_gmt":"2026-02-12T08:02:29","slug":"bota-feminina-bico-fino-salto-agulha-vizzano","status":"publish","type":"product","link":"https:\/\/sfashionaccessories.com\/?product=bota-feminina-bico-fino-salto-agulha-vizzano","title":{"rendered":"Bota Feminina Bico Fino Salto Agulha Vizzano"},"content":{"rendered":"<p>Bota feminina Vizzano confeccionada em material sint\u00e9tico que imita pele de crocodilo, um cal\u00e7ado cheio de estilo para montar looks elegantes na temporada mais charmosa do ano!<br \/>\nEsse modelo possui salto agulha dourado de 9,5 cm de altura aproximadamente (pode variar conforme a numera\u00e7\u00e3o do cal\u00e7ado). Cont\u00e9m tamb\u00e9m bico fino, palmilha fixa, forro t\u00eaxtil, fechamento atrav\u00e9s de z\u00edper na lateral interna e detalhe decorativo em dourado que deixa o cal\u00e7ado ainda mais lindo.<\/p>\n","protected":false},"excerpt":{"rendered":"<p>Bota feminina Vizzano confeccionada em material sint\u00e9tico que imita pele de crocodilo, um cal\u00e7ado cheio de estilo para montar looks elegantes na temporada mais charmosa do ano! Esse modelo possui salto agulha dourado de 9,5 cm de altura aproximadamente (pode variar conforme a numera\u00e7\u00e3o do cal\u00e7ado). Cont\u00e9m tamb\u00e9m bico fino, palmilha fixa, forro t\u00eaxtil, fechamento [&hellip;]<\/p>\n","protected":false},"featured_media":19032,"comment_status":"open","ping_status":"closed","template":"","meta":{"_kadence_starter_templates_imported_post":false},"product_brand":[],"product_cat":[46,293,254,536],"product_tag":[311,395,434],"class_list":{"0":"post-13968","1":"product","2":"type-product","3":"status-publish","4":"has-post-thumbnail","6":"product_cat-calcados","7":"product_cat-feminino","8":"product_cat-promocoes-descontos","9":"product_cat-vizzano","10":"product_tag-calcados","11":"product_tag-feminino","12":"product_tag-vizzano","14":"first","15":"instock","16":"sale","17":"shipping-taxable","18":"purchasable","19":"product-type-variable"},"_links":{"self":[{"href":"https:\/\/sfashionaccessories.com\/index.php?rest_route=\/wp\/v2\/product\/13968","targetHints":{"allow":["GET"]}}],"collection":[{"href":"https:\/\/sfashionaccessories.com\/index.php?rest_route=\/wp\/v2\/product"}],"about":[{"href":"https:\/\/sfashionaccessories.com\/index.php?rest_route=\/wp\/v2\/types\/product"}],"replies":[{"embeddable":true,"href":"https:\/\/sfashionaccessories.com\/index.php?rest_route=%2Fwp%2Fv2%2Fcomments&post=13968"}],"wp:featuredmedia":[{"embeddable":true,"href":"https:\/\/sfashionaccessories.com\/index.php?rest_route=\/wp\/v2\/media\/19032"}],"wp:attachment":[{"href":"https:\/\/sfashionaccessories.com\/index.php?rest_route=%2Fwp%2Fv2%2Fmedia&parent=13968"}],"wp:term":[{"taxonomy":"product_brand","embeddable":true,"href":"https:\/\/sfashionaccessories.com\/index.php?rest_route=%2Fwp%2Fv2%2Fproduct_brand&post=13968"},{"taxonomy":"product_cat","embeddable":true,"href":"https:\/\/sfashionaccessories.com\/index.php?rest_route=%2Fwp%2Fv2%2Fproduct_cat&post=13968"},{"taxonomy":"product_tag","embeddable":true,"href":"https:\/\/sfashionaccessories.com\/index.php?rest_route=%2Fwp%2Fv2%2Fproduct_tag&post=13968"}],"curies":[{"name":"wp","href":"https:\/\/api.w.org\/{rel}","templated":true}]}}